{"id":2645,"date":"2024-01-28T18:00:36","date_gmt":"2024-01-28T17:00:36","guid":{"rendered":"https:\/\/sdc-executives.com\/?page_id=2645"},"modified":"2024-03-27T02:12:26","modified_gmt":"2024-03-27T01:12:26","slug":"peter-rohmer","status":"publish","type":"page","link":"https:\/\/sdc-executives.com\/en\/experten\/peter-rohmer\/","title":{"rendered":"Peter Rohmer"},"content":{"rendered":"<div data-elementor-type=\"wp-page\" data-elementor-id=\"2645\" class=\"elementor elementor-2645\">\n\t\t\t\t<div class=\"elementor-element elementor-element-64ef9dbf e-flex e-con-boxed wpr-particle-no wpr-jarallax-no wpr-parallax-no wpr-sticky-section-no e-con e-parent\" data-id=\"64ef9dbf\" data-element_type=\"container\">\n\t\t\t\t\t<div class=\"e-con-inner\">\n\t\t<div class=\"elementor-element elementor-element-567a689e e-con-full e-flex wpr-particle-no wpr-jarallax-no wpr-parallax-no wpr-sticky-section-no e-con e-child\" data-id=\"567a689e\" data-element_type=\"container\">\n\t\t\t\t<div class=\"elementor-element elementor-element-4fd5049f elementor-widget elementor-widget-image\" data-id=\"4fd5049f\" data-element_type=\"widget\" data-widget_type=\"image.default\">\n\t\t\t\t<div class=\"elementor-widget-container\">\n\t\t\t\t\t\t\t\t\t\t\t\t\t\t\t<img fetchpriority=\"high\" decoding=\"async\" width=\"768\" height=\"1024\" src=\"https:\/\/sdc-executives.com\/wp-content\/uploads\/2024\/02\/Peter-rhomer-768x1024.jpg\" class=\"attachment-large size-large wp-image-2801\" alt=\"\" srcset=\"https:\/\/sdc-executives.com\/wp-content\/uploads\/2024\/02\/Peter-rhomer-768x1024.jpg 768w, https:\/\/sdc-executives.com\/wp-content\/uploads\/2024\/02\/Peter-rhomer-225x300.jpg 225w, https:\/\/sdc-executives.com\/wp-content\/uploads\/2024\/02\/Peter-rhomer-1152x1536.jpg 1152w, https:\/\/sdc-executives.com\/wp-content\/uploads\/2024\/02\/Peter-rhomer.jpg 1200w\" sizes=\"(max-width: 768px) 100vw, 768px\" \/>\t\t\t\t\t\t\t\t\t\t\t\t\t\t\t<\/div>\n\t\t\t\t<\/div>\n\t\t\t\t<div class=\"elementor-element elementor-element-26dc3571 elementor-widget elementor-widget-text-editor\" data-id=\"26dc3571\" data-element_type=\"widget\" data-widget_type=\"text-editor.default\">\n\t\t\t\t<div class=\"elementor-widget-container\">\n\t\t\t\t\t\t\t\t\t<p>Peter Rohmer<\/p>\t\t\t\t\t\t\t\t<\/div>\n\t\t\t\t<\/div>\n\t\t\t\t<div class=\"elementor-element elementor-element-674697b3 elementor-widget elementor-widget-text-editor\" data-id=\"674697b3\" data-element_type=\"widget\" data-widget_type=\"text-editor.default\">\n\t\t\t\t<div class=\"elementor-widget-container\">\n\t\t\t\t\t\t\t\t\t<p>Associate Partner<\/p>\t\t\t\t\t\t\t\t<\/div>\n\t\t\t\t<\/div>\n\t\t\t\t<div class=\"elementor-element elementor-element-6d0069e5 elementor-align-center elementor-icon-list--layout-traditional elementor-list-item-link-full_width elementor-widget elementor-widget-icon-list\" data-id=\"6d0069e5\" data-element_type=\"widget\" data-widget_type=\"icon-list.default\">\n\t\t\t\t<div class=\"elementor-widget-container\">\n\t\t\t\t\t\t\t<ul class=\"elementor-icon-list-items\">\n\t\t\t\t\t\t\t<li class=\"elementor-icon-list-item\">\n\t\t\t\t\t\t\t\t\t\t\t<span class=\"elementor-icon-list-icon\">\n\t\t\t\t\t\t\t<svg aria-hidden=\"true\" class=\"e-font-icon-svg e-fas-phone-alt\" viewbox=\"0 0 512 512\" xmlns=\"http:\/\/www.w3.org\/2000\/svg\"><path d=\"M497.39 361.8l-112-48a24 24 0 0 0-28 6.9l-49.6 60.6A370.66 370.66 0 0 1 130.6 204.11l60.6-49.6a23.94 23.94 0 0 0 6.9-28l-48-112A24.16 24.16 0 0 0 122.6.61l-104 24A24 24 0 0 0 0 48c0 256.5 207.9 464 464 464a24 24 0 0 0 23.4-18.6l24-104a24.29 24.29 0 0 0-14.01-27.6z\"><\/path><\/svg>\t\t\t\t\t\t<\/span>\n\t\t\t\t\t\t\t\t\t\t<span class=\"elementor-icon-list-text\">+41-43-883-90-35 \ud83c\udde8\ud83c\udded<\/span>\n\t\t\t\t\t\t\t\t\t<\/li>\n\t\t\t\t\t\t\t\t<li class=\"elementor-icon-list-item\">\n\t\t\t\t\t\t\t\t\t\t\t<span class=\"elementor-icon-list-icon\">\n\t\t\t\t\t\t\t<svg aria-hidden=\"true\" class=\"e-font-icon-svg e-fas-phone-alt\" viewbox=\"0 0 512 512\" xmlns=\"http:\/\/www.w3.org\/2000\/svg\"><path d=\"M497.39 361.8l-112-48a24 24 0 0 0-28 6.9l-49.6 60.6A370.66 370.66 0 0 1 130.6 204.11l60.6-49.6a23.94 23.94 0 0 0 6.9-28l-48-112A24.16 24.16 0 0 0 122.6.61l-104 24A24 24 0 0 0 0 48c0 256.5 207.9 464 464 464a24 24 0 0 0 23.4-18.6l24-104a24.29 24.29 0 0 0-14.01-27.6z\"><\/path><\/svg>\t\t\t\t\t\t<\/span>\n\t\t\t\t\t\t\t\t\t\t<span class=\"elementor-icon-list-text\">+49-711-995-985-36 \ud83c\udde9\ud83c\uddea<\/span>\n\t\t\t\t\t\t\t\t\t<\/li>\n\t\t\t\t\t\t\t\t<li class=\"elementor-icon-list-item\">\n\t\t\t\t\t\t\t\t\t\t\t<a href=\"mailto:PRO@SDC-Executives.com\">\n\n\t\t\t\t\t\t\t\t\t\t\t\t<span class=\"elementor-icon-list-icon\">\n\t\t\t\t\t\t\t<svg aria-hidden=\"true\" class=\"e-font-icon-svg e-far-envelope\" viewbox=\"0 0 512 512\" xmlns=\"http:\/\/www.w3.org\/2000\/svg\"><path d=\"M464 64H48C21.49 64 0 85.49 0 112v288c0 26.51 21.49 48 48 48h416c26.51 0 48-21.49 48-48V112c0-26.51-21.49-48-48-48zm0 48v40.805c-22.422 18.259-58.168 46.651-134.587 106.49-16.841 13.247-50.201 45.072-73.413 44.701-23.208.375-56.579-31.459-73.413-44.701C106.18 199.465 70.425 171.067 48 152.805V112h416zM48 400V214.398c22.914 18.251 55.409 43.862 104.938 82.646 21.857 17.205 60.134 55.186 103.062 54.955 42.717.231 80.509-37.199 103.053-54.947 49.528-38.783 82.032-64.401 104.947-82.653V400H48z\"><\/path><\/svg>\t\t\t\t\t\t<\/span>\n\t\t\t\t\t\t\t\t\t\t<span class=\"elementor-icon-list-text\">PRO@SDC-Executives.com<\/span>\n\t\t\t\t\t\t\t\t\t\t\t<\/a>\n\t\t\t\t\t\t\t\t\t<\/li>\n\t\t\t\t\t\t<\/ul>\n\t\t\t\t\t\t<\/div>\n\t\t\t\t<\/div>\n\t\t\t\t<\/div>\n\t\t<div class=\"elementor-element elementor-element-7bd11f42 e-con-full e-flex wpr-particle-no wpr-jarallax-no wpr-parallax-no wpr-sticky-section-no e-con e-child\" data-id=\"7bd11f42\" data-element_type=\"container\">\n\t\t\t\t<div class=\"elementor-element elementor-element-454c0091 elementor-widget elementor-widget-heading\" data-id=\"454c0091\" data-element_type=\"widget\" data-widget_type=\"heading.default\">\n\t\t\t\t<div class=\"elementor-widget-container\">\n\t\t\t\t\t<h1 class=\"elementor-heading-title elementor-size-default\">Peter Rohmer<\/h1>\t\t\t\t<\/div>\n\t\t\t\t<\/div>\n\t\t\t\t<div class=\"elementor-element elementor-element-7a19b2e4 elementor-widget elementor-widget-text-editor\" data-id=\"7a19b2e4\" data-element_type=\"widget\" data-widget_type=\"text-editor.default\">\n\t\t\t\t<div class=\"elementor-widget-container\">\n\t\t\t\t\t\t\t\t\t<p>Experienced marketing and communications expert with extensive experience in senior positions and cross-industry know-how.<\/p>\t\t\t\t\t\t\t\t<\/div>\n\t\t\t\t<\/div>\n\t\t\t\t<div class=\"elementor-element elementor-element-56060169 elementor-widget elementor-widget-toggle\" data-id=\"56060169\" data-element_type=\"widget\" data-widget_type=\"toggle.default\">\n\t\t\t\t<div class=\"elementor-widget-container\">\n\t\t\t\t\t\t\t<div class=\"elementor-toggle\">\n\t\t\t\t\t\t\t<div class=\"elementor-toggle-item\">\n\t\t\t\t\t<div id=\"elementor-tab-title-1441\" class=\"elementor-tab-title\" data-tab=\"1\" role=\"button\" aria-controls=\"elementor-tab-content-1441\" aria-expanded=\"false\">\n\t\t\t\t\t\t\t\t\t\t\t\t<span class=\"elementor-toggle-icon elementor-toggle-icon-left\" aria-hidden=\"true\">\n\t\t\t\t\t\t\t\t\t\t\t\t\t\t\t<span class=\"elementor-toggle-icon-closed\"><svg class=\"e-font-icon-svg e-fas-caret-right\" viewbox=\"0 0 192 512\" xmlns=\"http:\/\/www.w3.org\/2000\/svg\"><path d=\"M0 384.662V127.338c0-17.818 21.543-26.741 34.142-14.142l128.662 128.662c7.81 7.81 7.81 20.474 0 28.284L34.142 398.804C21.543 411.404 0 402.48 0 384.662z\"><\/path><\/svg><\/span>\n\t\t\t\t\t\t\t\t<span class=\"elementor-toggle-icon-opened\"><svg class=\"elementor-toggle-icon-opened e-font-icon-svg e-fas-caret-up\" viewbox=\"0 0 320 512\" xmlns=\"http:\/\/www.w3.org\/2000\/svg\"><path d=\"M288.662 352H31.338c-17.818 0-26.741-21.543-14.142-34.142l128.662-128.662c7.81-7.81 20.474-7.81 28.284 0l128.662 128.662c12.6 12.599 3.676 34.142-14.142 34.142z\"><\/path><\/svg><\/span>\n\t\t\t\t\t\t\t\t\t\t\t\t\t<\/span>\n\t\t\t\t\t\t\t\t\t\t\t\t<a class=\"elementor-toggle-title\" tabindex=\"0\">Expertise<\/a>\n\t\t\t\t\t<\/div>\n\n\t\t\t\t\t<div id=\"elementor-tab-content-1441\" class=\"elementor-tab-content elementor-clearfix\" data-tab=\"1\" role=\"region\" aria-labelledby=\"elementor-tab-title-1441\"><p><strong>Task<\/strong><\/p><p>Business Development<\/p><p>Consulting<\/p><p>Increase in earnings<\/p><p>Project management<\/p><p>Digitalization<\/p><p><strong>Features <\/strong><\/p><p>Communication<\/p><p>Marketing<\/p><p>Personal<\/p><p>Sales<\/p><p>Organization<\/p><\/div>\n\t\t\t\t<\/div>\n\t\t\t\t\t\t\t<div class=\"elementor-toggle-item\">\n\t\t\t\t\t<div id=\"elementor-tab-title-1442\" class=\"elementor-tab-title\" data-tab=\"2\" role=\"button\" aria-controls=\"elementor-tab-content-1442\" aria-expanded=\"false\">\n\t\t\t\t\t\t\t\t\t\t\t\t<span class=\"elementor-toggle-icon elementor-toggle-icon-left\" aria-hidden=\"true\">\n\t\t\t\t\t\t\t\t\t\t\t\t\t\t\t<span class=\"elementor-toggle-icon-closed\"><svg class=\"e-font-icon-svg e-fas-caret-right\" viewbox=\"0 0 192 512\" xmlns=\"http:\/\/www.w3.org\/2000\/svg\"><path d=\"M0 384.662V127.338c0-17.818 21.543-26.741 34.142-14.142l128.662 128.662c7.81 7.81 7.81 20.474 0 28.284L34.142 398.804C21.543 411.404 0 402.48 0 384.662z\"><\/path><\/svg><\/span>\n\t\t\t\t\t\t\t\t<span class=\"elementor-toggle-icon-opened\"><svg class=\"elementor-toggle-icon-opened e-font-icon-svg e-fas-caret-up\" viewbox=\"0 0 320 512\" xmlns=\"http:\/\/www.w3.org\/2000\/svg\"><path d=\"M288.662 352H31.338c-17.818 0-26.741-21.543-14.142-34.142l128.662-128.662c7.81-7.81 20.474-7.81 28.284 0l128.662 128.662c12.6 12.599 3.676 34.142-14.142 34.142z\"><\/path><\/svg><\/span>\n\t\t\t\t\t\t\t\t\t\t\t\t\t<\/span>\n\t\t\t\t\t\t\t\t\t\t\t\t<a class=\"elementor-toggle-title\" tabindex=\"0\">Industry expertise<\/a>\n\t\t\t\t\t<\/div>\n\n\t\t\t\t\t<div id=\"elementor-tab-content-1442\" class=\"elementor-tab-content elementor-clearfix\" data-tab=\"2\" role=\"region\" aria-labelledby=\"elementor-tab-title-1442\"><p>Automotive, OEM<\/p><p>Banks<\/p><p>Financial Services<\/p><p>Telecommunications<\/p><p>Internet and information technology<\/p><p>Energy<\/p><p>Healthcare<\/p><p>Sports and leisure industry<\/p><\/div>\n\t\t\t\t<\/div>\n\t\t\t\t\t\t\t\t<\/div>\n\t\t\t\t\t\t<\/div>\n\t\t\t\t<\/div>\n\t\t\t\t<\/div>\n\t\t\t\t\t<\/div>\n\t\t\t\t<\/div>\n\t\t<div class=\"elementor-element elementor-element-355d1d57 e-flex e-con-boxed wpr-particle-no wpr-jarallax-no wpr-parallax-no wpr-sticky-section-no e-con e-parent\" data-id=\"355d1d57\" data-element_type=\"container\">\n\t\t\t\t\t<div class=\"e-con-inner\">\n\t\t<div class=\"elementor-element elementor-element-1d9dc75d e-con-full e-flex wpr-particle-no wpr-jarallax-no wpr-parallax-no wpr-sticky-section-no e-con e-child\" data-id=\"1d9dc75d\" data-element_type=\"container\">\n\t\t\t\t<div class=\"elementor-element elementor-element-297eb3db elementor-widget elementor-widget-image\" data-id=\"297eb3db\" data-element_type=\"widget\" data-widget_type=\"image.default\">\n\t\t\t\t<div class=\"elementor-widget-container\">\n\t\t\t\t\t\t\t\t\t\t\t\t\t\t\t<img fetchpriority=\"high\" decoding=\"async\" width=\"768\" height=\"1024\" src=\"https:\/\/sdc-executives.com\/wp-content\/uploads\/2024\/02\/Peter-rhomer-768x1024.jpg\" class=\"attachment-large size-large wp-image-2801\" alt=\"\" srcset=\"https:\/\/sdc-executives.com\/wp-content\/uploads\/2024\/02\/Peter-rhomer-768x1024.jpg 768w, https:\/\/sdc-executives.com\/wp-content\/uploads\/2024\/02\/Peter-rhomer-225x300.jpg 225w, https:\/\/sdc-executives.com\/wp-content\/uploads\/2024\/02\/Peter-rhomer-1152x1536.jpg 1152w, https:\/\/sdc-executives.com\/wp-content\/uploads\/2024\/02\/Peter-rhomer.jpg 1200w\" sizes=\"(max-width: 768px) 100vw, 768px\" \/>\t\t\t\t\t\t\t\t\t\t\t\t\t\t\t<\/div>\n\t\t\t\t<\/div>\n\t\t\t\t<\/div>\n\t\t<div class=\"elementor-element elementor-element-48987f0b e-con-full e-flex wpr-particle-no wpr-jarallax-no wpr-parallax-no wpr-sticky-section-no e-con e-child\" data-id=\"48987f0b\" data-element_type=\"container\">\n\t\t\t\t<div class=\"elementor-element elementor-element-4442f8a2 elementor-widget elementor-widget-text-editor\" data-id=\"4442f8a2\" data-element_type=\"widget\" data-widget_type=\"text-editor.default\">\n\t\t\t\t<div class=\"elementor-widget-container\">\n\t\t\t\t\t\t\t\t\t<p>Strategically align companies and successfully implement projects.<\/p>\t\t\t\t\t\t\t\t<\/div>\n\t\t\t\t<\/div>\n\t\t\t\t<div class=\"elementor-element elementor-element-2f439a1f elementor-widget elementor-widget-heading\" data-id=\"2f439a1f\" data-element_type=\"widget\" data-widget_type=\"heading.default\">\n\t\t\t\t<div class=\"elementor-widget-container\">\n\t\t\t\t\t<h2 class=\"elementor-heading-title elementor-size-default\">Peter Rohmer<\/h2>\t\t\t\t<\/div>\n\t\t\t\t<\/div>\n\t\t\t\t<div class=\"elementor-element elementor-element-7877c267 elementor-widget elementor-widget-button\" data-id=\"7877c267\" data-element_type=\"widget\" data-widget_type=\"button.default\">\n\t\t\t\t<div class=\"elementor-widget-container\">\n\t\t\t\t\t\t\t\t\t<div class=\"elementor-button-wrapper\">\n\t\t\t\t\t<a class=\"elementor-button elementor-button-link elementor-size-sm\" href=\"https:\/\/sdc-executives.com\/en\/experten-anfrage\/\">\n\t\t\t\t\t\t<span class=\"elementor-button-content-wrapper\">\n\t\t\t\t\t\t\t\t\t<span class=\"elementor-button-text\">Request an expert now<\/span>\n\t\t\t\t\t<\/span>\n\t\t\t\t\t<\/a>\n\t\t\t\t<\/div>\n\t\t\t\t\t\t\t\t<\/div>\n\t\t\t\t<\/div>\n\t\t\t\t<\/div>\n\t\t\t\t\t<\/div>\n\t\t\t\t<\/div>\n\t\t<div class=\"elementor-element elementor-element-74e3c378 e-flex e-con-boxed wpr-particle-no wpr-jarallax-no wpr-parallax-no wpr-sticky-section-no e-con e-parent\" data-id=\"74e3c378\" data-element_type=\"container\">\n\t\t\t\t\t<div class=\"e-con-inner\">\n\t\t\t\t<div class=\"elementor-element elementor-element-5f677607 elementor-widget elementor-widget-text-editor\" data-id=\"5f677607\" data-element_type=\"widget\" data-widget_type=\"text-editor.default\">\n\t\t\t\t<div class=\"elementor-widget-container\">\n\t\t\t\t\t\t\t\t\t<p>Peter Rohmer is a highly experienced marketing and communications professional whose 20+ year career in the industry makes him a valuable asset to any organization seeking his services as an interim manager. His ability to achieve business goals through strategic conception and practical implementation in both digital and analog media demonstrates his adaptability and comprehensive understanding of the marketing field.<\/p>\n<p>Rohmer's cross-industry expertise, gained through successful projects for medium-sized companies, large companies and startups, is particularly impressive. His experience in realigning marketing and communications teams, optimizing activities and successfully launching products\/services in both B2C and B2B sectors makes him a versatile and competent marketing leader.&nbsp;<\/p>\n<p>Another important aspect of his expertise is the communicative support of change and restructuring processes as well as the management of crisis situations. These skills are particularly valuable during times of organizational change and challenge.&nbsp;<\/p>\n<p>Rohmer's focus on business development, consulting, increasing profits, project management and digitalization shows that he not only has marketing knowledge, but is also able to contribute to the company's success on a strategic level. His industry experience in areas such as automotive, banking, financial services, telecommunications, IT, healthcare, energy and sports and leisure makes him a versatile expert.&nbsp;<\/p>\n<p>Linguistically proficient in German and English, with a basic knowledge of French, and with international experience in Europe \u2013 particularly Germany, the UK, Austria and Switzerland \u2013 Rohmer is well positioned to work in multinational environments.&nbsp;<\/p>\n<p>His academic education, which includes a business degree, a degree in sports science, an MBA and international further training, provides a solid foundation and complements his extensive professional knowledge and practical skills. Overall, Peter Rohmer is a highly qualified and versatile marketing and communications expert who can support any organization in its development and growth.<\/p>\t\t\t\t\t\t\t\t<\/div>\n\t\t\t\t<\/div>\n\t\t\t\t\t<\/div>\n\t\t\t\t<\/div>\n\t\t\t\t<\/div>","protected":false},"excerpt":{"rendered":"<p>Peter Rohmer Associate Partner +41-43-883-90-35 \ud83c\udde8\ud83c\udded +49-711-995-985-36 \ud83c\udde9\ud83c\uddea PRO@SDC-Executives.com Peter Rohmer Erfahrener Marketing- und Kommunikationsexperte mit umfassender Erfahrung in leitenden Funktionen und branchen\u00fcbergreifendem Know-how. Fachkompetenz Aufgabenstellung Business Development Consulting Ertragssteigerung Projektmanagement Digitalisierung Funktionen Kommunikation Marketing Personal Vertrieb Organisation Branchenkompetenz Automotive, OEM Banken Finanzdienstleistungen Telekommunikation Internet und Informationstechnologie Energie Gesundheitswesen Sport- und Freizeitindustrie Unternehmen strategisch ausrichten und Projekte erfolgreich umsetzen. Peter Rohmer Jetz Experte anfragen Peter Rohmer ist ein \u00e4u\u00dferst erfahrener Marketing- und Kommunikationsexperte, dessen \u00fcber 20-j\u00e4hrige Karriere in der Branche ihn zu einem wertvollen Verm\u00f6genswert f\u00fcr jede Organisation macht, die seine Dienste als Interim Manager in Anspruch nimmt. Seine F\u00e4higkeit, unternehmerische Ziele durch strategische Konzeption und praktische Umsetzung sowohl in digitalen als auch analogen Medien zu erreichen, zeugt von seiner Anpassungsf\u00e4higkeit und seinem umfassenden Verst\u00e4ndnis des Marketingbereichs. Rohmers branchen\u00fcbergreifendes Fachwissen, gewonnen durch erfolgreiche Projekte f\u00fcr Mittelst\u00e4ndler, Gro\u00dfunternehmen und Startups, ist besonders beeindruckend. Seine Erfahrung in der Neuausrichtung von Marketing- und Kommunikationsteams, der Optimierung von Aktivit\u00e4ten und der erfolgreichen Einf\u00fchrung von Produkten\/Dienstleistungen sowohl im B2C- als auch im B2B-Bereich macht ihn zu einem vielseitigen und kompetenten Marketingf\u00fchrer.&nbsp; Ein weiterer wichtiger Aspekt seiner Expertise ist die kommunikative Begleitung von Change- und Restrukturierungsprozessen sowie das Management von Krisensituationen. Diese F\u00e4higkeiten sind besonders wertvoll in Zeiten organisatorischer Ver\u00e4nderungen und Herausforderungen.&nbsp; Rohmers Schwerpunkte in Business Development, Consulting, Ertragssteigerung, Projektmanagement und Digitalisierung zeigen, dass er nicht nur \u00fcber Marketingkenntnisse verf\u00fcgt, sondern auch in der Lage ist, auf strategischer Ebene zum Unternehmenserfolg beizutragen. Seine Branchenerfahrung in Bereichen wie Automotive, Banken, Finanzdienstleistungen, Telekommunikation, IT, Gesundheitswesen, Energie sowie Sport- und Freizeitindustrie macht ihn zu einem vielseitig einsetzbaren Experten.&nbsp; Sprachlich bewandert in Deutsch und Englisch, mit Grundkenntnissen in Franz\u00f6sisch, und mit internationaler Erfahrung in Europa \u2013 insbesondere in Deutschland, Gro\u00dfbritannien, \u00d6sterreich und der Schweiz \u2013 ist Rohmer gut positioniert, um in multinationalen Umgebungen zu arbeiten.&nbsp; Seine akademische Ausbildung, die ein betriebswirtschaftliches Studium, Diplom-Sportwissenschaften, einen MBA und internationale Weiterbildungen umfasst, bietet eine solide Grundlage und erg\u00e4nzt sein umfangreiches berufliches Wissen und seine praktischen F\u00e4higkeiten. Insgesamt ist Peter Rohmer ein hochqualifizierter und vielseitiger Marketing- und Kommunikationsexperte, der jede Organisation in ihrer Entwicklung und ihrem Wachstum unterst\u00fctzen kann.<\/p>","protected":false},"author":1,"featured_media":0,"parent":1156,"menu_order":0,"comment_status":"closed","ping_status":"closed","template":"elementor_canvas","meta":{"footnotes":""},"class_list":["post-2645","page","type-page","status-publish","hentry"],"_links":{"self":[{"href":"https:\/\/sdc-executives.com\/en\/wp-json\/wp\/v2\/pages\/2645","targetHints":{"allow":["GET"]}}],"collection":[{"href":"https:\/\/sdc-executives.com\/en\/wp-json\/wp\/v2\/pages"}],"about":[{"href":"https:\/\/sdc-executives.com\/en\/wp-json\/wp\/v2\/types\/page"}],"author":[{"embeddable":true,"href":"https:\/\/sdc-executives.com\/en\/wp-json\/wp\/v2\/users\/1"}],"replies":[{"embeddable":true,"href":"https:\/\/sdc-executives.com\/en\/wp-json\/wp\/v2\/comments?post=2645"}],"version-history":[{"count":7,"href":"https:\/\/sdc-executives.com\/en\/wp-json\/wp\/v2\/pages\/2645\/revisions"}],"predecessor-version":[{"id":3362,"href":"https:\/\/sdc-executives.com\/en\/wp-json\/wp\/v2\/pages\/2645\/revisions\/3362"}],"up":[{"embeddable":true,"href":"https:\/\/sdc-executives.com\/en\/wp-json\/wp\/v2\/pages\/1156"}],"wp:attachment":[{"href":"https:\/\/sdc-executives.com\/en\/wp-json\/wp\/v2\/media?parent=2645"}],"curies":[{"name":"wp","href":"https:\/\/api.w.org\/{rel}","templated":true}]}}