{"id":2635,"date":"2024-01-28T17:54:03","date_gmt":"2024-01-28T16:54:03","guid":{"rendered":"https:\/\/sdc-executives.com\/?page_id=2635"},"modified":"2024-03-27T02:10:16","modified_gmt":"2024-03-27T01:10:16","slug":"gordon-frey","status":"publish","type":"page","link":"https:\/\/sdc-executives.com\/en\/experten\/gordon-frey\/","title":{"rendered":"Gordon Frey"},"content":{"rendered":"<div data-elementor-type=\"wp-page\" data-elementor-id=\"2635\" class=\"elementor elementor-2635\">\n\t\t\t\t<div class=\"elementor-element elementor-element-59962391 e-flex e-con-boxed wpr-particle-no wpr-jarallax-no wpr-parallax-no wpr-sticky-section-no e-con e-parent\" data-id=\"59962391\" data-element_type=\"container\">\n\t\t\t\t\t<div class=\"e-con-inner\">\n\t\t<div class=\"elementor-element elementor-element-1f78243 e-con-full e-flex wpr-particle-no wpr-jarallax-no wpr-parallax-no wpr-sticky-section-no e-con e-child\" data-id=\"1f78243\" data-element_type=\"container\">\n\t\t\t\t<div class=\"elementor-element elementor-element-33d9cdf9 elementor-widget elementor-widget-image\" data-id=\"33d9cdf9\" data-element_type=\"widget\" data-widget_type=\"image.default\">\n\t\t\t\t<div class=\"elementor-widget-container\">\n\t\t\t\t\t\t\t\t\t\t\t\t\t\t\t<img fetchpriority=\"high\" decoding=\"async\" width=\"768\" height=\"1024\" src=\"https:\/\/sdc-executives.com\/wp-content\/uploads\/2024\/02\/Gordon-frey-768x1024.png\" class=\"attachment-large size-large wp-image-2795\" alt=\"\" srcset=\"https:\/\/sdc-executives.com\/wp-content\/uploads\/2024\/02\/Gordon-frey-768x1025.png 768w, https:\/\/sdc-executives.com\/wp-content\/uploads\/2024\/02\/Gordon-frey-225x300.png 225w, https:\/\/sdc-executives.com\/wp-content\/uploads\/2024\/02\/Gordon-frey-1151x1536.png 1151w, https:\/\/sdc-executives.com\/wp-content\/uploads\/2024\/02\/Gordon-frey.png 1535w\" sizes=\"(max-width: 768px) 100vw, 768px\" \/>\t\t\t\t\t\t\t\t\t\t\t\t\t\t\t<\/div>\n\t\t\t\t<\/div>\n\t\t\t\t<div class=\"elementor-element elementor-element-3d29d643 elementor-widget elementor-widget-text-editor\" data-id=\"3d29d643\" data-element_type=\"widget\" data-widget_type=\"text-editor.default\">\n\t\t\t\t<div class=\"elementor-widget-container\">\n\t\t\t\t\t\t\t\t\t<p>Gordon Frey<\/p>\t\t\t\t\t\t\t\t<\/div>\n\t\t\t\t<\/div>\n\t\t\t\t<div class=\"elementor-element elementor-element-3c5c61af elementor-widget elementor-widget-text-editor\" data-id=\"3c5c61af\" data-element_type=\"widget\" data-widget_type=\"text-editor.default\">\n\t\t\t\t<div class=\"elementor-widget-container\">\n\t\t\t\t\t\t\t\t\t<p>Associate Partner<\/p>\t\t\t\t\t\t\t\t<\/div>\n\t\t\t\t<\/div>\n\t\t\t\t<div class=\"elementor-element elementor-element-795a90af elementor-align-center elementor-icon-list--layout-traditional elementor-list-item-link-full_width elementor-widget elementor-widget-icon-list\" data-id=\"795a90af\" data-element_type=\"widget\" data-widget_type=\"icon-list.default\">\n\t\t\t\t<div class=\"elementor-widget-container\">\n\t\t\t\t\t\t\t<ul class=\"elementor-icon-list-items\">\n\t\t\t\t\t\t\t<li class=\"elementor-icon-list-item\">\n\t\t\t\t\t\t\t\t\t\t\t<span class=\"elementor-icon-list-icon\">\n\t\t\t\t\t\t\t<svg aria-hidden=\"true\" class=\"e-font-icon-svg e-fas-phone-alt\" viewbox=\"0 0 512 512\" xmlns=\"http:\/\/www.w3.org\/2000\/svg\"><path d=\"M497.39 361.8l-112-48a24 24 0 0 0-28 6.9l-49.6 60.6A370.66 370.66 0 0 1 130.6 204.11l60.6-49.6a23.94 23.94 0 0 0 6.9-28l-48-112A24.16 24.16 0 0 0 122.6.61l-104 24A24 24 0 0 0 0 48c0 256.5 207.9 464 464 464a24 24 0 0 0 23.4-18.6l24-104a24.29 24.29 0 0 0-14.01-27.6z\"><\/path><\/svg>\t\t\t\t\t\t<\/span>\n\t\t\t\t\t\t\t\t\t\t<span class=\"elementor-icon-list-text\">+41-43-883-90-35 \ud83c\udde8\ud83c\udded<\/span>\n\t\t\t\t\t\t\t\t\t<\/li>\n\t\t\t\t\t\t\t\t<li class=\"elementor-icon-list-item\">\n\t\t\t\t\t\t\t\t\t\t\t<span class=\"elementor-icon-list-icon\">\n\t\t\t\t\t\t\t<svg aria-hidden=\"true\" class=\"e-font-icon-svg e-fas-phone-alt\" viewbox=\"0 0 512 512\" xmlns=\"http:\/\/www.w3.org\/2000\/svg\"><path d=\"M497.39 361.8l-112-48a24 24 0 0 0-28 6.9l-49.6 60.6A370.66 370.66 0 0 1 130.6 204.11l60.6-49.6a23.94 23.94 0 0 0 6.9-28l-48-112A24.16 24.16 0 0 0 122.6.61l-104 24A24 24 0 0 0 0 48c0 256.5 207.9 464 464 464a24 24 0 0 0 23.4-18.6l24-104a24.29 24.29 0 0 0-14.01-27.6z\"><\/path><\/svg>\t\t\t\t\t\t<\/span>\n\t\t\t\t\t\t\t\t\t\t<span class=\"elementor-icon-list-text\">+49-711-995-985-36 \ud83c\udde9\ud83c\uddea<\/span>\n\t\t\t\t\t\t\t\t\t<\/li>\n\t\t\t\t\t\t\t\t<li class=\"elementor-icon-list-item\">\n\t\t\t\t\t\t\t\t\t\t\t<a href=\"mailto:GFR@SDC-Executives.com\">\n\n\t\t\t\t\t\t\t\t\t\t\t\t<span class=\"elementor-icon-list-icon\">\n\t\t\t\t\t\t\t<svg aria-hidden=\"true\" class=\"e-font-icon-svg e-far-envelope\" viewbox=\"0 0 512 512\" xmlns=\"http:\/\/www.w3.org\/2000\/svg\"><path d=\"M464 64H48C21.49 64 0 85.49 0 112v288c0 26.51 21.49 48 48 48h416c26.51 0 48-21.49 48-48V112c0-26.51-21.49-48-48-48zm0 48v40.805c-22.422 18.259-58.168 46.651-134.587 106.49-16.841 13.247-50.201 45.072-73.413 44.701-23.208.375-56.579-31.459-73.413-44.701C106.18 199.465 70.425 171.067 48 152.805V112h416zM48 400V214.398c22.914 18.251 55.409 43.862 104.938 82.646 21.857 17.205 60.134 55.186 103.062 54.955 42.717.231 80.509-37.199 103.053-54.947 49.528-38.783 82.032-64.401 104.947-82.653V400H48z\"><\/path><\/svg>\t\t\t\t\t\t<\/span>\n\t\t\t\t\t\t\t\t\t\t<span class=\"elementor-icon-list-text\">GFR@SDC-Executives.com<\/span>\n\t\t\t\t\t\t\t\t\t\t\t<\/a>\n\t\t\t\t\t\t\t\t\t<\/li>\n\t\t\t\t\t\t<\/ul>\n\t\t\t\t\t\t<\/div>\n\t\t\t\t<\/div>\n\t\t\t\t<\/div>\n\t\t<div class=\"elementor-element elementor-element-67dae773 e-con-full e-flex wpr-particle-no wpr-jarallax-no wpr-parallax-no wpr-sticky-section-no e-con e-child\" data-id=\"67dae773\" data-element_type=\"container\">\n\t\t\t\t<div class=\"elementor-element elementor-element-75023a2d elementor-widget elementor-widget-heading\" data-id=\"75023a2d\" data-element_type=\"widget\" data-widget_type=\"heading.default\">\n\t\t\t\t<div class=\"elementor-widget-container\">\n\t\t\t\t\t<h1 class=\"elementor-heading-title elementor-size-default\">Gordon Frey <\/h1>\t\t\t\t<\/div>\n\t\t\t\t<\/div>\n\t\t\t\t<div class=\"elementor-element elementor-element-1dc9c647 elementor-widget elementor-widget-text-editor\" data-id=\"1dc9c647\" data-element_type=\"widget\" data-widget_type=\"text-editor.default\">\n\t\t\t\t<div class=\"elementor-widget-container\">\n\t\t\t\t\t\t\t\t\t<p>SDC financial strategist and private equity expert drives sustainable growth through cost management and cash flow optimization.<\/p>\t\t\t\t\t\t\t\t<\/div>\n\t\t\t\t<\/div>\n\t\t\t\t<div class=\"elementor-element elementor-element-48756bb5 elementor-widget elementor-widget-toggle\" data-id=\"48756bb5\" data-element_type=\"widget\" data-widget_type=\"toggle.default\">\n\t\t\t\t<div class=\"elementor-widget-container\">\n\t\t\t\t\t\t\t<div class=\"elementor-toggle\">\n\t\t\t\t\t\t\t<div class=\"elementor-toggle-item\">\n\t\t\t\t\t<div id=\"elementor-tab-title-1211\" class=\"elementor-tab-title\" data-tab=\"1\" role=\"button\" aria-controls=\"elementor-tab-content-1211\" aria-expanded=\"false\">\n\t\t\t\t\t\t\t\t\t\t\t\t<span class=\"elementor-toggle-icon elementor-toggle-icon-left\" aria-hidden=\"true\">\n\t\t\t\t\t\t\t\t\t\t\t\t\t\t\t<span class=\"elementor-toggle-icon-closed\"><svg class=\"e-font-icon-svg e-fas-caret-right\" viewbox=\"0 0 192 512\" xmlns=\"http:\/\/www.w3.org\/2000\/svg\"><path d=\"M0 384.662V127.338c0-17.818 21.543-26.741 34.142-14.142l128.662 128.662c7.81 7.81 7.81 20.474 0 28.284L34.142 398.804C21.543 411.404 0 402.48 0 384.662z\"><\/path><\/svg><\/span>\n\t\t\t\t\t\t\t\t<span class=\"elementor-toggle-icon-opened\"><svg class=\"elementor-toggle-icon-opened e-font-icon-svg e-fas-caret-up\" viewbox=\"0 0 320 512\" xmlns=\"http:\/\/www.w3.org\/2000\/svg\"><path d=\"M288.662 352H31.338c-17.818 0-26.741-21.543-14.142-34.142l128.662-128.662c7.81-7.81 20.474-7.81 28.284 0l128.662 128.662c12.6 12.599 3.676 34.142-14.142 34.142z\"><\/path><\/svg><\/span>\n\t\t\t\t\t\t\t\t\t\t\t\t\t<\/span>\n\t\t\t\t\t\t\t\t\t\t\t\t<a class=\"elementor-toggle-title\" tabindex=\"0\">Expertise<\/a>\n\t\t\t\t\t<\/div>\n\n\t\t\t\t\t<div id=\"elementor-tab-content-1211\" class=\"elementor-tab-content elementor-clearfix\" data-tab=\"1\" role=\"region\" aria-labelledby=\"elementor-tab-title-1211\"><p><strong>Task<\/strong><\/p><p>Cost reduction<\/p><p>Merger &amp; Acquisition<\/p><p>Post Merger Integration<\/p><p>Turnaround<\/p><p>Process optimization<\/p><p><strong>Features <\/strong><\/p><p>Finance<\/p><p>Executive management<\/p><p>Rechnungswesen &amp; Controlling<\/p><p>Organization<\/p><\/div>\n\t\t\t\t<\/div>\n\t\t\t\t\t\t\t<div class=\"elementor-toggle-item\">\n\t\t\t\t\t<div id=\"elementor-tab-title-1212\" class=\"elementor-tab-title\" data-tab=\"2\" role=\"button\" aria-controls=\"elementor-tab-content-1212\" aria-expanded=\"false\">\n\t\t\t\t\t\t\t\t\t\t\t\t<span class=\"elementor-toggle-icon elementor-toggle-icon-left\" aria-hidden=\"true\">\n\t\t\t\t\t\t\t\t\t\t\t\t\t\t\t<span class=\"elementor-toggle-icon-closed\"><svg class=\"e-font-icon-svg e-fas-caret-right\" viewbox=\"0 0 192 512\" xmlns=\"http:\/\/www.w3.org\/2000\/svg\"><path d=\"M0 384.662V127.338c0-17.818 21.543-26.741 34.142-14.142l128.662 128.662c7.81 7.81 7.81 20.474 0 28.284L34.142 398.804C21.543 411.404 0 402.48 0 384.662z\"><\/path><\/svg><\/span>\n\t\t\t\t\t\t\t\t<span class=\"elementor-toggle-icon-opened\"><svg class=\"elementor-toggle-icon-opened e-font-icon-svg e-fas-caret-up\" viewbox=\"0 0 320 512\" xmlns=\"http:\/\/www.w3.org\/2000\/svg\"><path d=\"M288.662 352H31.338c-17.818 0-26.741-21.543-14.142-34.142l128.662-128.662c7.81-7.81 20.474-7.81 28.284 0l128.662 128.662c12.6 12.599 3.676 34.142-14.142 34.142z\"><\/path><\/svg><\/span>\n\t\t\t\t\t\t\t\t\t\t\t\t\t<\/span>\n\t\t\t\t\t\t\t\t\t\t\t\t<a class=\"elementor-toggle-title\" tabindex=\"0\">Industry expertise<\/a>\n\t\t\t\t\t<\/div>\n\n\t\t\t\t\t<div id=\"elementor-tab-content-1212\" class=\"elementor-tab-content elementor-clearfix\" data-tab=\"2\" role=\"region\" aria-labelledby=\"elementor-tab-title-1212\"><p>Private Equity<\/p><p>Automotive, Supplier<\/p><p>Electrical Engineering \/ Electronics<\/p><p>Plastics \/ Rubber<\/p><p>Medical Technology<\/p><p>Pharma<\/p><\/div>\n\t\t\t\t<\/div>\n\t\t\t\t\t\t\t\t<\/div>\n\t\t\t\t\t\t<\/div>\n\t\t\t\t<\/div>\n\t\t\t\t<\/div>\n\t\t\t\t\t<\/div>\n\t\t\t\t<\/div>\n\t\t<div class=\"elementor-element elementor-element-155c66c5 e-flex e-con-boxed wpr-particle-no wpr-jarallax-no wpr-parallax-no wpr-sticky-section-no e-con e-parent\" data-id=\"155c66c5\" data-element_type=\"container\">\n\t\t\t\t\t<div class=\"e-con-inner\">\n\t\t<div class=\"elementor-element elementor-element-3358a6f8 e-con-full e-flex wpr-particle-no wpr-jarallax-no wpr-parallax-no wpr-sticky-section-no e-con e-child\" data-id=\"3358a6f8\" data-element_type=\"container\">\n\t\t\t\t<div class=\"elementor-element elementor-element-4959445f elementor-widget elementor-widget-image\" data-id=\"4959445f\" data-element_type=\"widget\" data-widget_type=\"image.default\">\n\t\t\t\t<div class=\"elementor-widget-container\">\n\t\t\t\t\t\t\t\t\t\t\t\t\t\t\t<img fetchpriority=\"high\" decoding=\"async\" width=\"768\" height=\"1024\" src=\"https:\/\/sdc-executives.com\/wp-content\/uploads\/2024\/02\/Gordon-frey-768x1024.png\" class=\"attachment-large size-large wp-image-2795\" alt=\"\" srcset=\"https:\/\/sdc-executives.com\/wp-content\/uploads\/2024\/02\/Gordon-frey-768x1025.png 768w, https:\/\/sdc-executives.com\/wp-content\/uploads\/2024\/02\/Gordon-frey-225x300.png 225w, https:\/\/sdc-executives.com\/wp-content\/uploads\/2024\/02\/Gordon-frey-1151x1536.png 1151w, https:\/\/sdc-executives.com\/wp-content\/uploads\/2024\/02\/Gordon-frey.png 1535w\" sizes=\"(max-width: 768px) 100vw, 768px\" \/>\t\t\t\t\t\t\t\t\t\t\t\t\t\t\t<\/div>\n\t\t\t\t<\/div>\n\t\t\t\t<\/div>\n\t\t<div class=\"elementor-element elementor-element-6c3c4135 e-con-full e-flex wpr-particle-no wpr-jarallax-no wpr-parallax-no wpr-sticky-section-no e-con e-child\" data-id=\"6c3c4135\" data-element_type=\"container\">\n\t\t\t\t<div class=\"elementor-element elementor-element-5a5f2cec elementor-widget elementor-widget-text-editor\" data-id=\"5a5f2cec\" data-element_type=\"widget\" data-widget_type=\"text-editor.default\">\n\t\t\t\t<div class=\"elementor-widget-container\">\n\t\t\t\t\t\t\t\t\t<p>Consolidate, Restructure, Reinvest!<\/p>\t\t\t\t\t\t\t\t<\/div>\n\t\t\t\t<\/div>\n\t\t\t\t<div class=\"elementor-element elementor-element-3e472e elementor-widget elementor-widget-heading\" data-id=\"3e472e\" data-element_type=\"widget\" data-widget_type=\"heading.default\">\n\t\t\t\t<div class=\"elementor-widget-container\">\n\t\t\t\t\t<h2 class=\"elementor-heading-title elementor-size-default\">Gordon Frey <\/h2>\t\t\t\t<\/div>\n\t\t\t\t<\/div>\n\t\t\t\t<div class=\"elementor-element elementor-element-48b5905c elementor-widget elementor-widget-button\" data-id=\"48b5905c\" data-element_type=\"widget\" data-widget_type=\"button.default\">\n\t\t\t\t<div class=\"elementor-widget-container\">\n\t\t\t\t\t\t\t\t\t<div class=\"elementor-button-wrapper\">\n\t\t\t\t\t<a class=\"elementor-button elementor-button-link elementor-size-sm\" href=\"https:\/\/sdc-executives.com\/en\/experten-anfrage\/\">\n\t\t\t\t\t\t<span class=\"elementor-button-content-wrapper\">\n\t\t\t\t\t\t\t\t\t<span class=\"elementor-button-text\">Request an expert now<\/span>\n\t\t\t\t\t<\/span>\n\t\t\t\t\t<\/a>\n\t\t\t\t<\/div>\n\t\t\t\t\t\t\t\t<\/div>\n\t\t\t\t<\/div>\n\t\t\t\t<\/div>\n\t\t\t\t\t<\/div>\n\t\t\t\t<\/div>\n\t\t<div class=\"elementor-element elementor-element-147947ee e-flex e-con-boxed wpr-particle-no wpr-jarallax-no wpr-parallax-no wpr-sticky-section-no e-con e-parent\" data-id=\"147947ee\" data-element_type=\"container\">\n\t\t\t\t\t<div class=\"e-con-inner\">\n\t\t\t\t<div class=\"elementor-element elementor-element-280c747b elementor-widget elementor-widget-text-editor\" data-id=\"280c747b\" data-element_type=\"widget\" data-widget_type=\"text-editor.default\">\n\t\t\t\t<div class=\"elementor-widget-container\">\n\t\t\t\t\t\t\t\t\t<p>Gordon Frey is an impressive financial expert whose extensive leadership experience across various industries makes him a valuable asset to any company. Its ability to proactively manage R&amp;D project costs is particularly noteworthy as this is critical for companies in technology-intensive industries.&nbsp;<\/p><p>His success in increasing cash flow, particularly by uncovering savings potential and improving receivables management processes, demonstrates his ability to strengthen the financial health of a company. This competency is particularly important in today's economic landscape, where efficiency and cost-effectiveness are critical. His expertise in global reporting and controlling, cost reduction and lean management underlines his versatility and strategic approach.&nbsp;<\/p><p>These capabilities are particularly valuable in a globalized market where companies require effective and efficient operating models to remain competitive. As an interim manager, Frey has specialized in areas such as cost reduction, M&amp;A, post-merger integration and process optimization. His experience in these key areas makes him an ideal candidate for companies undergoing transition or seeking strategic opportunities to improve their operational performance. His focus on emotional intelligence and empathy is also notable. These characteristics are crucial for successfully leading teams and projects, especially in complex and challenging business environments.&nbsp;<\/p><p>His ability to approach with purpose and a human perspective allows him to successfully manage projects and achieve positive results. Frey has worked in senior positions in the automotive supply industry, electrical engineering, electronics and IT industries, demonstrating his versatility and adaptability to different market conditions and industry requirements. His extensive experience and proven skills make him an excellent resource for companies seeking to improve their financial and operational performance.<\/p>\t\t\t\t\t\t\t\t<\/div>\n\t\t\t\t<\/div>\n\t\t\t\t\t<\/div>\n\t\t\t\t<\/div>\n\t\t\t\t<\/div>","protected":false},"excerpt":{"rendered":"<p>Gordon Frey Associate Partner +41-43-883-90-35 \ud83c\udde8\ud83c\udded +49-711-995-985-36 \ud83c\udde9\ud83c\uddea GFR@SDC-Executives.com Gordon Frey SDC-Finanzstratege und Private-Equity-Experte treibt nachhaltiges Wachstum durch Kostenmanagement und Cashflow-Optimierung voran. Fachkompetenz Aufgabenstellung Kostenreduktion Merger &amp; Acquisition Post Merger Integration Turnaround Prozessoptimierung Funktionen Finanzen Gesch\u00e4ftsf\u00fchrung Rechnungswesen &amp; Controlling Organisation Branchenkompetenz Private Equity Automotive, Zulieferer Elektrotechnik \/ Elektronik Kunststoff \/ Gummi Medizintechnik Pharma Konsolidieren, Restrukturieren, Reinvestieren! Gordon Frey Jetz Experte anfragen Gordon Frey ist ein beeindruckender Finanzexperte, dessen umfangreiche F\u00fchrungserfahrungen in verschiedenen Branchen ihn zu einem wertvollen Asset f\u00fcr jedes Unternehmen machen. Seine F\u00e4higkeit, R&amp;D-Projektkosten proaktiv zu steuern, ist besonders hervorzuheben, da dies f\u00fcr Unternehmen in technologieintensiven Branchen von entscheidender Bedeutung ist.&nbsp; Die von ihm erzielten Erfolge in der Steigerung des Cashflows, insbesondere durch das Aufdecken von Einsparpotenzialen und die Verbesserung von Prozessen im Forderungsmanagement, demonstrieren seine F\u00e4higkeit, die finanzielle Gesundheit eines Unternehmens zu st\u00e4rken. Diese Kompetenz ist in der heutigen wirtschaftlichen Landschaft, in der Effizienz und Kosteneffektivit\u00e4t entscheidend sind, besonders wichtig. Seine Expertise im weltweiten Reporting und Controlling, in der Kostenreduktion und im Lean Management unterstreicht seine Vielseitigkeit und seinen strategischen Ansatz.&nbsp; Diese F\u00e4higkeiten sind besonders wertvoll in einem globalisierten Markt, wo Unternehmen effektive und effiziente Betriebsmodelle ben\u00f6tigen, um wettbewerbsf\u00e4hig zu bleiben. Als Interim-Manager hat Frey sich auf Bereiche wie Kostenreduktion, M&amp;A, Post Merger Integration und Prozessoptimierung spezialisiert. Seine Erfahrung in diesen Schl\u00fcsselbereichen macht ihn zu einem idealen Kandidaten f\u00fcr Unternehmen, die sich in \u00dcbergangsphasen befinden oder nach strategischen M\u00f6glichkeiten zur Verbesserung ihrer operativen Leistung suchen. Bemerkenswert ist auch sein Fokus auf emotionale Intelligenz und Empathie. Diese Eigenschaften sind entscheidend f\u00fcr die erfolgreiche F\u00fchrung von Teams und Projekten, insbesondere in komplexen und herausfordernden Gesch\u00e4ftsumgebungen.&nbsp; Seine F\u00e4higkeit, zielgerichtet und mit einer menschlichen Perspektive vorzugehen, erm\u00f6glicht es ihm, Projekte erfolgreich zu leiten und positive Ergebnisse zu erzielen. Frey hat in leitenden Positionen in der Automotive-Zulieferindustrie, Elektrotechnik, Elektronik und IT-Branche gearbeitet, was seine Vielseitigkeit und Anpassungsf\u00e4higkeit an unterschiedliche Marktbedingungen und Branchenanforderungen zeigt. Seine umfassende Erfahrung und seine nachgewiesenen F\u00e4higkeiten machen ihn zu einer hervorragenden Ressource f\u00fcr Unternehmen, die ihre Finanz- und Betriebsleistung verbessern m\u00f6chten.<\/p>","protected":false},"author":1,"featured_media":0,"parent":1156,"menu_order":0,"comment_status":"closed","ping_status":"closed","template":"elementor_canvas","meta":{"footnotes":""},"class_list":["post-2635","page","type-page","status-publish","hentry"],"_links":{"self":[{"href":"https:\/\/sdc-executives.com\/en\/wp-json\/wp\/v2\/pages\/2635","targetHints":{"allow":["GET"]}}],"collection":[{"href":"https:\/\/sdc-executives.com\/en\/wp-json\/wp\/v2\/pages"}],"about":[{"href":"https:\/\/sdc-executives.com\/en\/wp-json\/wp\/v2\/types\/page"}],"author":[{"embeddable":true,"href":"https:\/\/sdc-executives.com\/en\/wp-json\/wp\/v2\/users\/1"}],"replies":[{"embeddable":true,"href":"https:\/\/sdc-executives.com\/en\/wp-json\/wp\/v2\/comments?post=2635"}],"version-history":[{"count":7,"href":"https:\/\/sdc-executives.com\/en\/wp-json\/wp\/v2\/pages\/2635\/revisions"}],"predecessor-version":[{"id":3356,"href":"https:\/\/sdc-executives.com\/en\/wp-json\/wp\/v2\/pages\/2635\/revisions\/3356"}],"up":[{"embeddable":true,"href":"https:\/\/sdc-executives.com\/en\/wp-json\/wp\/v2\/pages\/1156"}],"wp:attachment":[{"href":"https:\/\/sdc-executives.com\/en\/wp-json\/wp\/v2\/media?parent=2635"}],"curies":[{"name":"wp","href":"https:\/\/api.w.org\/{rel}","templated":true}]}}