{"id":2560,"date":"2024-01-28T17:05:40","date_gmt":"2024-01-28T16:05:40","guid":{"rendered":"https:\/\/sdc-executives.com\/?page_id=2560"},"modified":"2024-03-27T01:53:19","modified_gmt":"2024-03-27T00:53:19","slug":"thomas-ehrenhauser","status":"publish","type":"page","link":"https:\/\/sdc-executives.com\/en\/experten\/thomas-ehrenhauser\/","title":{"rendered":"Thomas Ehrenhauser"},"content":{"rendered":"<div data-elementor-type=\"wp-page\" data-elementor-id=\"2560\" class=\"elementor elementor-2560\">\n\t\t\t\t<div class=\"elementor-element elementor-element-7d7cf7bc e-flex e-con-boxed wpr-particle-no wpr-jarallax-no wpr-parallax-no wpr-sticky-section-no e-con e-parent\" data-id=\"7d7cf7bc\" data-element_type=\"container\">\n\t\t\t\t\t<div class=\"e-con-inner\">\n\t\t<div class=\"elementor-element elementor-element-7789c7c0 e-con-full e-flex wpr-particle-no wpr-jarallax-no wpr-parallax-no wpr-sticky-section-no e-con e-child\" data-id=\"7789c7c0\" data-element_type=\"container\">\n\t\t\t\t<div class=\"elementor-element elementor-element-139b88e3 elementor-widget elementor-widget-image\" data-id=\"139b88e3\" data-element_type=\"widget\" data-widget_type=\"image.default\">\n\t\t\t\t<div class=\"elementor-widget-container\">\n\t\t\t\t\t\t\t\t\t\t\t\t\t\t\t<img decoding=\"async\" width=\"151\" height=\"224\" src=\"https:\/\/sdc-executives.com\/wp-content\/uploads\/2024\/02\/thomas-ehrenhauser.png\" class=\"attachment-large size-large wp-image-3054\" alt=\"\" \/>\t\t\t\t\t\t\t\t\t\t\t\t\t\t\t<\/div>\n\t\t\t\t<\/div>\n\t\t\t\t<div class=\"elementor-element elementor-element-359ea92e elementor-widget elementor-widget-text-editor\" data-id=\"359ea92e\" data-element_type=\"widget\" data-widget_type=\"text-editor.default\">\n\t\t\t\t<div class=\"elementor-widget-container\">\n\t\t\t\t\t\t\t\t\t<p>Thomas Ehrenhauser<\/p>\t\t\t\t\t\t\t\t<\/div>\n\t\t\t\t<\/div>\n\t\t\t\t<div class=\"elementor-element elementor-element-42f693f4 elementor-widget elementor-widget-text-editor\" data-id=\"42f693f4\" data-element_type=\"widget\" data-widget_type=\"text-editor.default\">\n\t\t\t\t<div class=\"elementor-widget-container\">\n\t\t\t\t\t\t\t\t\t<p>Associate Partner<\/p>\t\t\t\t\t\t\t\t<\/div>\n\t\t\t\t<\/div>\n\t\t\t\t<div class=\"elementor-element elementor-element-f34723c elementor-align-center elementor-icon-list--layout-traditional elementor-list-item-link-full_width elementor-widget elementor-widget-icon-list\" data-id=\"f34723c\" data-element_type=\"widget\" data-widget_type=\"icon-list.default\">\n\t\t\t\t<div class=\"elementor-widget-container\">\n\t\t\t\t\t\t\t<ul class=\"elementor-icon-list-items\">\n\t\t\t\t\t\t\t<li class=\"elementor-icon-list-item\">\n\t\t\t\t\t\t\t\t\t\t\t<span class=\"elementor-icon-list-icon\">\n\t\t\t\t\t\t\t<svg aria-hidden=\"true\" class=\"e-font-icon-svg e-fas-phone-alt\" viewbox=\"0 0 512 512\" xmlns=\"http:\/\/www.w3.org\/2000\/svg\"><path d=\"M497.39 361.8l-112-48a24 24 0 0 0-28 6.9l-49.6 60.6A370.66 370.66 0 0 1 130.6 204.11l60.6-49.6a23.94 23.94 0 0 0 6.9-28l-48-112A24.16 24.16 0 0 0 122.6.61l-104 24A24 24 0 0 0 0 48c0 256.5 207.9 464 464 464a24 24 0 0 0 23.4-18.6l24-104a24.29 24.29 0 0 0-14.01-27.6z\"><\/path><\/svg>\t\t\t\t\t\t<\/span>\n\t\t\t\t\t\t\t\t\t\t<span class=\"elementor-icon-list-text\">+41-43-883-90-35 \ud83c\udde8\ud83c\udded<\/span>\n\t\t\t\t\t\t\t\t\t<\/li>\n\t\t\t\t\t\t\t\t<li class=\"elementor-icon-list-item\">\n\t\t\t\t\t\t\t\t\t\t\t<span class=\"elementor-icon-list-icon\">\n\t\t\t\t\t\t\t<svg aria-hidden=\"true\" class=\"e-font-icon-svg e-fas-phone-alt\" viewbox=\"0 0 512 512\" xmlns=\"http:\/\/www.w3.org\/2000\/svg\"><path d=\"M497.39 361.8l-112-48a24 24 0 0 0-28 6.9l-49.6 60.6A370.66 370.66 0 0 1 130.6 204.11l60.6-49.6a23.94 23.94 0 0 0 6.9-28l-48-112A24.16 24.16 0 0 0 122.6.61l-104 24A24 24 0 0 0 0 48c0 256.5 207.9 464 464 464a24 24 0 0 0 23.4-18.6l24-104a24.29 24.29 0 0 0-14.01-27.6z\"><\/path><\/svg>\t\t\t\t\t\t<\/span>\n\t\t\t\t\t\t\t\t\t\t<span class=\"elementor-icon-list-text\">+49-711-995-985-36 \ud83c\udde9\ud83c\uddea<\/span>\n\t\t\t\t\t\t\t\t\t<\/li>\n\t\t\t\t\t\t\t\t<li class=\"elementor-icon-list-item\">\n\t\t\t\t\t\t\t\t\t\t\t<a href=\"mailto:TEH@SDC-Executives.com\">\n\n\t\t\t\t\t\t\t\t\t\t\t\t<span class=\"elementor-icon-list-icon\">\n\t\t\t\t\t\t\t<svg aria-hidden=\"true\" class=\"e-font-icon-svg e-far-envelope\" viewbox=\"0 0 512 512\" xmlns=\"http:\/\/www.w3.org\/2000\/svg\"><path d=\"M464 64H48C21.49 64 0 85.49 0 112v288c0 26.51 21.49 48 48 48h416c26.51 0 48-21.49 48-48V112c0-26.51-21.49-48-48-48zm0 48v40.805c-22.422 18.259-58.168 46.651-134.587 106.49-16.841 13.247-50.201 45.072-73.413 44.701-23.208.375-56.579-31.459-73.413-44.701C106.18 199.465 70.425 171.067 48 152.805V112h416zM48 400V214.398c22.914 18.251 55.409 43.862 104.938 82.646 21.857 17.205 60.134 55.186 103.062 54.955 42.717.231 80.509-37.199 103.053-54.947 49.528-38.783 82.032-64.401 104.947-82.653V400H48z\"><\/path><\/svg>\t\t\t\t\t\t<\/span>\n\t\t\t\t\t\t\t\t\t\t<span class=\"elementor-icon-list-text\">TEH@SDC-Executives.com<\/span>\n\t\t\t\t\t\t\t\t\t\t\t<\/a>\n\t\t\t\t\t\t\t\t\t<\/li>\n\t\t\t\t\t\t<\/ul>\n\t\t\t\t\t\t<\/div>\n\t\t\t\t<\/div>\n\t\t\t\t<\/div>\n\t\t<div class=\"elementor-element elementor-element-4654cfa6 e-con-full e-flex wpr-particle-no wpr-jarallax-no wpr-parallax-no wpr-sticky-section-no e-con e-child\" data-id=\"4654cfa6\" data-element_type=\"container\">\n\t\t\t\t<div class=\"elementor-element elementor-element-50c8388 elementor-widget elementor-widget-heading\" data-id=\"50c8388\" data-element_type=\"widget\" data-widget_type=\"heading.default\">\n\t\t\t\t<div class=\"elementor-widget-container\">\n\t\t\t\t\t<h1 class=\"elementor-heading-title elementor-size-default\">Thomas Ehrenhauser<\/h1>\t\t\t\t<\/div>\n\t\t\t\t<\/div>\n\t\t\t\t<div class=\"elementor-element elementor-element-65163d4d elementor-widget elementor-widget-text-editor\" data-id=\"65163d4d\" data-element_type=\"widget\" data-widget_type=\"text-editor.default\">\n\t\t\t\t<div class=\"elementor-widget-container\">\n\t\t\t\t\t\t\t\t\t<p>Award-winning financial expert in medium-sized businesses for accounting.<\/p>\t\t\t\t\t\t\t\t<\/div>\n\t\t\t\t<\/div>\n\t\t\t\t<div class=\"elementor-element elementor-element-3cdfef73 elementor-widget elementor-widget-toggle\" data-id=\"3cdfef73\" data-element_type=\"widget\" data-widget_type=\"toggle.default\">\n\t\t\t\t<div class=\"elementor-widget-container\">\n\t\t\t\t\t\t\t<div class=\"elementor-toggle\">\n\t\t\t\t\t\t\t<div class=\"elementor-toggle-item\">\n\t\t\t\t\t<div id=\"elementor-tab-title-1021\" class=\"elementor-tab-title\" data-tab=\"1\" role=\"button\" aria-controls=\"elementor-tab-content-1021\" aria-expanded=\"false\">\n\t\t\t\t\t\t\t\t\t\t\t\t<span class=\"elementor-toggle-icon elementor-toggle-icon-left\" aria-hidden=\"true\">\n\t\t\t\t\t\t\t\t\t\t\t\t\t\t\t<span class=\"elementor-toggle-icon-closed\"><svg class=\"e-font-icon-svg e-fas-caret-right\" viewbox=\"0 0 192 512\" xmlns=\"http:\/\/www.w3.org\/2000\/svg\"><path d=\"M0 384.662V127.338c0-17.818 21.543-26.741 34.142-14.142l128.662 128.662c7.81 7.81 7.81 20.474 0 28.284L34.142 398.804C21.543 411.404 0 402.48 0 384.662z\"><\/path><\/svg><\/span>\n\t\t\t\t\t\t\t\t<span class=\"elementor-toggle-icon-opened\"><svg class=\"elementor-toggle-icon-opened e-font-icon-svg e-fas-caret-up\" viewbox=\"0 0 320 512\" xmlns=\"http:\/\/www.w3.org\/2000\/svg\"><path d=\"M288.662 352H31.338c-17.818 0-26.741-21.543-14.142-34.142l128.662-128.662c7.81-7.81 20.474-7.81 28.284 0l128.662 128.662c12.6 12.599 3.676 34.142-14.142 34.142z\"><\/path><\/svg><\/span>\n\t\t\t\t\t\t\t\t\t\t\t\t\t<\/span>\n\t\t\t\t\t\t\t\t\t\t\t\t<a class=\"elementor-toggle-title\" tabindex=\"0\">Expertise<\/a>\n\t\t\t\t\t<\/div>\n\n\t\t\t\t\t<div id=\"elementor-tab-content-1021\" class=\"elementor-tab-content elementor-clearfix\" data-tab=\"1\" role=\"region\" aria-labelledby=\"elementor-tab-title-1021\"><p><strong>Task<\/strong><\/p><p>Restructuring<\/p><p>Restructuring, near insolvency<\/p><p>Change Management<\/p><p>Process optimization<\/p><p>Turnaround<\/p><p>Innovation<\/p><p><strong>Features <\/strong><\/p><p>Departmental Leadership<\/p><p>Team Leadership<\/p><\/div>\n\t\t\t\t<\/div>\n\t\t\t\t\t\t\t<div class=\"elementor-toggle-item\">\n\t\t\t\t\t<div id=\"elementor-tab-title-1022\" class=\"elementor-tab-title\" data-tab=\"2\" role=\"button\" aria-controls=\"elementor-tab-content-1022\" aria-expanded=\"false\">\n\t\t\t\t\t\t\t\t\t\t\t\t<span class=\"elementor-toggle-icon elementor-toggle-icon-left\" aria-hidden=\"true\">\n\t\t\t\t\t\t\t\t\t\t\t\t\t\t\t<span class=\"elementor-toggle-icon-closed\"><svg class=\"e-font-icon-svg e-fas-caret-right\" viewbox=\"0 0 192 512\" xmlns=\"http:\/\/www.w3.org\/2000\/svg\"><path d=\"M0 384.662V127.338c0-17.818 21.543-26.741 34.142-14.142l128.662 128.662c7.81 7.81 7.81 20.474 0 28.284L34.142 398.804C21.543 411.404 0 402.48 0 384.662z\"><\/path><\/svg><\/span>\n\t\t\t\t\t\t\t\t<span class=\"elementor-toggle-icon-opened\"><svg class=\"elementor-toggle-icon-opened e-font-icon-svg e-fas-caret-up\" viewbox=\"0 0 320 512\" xmlns=\"http:\/\/www.w3.org\/2000\/svg\"><path d=\"M288.662 352H31.338c-17.818 0-26.741-21.543-14.142-34.142l128.662-128.662c7.81-7.81 20.474-7.81 28.284 0l128.662 128.662c12.6 12.599 3.676 34.142-14.142 34.142z\"><\/path><\/svg><\/span>\n\t\t\t\t\t\t\t\t\t\t\t\t\t<\/span>\n\t\t\t\t\t\t\t\t\t\t\t\t<a class=\"elementor-toggle-title\" tabindex=\"0\">Industry expertise<\/a>\n\t\t\t\t\t<\/div>\n\n\t\t\t\t\t<div id=\"elementor-tab-content-1022\" class=\"elementor-tab-content elementor-clearfix\" data-tab=\"2\" role=\"region\" aria-labelledby=\"elementor-tab-title-1022\"><p>Healthcare<\/p><p>Mechanical Engineering IT<\/p><p>Services<\/p><p>Plant engineering<\/p><p>Medical Technology Conglomerate<\/p><p>Building Security<\/p><p>Automotive Industry<\/p><p>Manufacturing of<\/p><p>Printing Machines<\/p><p>Consumer Goods Industry<\/p><p>Media Food Industry<\/p><p>Retail<\/p><p>Pharmaceutical Companies<\/p><p>Research Companies<\/p><p>Online Energy Trading<\/p><p>Tourism<\/p><\/div>\n\t\t\t\t<\/div>\n\t\t\t\t\t\t\t\t<\/div>\n\t\t\t\t\t\t<\/div>\n\t\t\t\t<\/div>\n\t\t\t\t<\/div>\n\t\t\t\t\t<\/div>\n\t\t\t\t<\/div>\n\t\t<div class=\"elementor-element elementor-element-5f2d7fff e-flex e-con-boxed wpr-particle-no wpr-jarallax-no wpr-parallax-no wpr-sticky-section-no e-con e-parent\" data-id=\"5f2d7fff\" data-element_type=\"container\">\n\t\t\t\t\t<div class=\"e-con-inner\">\n\t\t<div class=\"elementor-element elementor-element-58abd31c e-con-full e-flex wpr-particle-no wpr-jarallax-no wpr-parallax-no wpr-sticky-section-no e-con e-child\" data-id=\"58abd31c\" data-element_type=\"container\">\n\t\t\t\t<div class=\"elementor-element elementor-element-264b557d elementor-widget elementor-widget-image\" data-id=\"264b557d\" data-element_type=\"widget\" data-widget_type=\"image.default\">\n\t\t\t\t<div class=\"elementor-widget-container\">\n\t\t\t\t\t\t\t\t\t\t\t\t\t\t\t<img decoding=\"async\" width=\"151\" height=\"224\" src=\"https:\/\/sdc-executives.com\/wp-content\/uploads\/2024\/02\/thomas-ehrenhauser.png\" class=\"attachment-large size-large wp-image-3054\" alt=\"\" \/>\t\t\t\t\t\t\t\t\t\t\t\t\t\t\t<\/div>\n\t\t\t\t<\/div>\n\t\t\t\t<\/div>\n\t\t<div class=\"elementor-element elementor-element-6d43e55f e-con-full e-flex wpr-particle-no wpr-jarallax-no wpr-parallax-no wpr-sticky-section-no e-con e-child\" data-id=\"6d43e55f\" data-element_type=\"container\">\n\t\t\t\t<div class=\"elementor-element elementor-element-73cc65e5 elementor-widget elementor-widget-text-editor\" data-id=\"73cc65e5\" data-element_type=\"widget\" data-widget_type=\"text-editor.default\">\n\t\t\t\t<div class=\"elementor-widget-container\">\n\t\t\t\t\t\t\t\t\t<p>Vision and Unwavering Discipline, Didactics, Communication, and Willingness to Find Solutions.<\/p>\t\t\t\t\t\t\t\t<\/div>\n\t\t\t\t<\/div>\n\t\t\t\t<div class=\"elementor-element elementor-element-2f23c857 elementor-widget elementor-widget-heading\" data-id=\"2f23c857\" data-element_type=\"widget\" data-widget_type=\"heading.default\">\n\t\t\t\t<div class=\"elementor-widget-container\">\n\t\t\t\t\t<h2 class=\"elementor-heading-title elementor-size-default\">Thomas Ehrenhauser<\/h2>\t\t\t\t<\/div>\n\t\t\t\t<\/div>\n\t\t\t\t<div class=\"elementor-element elementor-element-66bdb231 elementor-widget elementor-widget-button\" data-id=\"66bdb231\" data-element_type=\"widget\" data-widget_type=\"button.default\">\n\t\t\t\t<div class=\"elementor-widget-container\">\n\t\t\t\t\t\t\t\t\t<div class=\"elementor-button-wrapper\">\n\t\t\t\t\t<a class=\"elementor-button elementor-button-link elementor-size-sm\" href=\"https:\/\/sdc-executives.com\/en\/experten-anfrage\/\">\n\t\t\t\t\t\t<span class=\"elementor-button-content-wrapper\">\n\t\t\t\t\t\t\t\t\t<span class=\"elementor-button-text\">Request an expert now<\/span>\n\t\t\t\t\t<\/span>\n\t\t\t\t\t<\/a>\n\t\t\t\t<\/div>\n\t\t\t\t\t\t\t\t<\/div>\n\t\t\t\t<\/div>\n\t\t\t\t<\/div>\n\t\t\t\t\t<\/div>\n\t\t\t\t<\/div>\n\t\t<div class=\"elementor-element elementor-element-21e4e6c6 e-flex e-con-boxed wpr-particle-no wpr-jarallax-no wpr-parallax-no wpr-sticky-section-no e-con e-parent\" data-id=\"21e4e6c6\" data-element_type=\"container\">\n\t\t\t\t\t<div class=\"e-con-inner\">\n\t\t\t\t<div class=\"elementor-element elementor-element-77d3a523 elementor-widget elementor-widget-text-editor\" data-id=\"77d3a523\" data-element_type=\"widget\" data-widget_type=\"text-editor.default\">\n\t\t\t\t<div class=\"elementor-widget-container\">\n\t\t\t\t\t\t\t\t\t<p>Thomas Ehrenhauser has 15 years of experience in finance and accounting. He is an experienced interim manager in the area of \u200b\u200bfinance &amp; accounting with various professional positions in different industries. Ehrenhauser's areas of application include positions in accounting, team management and interdisciplinary collaboration in efficiency projects. His expertise extends across various industries, including automotive suppliers, wholesale and retail, services, manufacturing, food and consumer goods, media and healthcare.&nbsp;<\/p><p>His skills include the organization and implementation of efficiency projects, the implementation of IT system changes in accounting, participation in the preparation of monthly and annual financial statements in accordance with the German Commercial Code (HGB) and IFRS, as well as the handling of intercompany and holding accounting tasks.&nbsp;<\/p><p>His project successes include bridging bottleneck situations in change and crisis situations, optimizing processes with an interdisciplinary approach and overcoming challenges in team management. Ehrenhauser's strengths lie in his willingness to find solutions, his discipline, his didactics and his ability as a communicator with vision.&nbsp;<\/p><p>In his last projects he has successfully managed projects in various companies. One example is his work at the AMEOS Hospital Company Saxony-Anhalt, where as a general ledger team leader he set project priorities in asset accounting, the WERE account and data management in order to create more transparency in the processes.&nbsp;<\/p><p>Ehrenhauser also has experience in converting IT system landscapes, such as at KIC Krones GmbH, where he successfully carried out the reconciliation processes in intercompany business and general\/subledger reconciliations. He has also provided support in bottleneck situations at companies such as Rathgeber GmbH &amp; Co. KG and WEKO Wohnen Unternehmensgruppe, particularly in the area of \u200b\u200bpreparing monthly financial statements and VAT plausibility checks.&nbsp;<\/p><p>His broad range of experience and skills make Thomas R. Ehrenhauser an experienced and versatile interim manager in finance and accounting.<\/p>\t\t\t\t\t\t\t\t<\/div>\n\t\t\t\t<\/div>\n\t\t\t\t\t<\/div>\n\t\t\t\t<\/div>\n\t\t\t\t<\/div>","protected":false},"excerpt":{"rendered":"<p>Thomas Ehrenhauser Associate Partner +41-43-883-90-35 \ud83c\udde8\ud83c\udded +49-711-995-985-36 \ud83c\udde9\ud83c\uddea TEH@SDC-Executives.com Thomas Ehrenhauser Pr\u00e4mierter Finanzexperte im Mittelstand f\u00fcr Accounting. Fachkompetenz Aufgabenstellung Restrukturierung Sanierung, insolvenznah Change Management Prozessoptimierung Turnaround Innovation Funktionen Bereichsleitung Teamleitung Branchenkompetenz Gesundheitswesen Maschinenbau IT- Dienstleistungen Anlagentechnik Medizintechnik Mischkonzern Bauwerksicherung Automobilbranche Herstellung von Druckmaschinen Konsumg\u00fcter Industrie Medien Lebensmittelindustrie Einzelhandel Pharmaunternehmen Forschungsunternehmen Online-Energiehandel Tourismus Weitblick und unbedingte Disziplin, Didaktik, Kommunikation und L\u00f6sungswillen. Thomas Ehrenhauser Jetz Experte anfragen Thomas Ehrenhauser verf\u00fcgt \u00fcber 15 Jahre Erfahrung im Finanz- und Rechnungswesen. Er ist ein erfahrener Interim Manager im Bereich Finance &amp; Accounting mit verschiedenen beruflichen Stationen in unterschiedlichen Branchen. Ehrenhausers Einsatzgebiete umfassen Positionen im Buchhaltungsbereich, Teamleitung sowie fach\u00fcbergreifende Zusammenarbeit in Effizienzprojekten. Seine Expertise erstreckt sich \u00fcber verschiedene Branchen, darunter Automobilzulieferer, Gro\u00df- und Einzelhandel, Dienstleistungen, produzierende Industrie, Lebensmittel- und Konsumg\u00fcterindustrie, Medien sowie das Gesundheitswesen.&nbsp; Seine F\u00e4higkeiten umfassen die Organisation und Umsetzung von Effizienzprojekten, die Durchf\u00fchrung von IT-Systemwechseln im Rechnungswesen, die Mitwirkung bei der Erstellung von Monats- und Jahresabschl\u00fcssen nach HGB und IFRS sowie die Abwicklung von Intercompany- und Holding-Buchhaltungsaufgaben.&nbsp; Seine Projekterfolge beinhalten die \u00dcberbr\u00fcckung von Engpass-Situationen in Change- und Krisensituationen, die Optimierung von Prozessen mit interdisziplin\u00e4rem Ansatz sowie die Bew\u00e4ltigung von Herausforderungen im Teammanagement. Ehrenhausers St\u00e4rken liegen im L\u00f6sungswillen, in der Disziplin, in der Didaktik und in seiner F\u00e4higkeit als Kommunikator mit Weitblick.&nbsp; In seinen letzten Projekten hat er erfolgreich Projekte in verschiedenen Unternehmen geleitet. Ein Beispiel ist sein Einsatz bei der AMEOS Krankenhausgesellschaft Sachsen-Anhalt, wo er als Teamleiter Hauptbuch Projektschwerpunkte in der Anlagenbuchhaltung, im WERE-Konto und im Datenmanagement setzte, um mehr Transparenz in den Abl\u00e4ufen zu schaffen.&nbsp; Ehrenhauser hat auch Erfahrung in der Umstellung von IT-Systemlandschaften, wie bei der KIC Krones GmbH, wo er die Abstimmprozesse im Intercompany-Business und Haupt-\/Nebenbuch-Abstimmungen erfolgreich durchf\u00fchrte. Des Weiteren hat er in Engpass-Situationen bei Unternehmen wie Rathgeber GmbH &amp; Co. KG und WEKO Wohnen Unternehmensgruppe unterst\u00fctzt, insbesondere im Bereich der Monatsabschluss-Erstellungen und umsatzsteuerlichen Plausibilit\u00e4tspr\u00fcfungen.&nbsp; Sein breites Spektrum an Erfahrungen und seine F\u00e4higkeiten machen Thomas R. Ehrenhauser zu einem erfahrenen und vielseitigen Interim Manager im Finanz- und Rechnungswesen.<\/p>","protected":false},"author":1,"featured_media":0,"parent":1156,"menu_order":0,"comment_status":"closed","ping_status":"closed","template":"elementor_canvas","meta":{"footnotes":""},"class_list":["post-2560","page","type-page","status-publish","hentry"],"_links":{"self":[{"href":"https:\/\/sdc-executives.com\/en\/wp-json\/wp\/v2\/pages\/2560","targetHints":{"allow":["GET"]}}],"collection":[{"href":"https:\/\/sdc-executives.com\/en\/wp-json\/wp\/v2\/pages"}],"about":[{"href":"https:\/\/sdc-executives.com\/en\/wp-json\/wp\/v2\/types\/page"}],"author":[{"embeddable":true,"href":"https:\/\/sdc-executives.com\/en\/wp-json\/wp\/v2\/users\/1"}],"replies":[{"embeddable":true,"href":"https:\/\/sdc-executives.com\/en\/wp-json\/wp\/v2\/comments?post=2560"}],"version-history":[{"count":7,"href":"https:\/\/sdc-executives.com\/en\/wp-json\/wp\/v2\/pages\/2560\/revisions"}],"predecessor-version":[{"id":3314,"href":"https:\/\/sdc-executives.com\/en\/wp-json\/wp\/v2\/pages\/2560\/revisions\/3314"}],"up":[{"embeddable":true,"href":"https:\/\/sdc-executives.com\/en\/wp-json\/wp\/v2\/pages\/1156"}],"wp:attachment":[{"href":"https:\/\/sdc-executives.com\/en\/wp-json\/wp\/v2\/media?parent=2560"}],"curies":[{"name":"wp","href":"https:\/\/api.w.org\/{rel}","templated":true}]}}