{"id":2555,"date":"2024-01-28T17:02:52","date_gmt":"2024-01-28T16:02:52","guid":{"rendered":"https:\/\/sdc-executives.com\/?page_id=2555"},"modified":"2024-03-27T01:52:50","modified_gmt":"2024-03-27T00:52:50","slug":"gunther-mulverstedt","status":"publish","type":"page","link":"https:\/\/sdc-executives.com\/en\/experten\/gunther-mulverstedt\/","title":{"rendered":"Gunther Mulverstedt"},"content":{"rendered":"<div data-elementor-type=\"wp-page\" data-elementor-id=\"2555\" class=\"elementor elementor-2555\">\n\t\t\t\t<div class=\"elementor-element elementor-element-3cba648e e-flex e-con-boxed wpr-particle-no wpr-jarallax-no wpr-parallax-no wpr-sticky-section-no e-con e-parent\" data-id=\"3cba648e\" data-element_type=\"container\">\n\t\t\t\t\t<div class=\"e-con-inner\">\n\t\t<div class=\"elementor-element elementor-element-21f947f6 e-con-full e-flex wpr-particle-no wpr-jarallax-no wpr-parallax-no wpr-sticky-section-no e-con e-child\" data-id=\"21f947f6\" data-element_type=\"container\">\n\t\t\t\t<div class=\"elementor-element elementor-element-36dcee9b elementor-widget elementor-widget-image\" data-id=\"36dcee9b\" data-element_type=\"widget\" data-widget_type=\"image.default\">\n\t\t\t\t<div class=\"elementor-widget-container\">\n\t\t\t\t\t\t\t\t\t\t\t\t\t\t\t<img fetchpriority=\"high\" decoding=\"async\" width=\"768\" height=\"1024\" src=\"https:\/\/sdc-executives.com\/wp-content\/uploads\/2024\/02\/Gunther--768x1024.png\" class=\"attachment-large size-large wp-image-2793\" alt=\"\" srcset=\"https:\/\/sdc-executives.com\/wp-content\/uploads\/2024\/02\/Gunther--768x1025.png 768w, https:\/\/sdc-executives.com\/wp-content\/uploads\/2024\/02\/Gunther--225x300.png 225w, https:\/\/sdc-executives.com\/wp-content\/uploads\/2024\/02\/Gunther--1151x1536.png 1151w, https:\/\/sdc-executives.com\/wp-content\/uploads\/2024\/02\/Gunther-.png 1535w\" sizes=\"(max-width: 768px) 100vw, 768px\" \/>\t\t\t\t\t\t\t\t\t\t\t\t\t\t\t<\/div>\n\t\t\t\t<\/div>\n\t\t\t\t<div class=\"elementor-element elementor-element-105a65d8 elementor-widget elementor-widget-text-editor\" data-id=\"105a65d8\" data-element_type=\"widget\" data-widget_type=\"text-editor.default\">\n\t\t\t\t<div class=\"elementor-widget-container\">\n\t\t\t\t\t\t\t\t\t<p>G\u00fcnther M\u00fclverstedt<\/p>\t\t\t\t\t\t\t\t<\/div>\n\t\t\t\t<\/div>\n\t\t\t\t<div class=\"elementor-element elementor-element-3e3bfd4e elementor-widget elementor-widget-text-editor\" data-id=\"3e3bfd4e\" data-element_type=\"widget\" data-widget_type=\"text-editor.default\">\n\t\t\t\t<div class=\"elementor-widget-container\">\n\t\t\t\t\t\t\t\t\t<p>Associate Partner<\/p>\t\t\t\t\t\t\t\t<\/div>\n\t\t\t\t<\/div>\n\t\t\t\t<div class=\"elementor-element elementor-element-7cba08cf elementor-align-center elementor-icon-list--layout-traditional elementor-list-item-link-full_width elementor-widget elementor-widget-icon-list\" data-id=\"7cba08cf\" data-element_type=\"widget\" data-widget_type=\"icon-list.default\">\n\t\t\t\t<div class=\"elementor-widget-container\">\n\t\t\t\t\t\t\t<ul class=\"elementor-icon-list-items\">\n\t\t\t\t\t\t\t<li class=\"elementor-icon-list-item\">\n\t\t\t\t\t\t\t\t\t\t\t<span class=\"elementor-icon-list-icon\">\n\t\t\t\t\t\t\t<svg aria-hidden=\"true\" class=\"e-font-icon-svg e-fas-phone-alt\" viewbox=\"0 0 512 512\" xmlns=\"http:\/\/www.w3.org\/2000\/svg\"><path d=\"M497.39 361.8l-112-48a24 24 0 0 0-28 6.9l-49.6 60.6A370.66 370.66 0 0 1 130.6 204.11l60.6-49.6a23.94 23.94 0 0 0 6.9-28l-48-112A24.16 24.16 0 0 0 122.6.61l-104 24A24 24 0 0 0 0 48c0 256.5 207.9 464 464 464a24 24 0 0 0 23.4-18.6l24-104a24.29 24.29 0 0 0-14.01-27.6z\"><\/path><\/svg>\t\t\t\t\t\t<\/span>\n\t\t\t\t\t\t\t\t\t\t<span class=\"elementor-icon-list-text\">+41-43-883-90-35 \ud83c\udde8\ud83c\udded<\/span>\n\t\t\t\t\t\t\t\t\t<\/li>\n\t\t\t\t\t\t\t\t<li class=\"elementor-icon-list-item\">\n\t\t\t\t\t\t\t\t\t\t\t<span class=\"elementor-icon-list-icon\">\n\t\t\t\t\t\t\t<svg aria-hidden=\"true\" class=\"e-font-icon-svg e-fas-phone-alt\" viewbox=\"0 0 512 512\" xmlns=\"http:\/\/www.w3.org\/2000\/svg\"><path d=\"M497.39 361.8l-112-48a24 24 0 0 0-28 6.9l-49.6 60.6A370.66 370.66 0 0 1 130.6 204.11l60.6-49.6a23.94 23.94 0 0 0 6.9-28l-48-112A24.16 24.16 0 0 0 122.6.61l-104 24A24 24 0 0 0 0 48c0 256.5 207.9 464 464 464a24 24 0 0 0 23.4-18.6l24-104a24.29 24.29 0 0 0-14.01-27.6z\"><\/path><\/svg>\t\t\t\t\t\t<\/span>\n\t\t\t\t\t\t\t\t\t\t<span class=\"elementor-icon-list-text\">+49-711-995-985-36 \ud83c\udde9\ud83c\uddea<\/span>\n\t\t\t\t\t\t\t\t\t<\/li>\n\t\t\t\t\t\t\t\t<li class=\"elementor-icon-list-item\">\n\t\t\t\t\t\t\t\t\t\t\t<a href=\"mailto:GMU@SDC-Executives.com\">\n\n\t\t\t\t\t\t\t\t\t\t\t\t<span class=\"elementor-icon-list-icon\">\n\t\t\t\t\t\t\t<svg aria-hidden=\"true\" class=\"e-font-icon-svg e-far-envelope\" viewbox=\"0 0 512 512\" xmlns=\"http:\/\/www.w3.org\/2000\/svg\"><path d=\"M464 64H48C21.49 64 0 85.49 0 112v288c0 26.51 21.49 48 48 48h416c26.51 0 48-21.49 48-48V112c0-26.51-21.49-48-48-48zm0 48v40.805c-22.422 18.259-58.168 46.651-134.587 106.49-16.841 13.247-50.201 45.072-73.413 44.701-23.208.375-56.579-31.459-73.413-44.701C106.18 199.465 70.425 171.067 48 152.805V112h416zM48 400V214.398c22.914 18.251 55.409 43.862 104.938 82.646 21.857 17.205 60.134 55.186 103.062 54.955 42.717.231 80.509-37.199 103.053-54.947 49.528-38.783 82.032-64.401 104.947-82.653V400H48z\"><\/path><\/svg>\t\t\t\t\t\t<\/span>\n\t\t\t\t\t\t\t\t\t\t<span class=\"elementor-icon-list-text\">GMU@SDC-Executives.com<\/span>\n\t\t\t\t\t\t\t\t\t\t\t<\/a>\n\t\t\t\t\t\t\t\t\t<\/li>\n\t\t\t\t\t\t<\/ul>\n\t\t\t\t\t\t<\/div>\n\t\t\t\t<\/div>\n\t\t\t\t<\/div>\n\t\t<div class=\"elementor-element elementor-element-62ca0c3c e-con-full e-flex wpr-particle-no wpr-jarallax-no wpr-parallax-no wpr-sticky-section-no e-con e-child\" data-id=\"62ca0c3c\" data-element_type=\"container\">\n\t\t\t\t<div class=\"elementor-element elementor-element-1cea46cc elementor-widget elementor-widget-heading\" data-id=\"1cea46cc\" data-element_type=\"widget\" data-widget_type=\"heading.default\">\n\t\t\t\t<div class=\"elementor-widget-container\">\n\t\t\t\t\t<h1 class=\"elementor-heading-title elementor-size-default\">G\u00fcnther M\u00fclverstedt<\/h1>\t\t\t\t<\/div>\n\t\t\t\t<\/div>\n\t\t\t\t<div class=\"elementor-element elementor-element-70cb7e4e elementor-widget elementor-widget-text-editor\" data-id=\"70cb7e4e\" data-element_type=\"widget\" data-widget_type=\"text-editor.default\">\n\t\t\t\t<div class=\"elementor-widget-container\">\n\t\t\t\t\t\t\t\t\t<p>Financial expert in medium-sized companies: Award-winning expert for restructuring and profit optimization.<\/p>\t\t\t\t\t\t\t\t<\/div>\n\t\t\t\t<\/div>\n\t\t\t\t<div class=\"elementor-element elementor-element-28218b9b elementor-widget elementor-widget-toggle\" data-id=\"28218b9b\" data-element_type=\"widget\" data-widget_type=\"toggle.default\">\n\t\t\t\t<div class=\"elementor-widget-container\">\n\t\t\t\t\t\t\t<div class=\"elementor-toggle\">\n\t\t\t\t\t\t\t<div class=\"elementor-toggle-item\">\n\t\t\t\t\t<div id=\"elementor-tab-title-6731\" class=\"elementor-tab-title\" data-tab=\"1\" role=\"button\" aria-controls=\"elementor-tab-content-6731\" aria-expanded=\"false\">\n\t\t\t\t\t\t\t\t\t\t\t\t<span class=\"elementor-toggle-icon elementor-toggle-icon-left\" aria-hidden=\"true\">\n\t\t\t\t\t\t\t\t\t\t\t\t\t\t\t<span class=\"elementor-toggle-icon-closed\"><svg class=\"e-font-icon-svg e-fas-caret-right\" viewbox=\"0 0 192 512\" xmlns=\"http:\/\/www.w3.org\/2000\/svg\"><path d=\"M0 384.662V127.338c0-17.818 21.543-26.741 34.142-14.142l128.662 128.662c7.81 7.81 7.81 20.474 0 28.284L34.142 398.804C21.543 411.404 0 402.48 0 384.662z\"><\/path><\/svg><\/span>\n\t\t\t\t\t\t\t\t<span class=\"elementor-toggle-icon-opened\"><svg class=\"elementor-toggle-icon-opened e-font-icon-svg e-fas-caret-up\" viewbox=\"0 0 320 512\" xmlns=\"http:\/\/www.w3.org\/2000\/svg\"><path d=\"M288.662 352H31.338c-17.818 0-26.741-21.543-14.142-34.142l128.662-128.662c7.81-7.81 20.474-7.81 28.284 0l128.662 128.662c12.6 12.599 3.676 34.142-14.142 34.142z\"><\/path><\/svg><\/span>\n\t\t\t\t\t\t\t\t\t\t\t\t\t<\/span>\n\t\t\t\t\t\t\t\t\t\t\t\t<a class=\"elementor-toggle-title\" tabindex=\"0\">Expertise<\/a>\n\t\t\t\t\t<\/div>\n\n\t\t\t\t\t<div id=\"elementor-tab-content-6731\" class=\"elementor-tab-content elementor-clearfix\" data-tab=\"1\" role=\"region\" aria-labelledby=\"elementor-tab-title-6731\"><p><strong>Task<\/strong><\/p><p>Restructuring<\/p><p>Restructuring, near insolvency<\/p><p>Change Management<\/p><p>Process optimization<\/p><p>Turnaround<\/p><p>Innovation<\/p><p><strong>Features<\/strong><\/p><p>Executive management<\/p><p>Operations<\/p><p>Organization<\/p><\/div>\n\t\t\t\t<\/div>\n\t\t\t\t\t\t\t<div class=\"elementor-toggle-item\">\n\t\t\t\t\t<div id=\"elementor-tab-title-6732\" class=\"elementor-tab-title\" data-tab=\"2\" role=\"button\" aria-controls=\"elementor-tab-content-6732\" aria-expanded=\"false\">\n\t\t\t\t\t\t\t\t\t\t\t\t<span class=\"elementor-toggle-icon elementor-toggle-icon-left\" aria-hidden=\"true\">\n\t\t\t\t\t\t\t\t\t\t\t\t\t\t\t<span class=\"elementor-toggle-icon-closed\"><svg class=\"e-font-icon-svg e-fas-caret-right\" viewbox=\"0 0 192 512\" xmlns=\"http:\/\/www.w3.org\/2000\/svg\"><path d=\"M0 384.662V127.338c0-17.818 21.543-26.741 34.142-14.142l128.662 128.662c7.81 7.81 7.81 20.474 0 28.284L34.142 398.804C21.543 411.404 0 402.48 0 384.662z\"><\/path><\/svg><\/span>\n\t\t\t\t\t\t\t\t<span class=\"elementor-toggle-icon-opened\"><svg class=\"elementor-toggle-icon-opened e-font-icon-svg e-fas-caret-up\" viewbox=\"0 0 320 512\" xmlns=\"http:\/\/www.w3.org\/2000\/svg\"><path d=\"M288.662 352H31.338c-17.818 0-26.741-21.543-14.142-34.142l128.662-128.662c7.81-7.81 20.474-7.81 28.284 0l128.662 128.662c12.6 12.599 3.676 34.142-14.142 34.142z\"><\/path><\/svg><\/span>\n\t\t\t\t\t\t\t\t\t\t\t\t\t<\/span>\n\t\t\t\t\t\t\t\t\t\t\t\t<a class=\"elementor-toggle-title\" tabindex=\"0\">Industry expertise<\/a>\n\t\t\t\t\t<\/div>\n\n\t\t\t\t\t<div id=\"elementor-tab-content-6732\" class=\"elementor-tab-content elementor-clearfix\" data-tab=\"2\" role=\"region\" aria-labelledby=\"elementor-tab-title-6732\"><p>Mechanical Engineering IT<\/p><p>Service<\/p><p>Plant engineering<\/p><p>Medical Technology<\/p><\/div>\n\t\t\t\t<\/div>\n\t\t\t\t\t\t\t\t<\/div>\n\t\t\t\t\t\t<\/div>\n\t\t\t\t<\/div>\n\t\t\t\t<\/div>\n\t\t\t\t\t<\/div>\n\t\t\t\t<\/div>\n\t\t<div class=\"elementor-element elementor-element-5533a8e0 e-flex e-con-boxed wpr-particle-no wpr-jarallax-no wpr-parallax-no wpr-sticky-section-no e-con e-parent\" data-id=\"5533a8e0\" data-element_type=\"container\">\n\t\t\t\t\t<div class=\"e-con-inner\">\n\t\t<div class=\"elementor-element elementor-element-2358ec3f e-con-full e-flex wpr-particle-no wpr-jarallax-no wpr-parallax-no wpr-sticky-section-no e-con e-child\" data-id=\"2358ec3f\" data-element_type=\"container\">\n\t\t\t\t<div class=\"elementor-element elementor-element-65a1dc80 elementor-widget elementor-widget-image\" data-id=\"65a1dc80\" data-element_type=\"widget\" data-widget_type=\"image.default\">\n\t\t\t\t<div class=\"elementor-widget-container\">\n\t\t\t\t\t\t\t\t\t\t\t\t\t\t\t<img fetchpriority=\"high\" decoding=\"async\" width=\"768\" height=\"1024\" src=\"https:\/\/sdc-executives.com\/wp-content\/uploads\/2024\/02\/Gunther--768x1024.png\" class=\"attachment-large size-large wp-image-2793\" alt=\"\" srcset=\"https:\/\/sdc-executives.com\/wp-content\/uploads\/2024\/02\/Gunther--768x1025.png 768w, https:\/\/sdc-executives.com\/wp-content\/uploads\/2024\/02\/Gunther--225x300.png 225w, https:\/\/sdc-executives.com\/wp-content\/uploads\/2024\/02\/Gunther--1151x1536.png 1151w, https:\/\/sdc-executives.com\/wp-content\/uploads\/2024\/02\/Gunther-.png 1535w\" sizes=\"(max-width: 768px) 100vw, 768px\" \/>\t\t\t\t\t\t\t\t\t\t\t\t\t\t\t<\/div>\n\t\t\t\t<\/div>\n\t\t\t\t<\/div>\n\t\t<div class=\"elementor-element elementor-element-5067768c e-con-full e-flex wpr-particle-no wpr-jarallax-no wpr-parallax-no wpr-sticky-section-no e-con e-child\" data-id=\"5067768c\" data-element_type=\"container\">\n\t\t\t\t<div class=\"elementor-element elementor-element-f418614 elementor-widget elementor-widget-text-editor\" data-id=\"f418614\" data-element_type=\"widget\" data-widget_type=\"text-editor.default\">\n\t\t\t\t<div class=\"elementor-widget-container\">\n\t\t\t\t\t\t\t\t\t<p>Strategic, solution-oriented, successful. Master of restructuring and increasing earnings.<\/p>\t\t\t\t\t\t\t\t<\/div>\n\t\t\t\t<\/div>\n\t\t\t\t<div class=\"elementor-element elementor-element-6816a69b elementor-widget elementor-widget-heading\" data-id=\"6816a69b\" data-element_type=\"widget\" data-widget_type=\"heading.default\">\n\t\t\t\t<div class=\"elementor-widget-container\">\n\t\t\t\t\t<h2 class=\"elementor-heading-title elementor-size-default\">G\u00fcnther M\u00fclverstedt<\/h2>\t\t\t\t<\/div>\n\t\t\t\t<\/div>\n\t\t\t\t<div class=\"elementor-element elementor-element-125ad881 elementor-widget elementor-widget-button\" data-id=\"125ad881\" data-element_type=\"widget\" data-widget_type=\"button.default\">\n\t\t\t\t<div class=\"elementor-widget-container\">\n\t\t\t\t\t\t\t\t\t<div class=\"elementor-button-wrapper\">\n\t\t\t\t\t<a class=\"elementor-button elementor-button-link elementor-size-sm\" href=\"https:\/\/sdc-executives.com\/en\/experten-anfrage\/\">\n\t\t\t\t\t\t<span class=\"elementor-button-content-wrapper\">\n\t\t\t\t\t\t\t\t\t<span class=\"elementor-button-text\">Request an expert now<\/span>\n\t\t\t\t\t<\/span>\n\t\t\t\t\t<\/a>\n\t\t\t\t<\/div>\n\t\t\t\t\t\t\t\t<\/div>\n\t\t\t\t<\/div>\n\t\t\t\t<\/div>\n\t\t\t\t\t<\/div>\n\t\t\t\t<\/div>\n\t\t<div class=\"elementor-element elementor-element-5608d838 e-flex e-con-boxed wpr-particle-no wpr-jarallax-no wpr-parallax-no wpr-sticky-section-no e-con e-parent\" data-id=\"5608d838\" data-element_type=\"container\">\n\t\t\t\t\t<div class=\"e-con-inner\">\n\t\t\t\t<div class=\"elementor-element elementor-element-54a60d15 elementor-widget elementor-widget-text-editor\" data-id=\"54a60d15\" data-element_type=\"widget\" data-widget_type=\"text-editor.default\">\n\t\t\t\t<div class=\"elementor-widget-container\">\n\t\t\t\t\t\t\t\t\t<p>G\u00fcnther M\u00fclverstedt is an analytically strong CFO with over 15 years of management experience in medium-sized companies. His expertise lies in restructuring and optimization processes. The professional career includes positions as CFO in various industries, such as mechanical engineering, IT services, systems engineering and medical technology.&nbsp;<\/p><p>Successful project management and the management of restructuring projects contributed to increasing earnings, reducing costs and improving operational efficiency. The positions also include managing director positions as well as management positions in controlling and financial management.&nbsp;<\/p><p>With training in mechanical engineering and various further training courses as well as awards such as \u201cFactory of the Year\u201d from BMW SPS, G\u00fcnther M\u00fclverstedt has extensive experience in various industrial sectors, including mechanical engineering, IT services, systems engineering and medical technology.<\/p>\t\t\t\t\t\t\t\t<\/div>\n\t\t\t\t<\/div>\n\t\t\t\t\t<\/div>\n\t\t\t\t<\/div>\n\t\t\t\t<\/div>","protected":false},"excerpt":{"rendered":"<p>G\u00fcnther M\u00fclverstedt Associate Partner +41-43-883-90-35 \ud83c\udde8\ud83c\udded +49-711-995-985-36 \ud83c\udde9\ud83c\uddea GMU@SDC-Executives.com G\u00fcnther M\u00fclverstedt Finanzexperte im Mittelstand: Pr\u00e4mierter Experte f\u00fcr Restrukturierung und Ergebnisoptimierung. Fachkompetenz Aufgabenstellung Restrukturierung Sanierung, insolvenznah Change Management Prozessoptimierung Turnaround Innovation Funktionen Gesch\u00e4ftsf\u00fchrung Operations Organisation Branchenkompetenz Maschinenbau IT- Dienstleistung Anlagentechnik Medizintechnik Strategisch, l\u00f6sungsorientiert, erfolgreich. Meister der Restrukturierung und Ertragssteigerung. G\u00fcnther M\u00fclverstedt Jetz Experte anfragen G\u00fcnther M\u00fclverstedt ist ein analysestarker CFO mit \u00fcber 15 Jahren F\u00fchrungserfahrung in mittelst\u00e4ndischen Unternehmen. Seine Expertise liegt in Restrukturierungs- und Optimierungsprozessen. Der berufliche Werdegang umfasst Positionen als CFO in verschiedenen Branchen, wie Maschinenbau, IT-Dienstleistung, Anlagentechnik und Medizintechnik.&nbsp; Erfolgreiche Projektleitung und die Leitung von Restrukturierungsprojekten trugen zur Steigerung der Ertragslage, zur Kostensenkung und zur Verbesserung der operativen Effizienz bei. Zu den Stationen geh\u00f6ren auch Gesch\u00e4ftsf\u00fchrerpositionen sowie Leitungsfunktionen im Controlling und Finanzmanagement.&nbsp; Mit Ausbildungen in Maschinenbau und diversen Weiterbildungen sowie Auszeichnungen, wie der &#8220;Fabrik des Jahres&#8221; von BMW SPS, verf\u00fcgt G\u00fcnther M\u00fclverstedt \u00fcber umfassende Erfahrung in verschiedenen Industriezweigen, einschlie\u00dflich Maschinenbau, IT-Dienstleistung, Anlagentechnik und Medizintechnik.<\/p>","protected":false},"author":1,"featured_media":0,"parent":1156,"menu_order":0,"comment_status":"closed","ping_status":"closed","template":"elementor_canvas","meta":{"footnotes":""},"class_list":["post-2555","page","type-page","status-publish","hentry"],"_links":{"self":[{"href":"https:\/\/sdc-executives.com\/en\/wp-json\/wp\/v2\/pages\/2555","targetHints":{"allow":["GET"]}}],"collection":[{"href":"https:\/\/sdc-executives.com\/en\/wp-json\/wp\/v2\/pages"}],"about":[{"href":"https:\/\/sdc-executives.com\/en\/wp-json\/wp\/v2\/types\/page"}],"author":[{"embeddable":true,"href":"https:\/\/sdc-executives.com\/en\/wp-json\/wp\/v2\/users\/1"}],"replies":[{"embeddable":true,"href":"https:\/\/sdc-executives.com\/en\/wp-json\/wp\/v2\/comments?post=2555"}],"version-history":[{"count":7,"href":"https:\/\/sdc-executives.com\/en\/wp-json\/wp\/v2\/pages\/2555\/revisions"}],"predecessor-version":[{"id":3311,"href":"https:\/\/sdc-executives.com\/en\/wp-json\/wp\/v2\/pages\/2555\/revisions\/3311"}],"up":[{"embeddable":true,"href":"https:\/\/sdc-executives.com\/en\/wp-json\/wp\/v2\/pages\/1156"}],"wp:attachment":[{"href":"https:\/\/sdc-executives.com\/en\/wp-json\/wp\/v2\/media?parent=2555"}],"curies":[{"name":"wp","href":"https:\/\/api.w.org\/{rel}","templated":true}]}}