{"id":2550,"date":"2024-01-28T16:58:54","date_gmt":"2024-01-28T15:58:54","guid":{"rendered":"https:\/\/sdc-executives.com\/?page_id=2550"},"modified":"2024-03-27T01:50:25","modified_gmt":"2024-03-27T00:50:25","slug":"josef-bauer","status":"publish","type":"page","link":"https:\/\/sdc-executives.com\/en\/experten\/josef-bauer\/","title":{"rendered":"Josef Bauer"},"content":{"rendered":"<div data-elementor-type=\"wp-page\" data-elementor-id=\"2550\" class=\"elementor elementor-2550\">\n\t\t\t\t<div class=\"elementor-element elementor-element-6ee6af52 e-flex e-con-boxed wpr-particle-no wpr-jarallax-no wpr-parallax-no wpr-sticky-section-no e-con e-parent\" data-id=\"6ee6af52\" data-element_type=\"container\">\n\t\t\t\t\t<div class=\"e-con-inner\">\n\t\t<div class=\"elementor-element elementor-element-2d5ad67d e-con-full e-flex wpr-particle-no wpr-jarallax-no wpr-parallax-no wpr-sticky-section-no e-con e-child\" data-id=\"2d5ad67d\" data-element_type=\"container\">\n\t\t\t\t<div class=\"elementor-element elementor-element-7049206f elementor-widget elementor-widget-image\" data-id=\"7049206f\" data-element_type=\"widget\" data-widget_type=\"image.default\">\n\t\t\t\t<div class=\"elementor-widget-container\">\n\t\t\t\t\t\t\t\t\t\t\t\t\t\t\t<img decoding=\"async\" width=\"166\" height=\"224\" src=\"https:\/\/sdc-executives.com\/wp-content\/uploads\/2024\/02\/josef.png\" class=\"attachment-large size-large wp-image-3053\" alt=\"\" \/>\t\t\t\t\t\t\t\t\t\t\t\t\t\t\t<\/div>\n\t\t\t\t<\/div>\n\t\t\t\t<div class=\"elementor-element elementor-element-21d9c19d elementor-widget elementor-widget-text-editor\" data-id=\"21d9c19d\" data-element_type=\"widget\" data-widget_type=\"text-editor.default\">\n\t\t\t\t<div class=\"elementor-widget-container\">\n\t\t\t\t\t\t\t\t\t<p>Josef Bauer<\/p>\t\t\t\t\t\t\t\t<\/div>\n\t\t\t\t<\/div>\n\t\t\t\t<div class=\"elementor-element elementor-element-9cefe79 elementor-widget elementor-widget-text-editor\" data-id=\"9cefe79\" data-element_type=\"widget\" data-widget_type=\"text-editor.default\">\n\t\t\t\t<div class=\"elementor-widget-container\">\n\t\t\t\t\t\t\t\t\t<p>Associate Partner<\/p>\t\t\t\t\t\t\t\t<\/div>\n\t\t\t\t<\/div>\n\t\t\t\t<div class=\"elementor-element elementor-element-4df9347a elementor-align-center elementor-icon-list--layout-traditional elementor-list-item-link-full_width elementor-widget elementor-widget-icon-list\" data-id=\"4df9347a\" data-element_type=\"widget\" data-widget_type=\"icon-list.default\">\n\t\t\t\t<div class=\"elementor-widget-container\">\n\t\t\t\t\t\t\t<ul class=\"elementor-icon-list-items\">\n\t\t\t\t\t\t\t<li class=\"elementor-icon-list-item\">\n\t\t\t\t\t\t\t\t\t\t\t<span class=\"elementor-icon-list-icon\">\n\t\t\t\t\t\t\t<svg aria-hidden=\"true\" class=\"e-font-icon-svg e-fas-phone-alt\" viewbox=\"0 0 512 512\" xmlns=\"http:\/\/www.w3.org\/2000\/svg\"><path d=\"M497.39 361.8l-112-48a24 24 0 0 0-28 6.9l-49.6 60.6A370.66 370.66 0 0 1 130.6 204.11l60.6-49.6a23.94 23.94 0 0 0 6.9-28l-48-112A24.16 24.16 0 0 0 122.6.61l-104 24A24 24 0 0 0 0 48c0 256.5 207.9 464 464 464a24 24 0 0 0 23.4-18.6l24-104a24.29 24.29 0 0 0-14.01-27.6z\"><\/path><\/svg>\t\t\t\t\t\t<\/span>\n\t\t\t\t\t\t\t\t\t\t<span class=\"elementor-icon-list-text\">+41-43-883-90-35 \ud83c\udde8\ud83c\udded<\/span>\n\t\t\t\t\t\t\t\t\t<\/li>\n\t\t\t\t\t\t\t\t<li class=\"elementor-icon-list-item\">\n\t\t\t\t\t\t\t\t\t\t\t<span class=\"elementor-icon-list-icon\">\n\t\t\t\t\t\t\t<svg aria-hidden=\"true\" class=\"e-font-icon-svg e-fas-phone-alt\" viewbox=\"0 0 512 512\" xmlns=\"http:\/\/www.w3.org\/2000\/svg\"><path d=\"M497.39 361.8l-112-48a24 24 0 0 0-28 6.9l-49.6 60.6A370.66 370.66 0 0 1 130.6 204.11l60.6-49.6a23.94 23.94 0 0 0 6.9-28l-48-112A24.16 24.16 0 0 0 122.6.61l-104 24A24 24 0 0 0 0 48c0 256.5 207.9 464 464 464a24 24 0 0 0 23.4-18.6l24-104a24.29 24.29 0 0 0-14.01-27.6z\"><\/path><\/svg>\t\t\t\t\t\t<\/span>\n\t\t\t\t\t\t\t\t\t\t<span class=\"elementor-icon-list-text\">+49-711-995-985-36 \ud83c\udde9\ud83c\uddea<\/span>\n\t\t\t\t\t\t\t\t\t<\/li>\n\t\t\t\t\t\t\t\t<li class=\"elementor-icon-list-item\">\n\t\t\t\t\t\t\t\t\t\t\t<a href=\"mailto:JBA@SDC-Executives.com\">\n\n\t\t\t\t\t\t\t\t\t\t\t\t<span class=\"elementor-icon-list-icon\">\n\t\t\t\t\t\t\t<svg aria-hidden=\"true\" class=\"e-font-icon-svg e-far-envelope\" viewbox=\"0 0 512 512\" xmlns=\"http:\/\/www.w3.org\/2000\/svg\"><path d=\"M464 64H48C21.49 64 0 85.49 0 112v288c0 26.51 21.49 48 48 48h416c26.51 0 48-21.49 48-48V112c0-26.51-21.49-48-48-48zm0 48v40.805c-22.422 18.259-58.168 46.651-134.587 106.49-16.841 13.247-50.201 45.072-73.413 44.701-23.208.375-56.579-31.459-73.413-44.701C106.18 199.465 70.425 171.067 48 152.805V112h416zM48 400V214.398c22.914 18.251 55.409 43.862 104.938 82.646 21.857 17.205 60.134 55.186 103.062 54.955 42.717.231 80.509-37.199 103.053-54.947 49.528-38.783 82.032-64.401 104.947-82.653V400H48z\"><\/path><\/svg>\t\t\t\t\t\t<\/span>\n\t\t\t\t\t\t\t\t\t\t<span class=\"elementor-icon-list-text\">JBA@SDC-Executives.com<\/span>\n\t\t\t\t\t\t\t\t\t\t\t<\/a>\n\t\t\t\t\t\t\t\t\t<\/li>\n\t\t\t\t\t\t<\/ul>\n\t\t\t\t\t\t<\/div>\n\t\t\t\t<\/div>\n\t\t\t\t<\/div>\n\t\t<div class=\"elementor-element elementor-element-241ee962 e-con-full e-flex wpr-particle-no wpr-jarallax-no wpr-parallax-no wpr-sticky-section-no e-con e-child\" data-id=\"241ee962\" data-element_type=\"container\">\n\t\t\t\t<div class=\"elementor-element elementor-element-41d67a34 elementor-widget elementor-widget-heading\" data-id=\"41d67a34\" data-element_type=\"widget\" data-widget_type=\"heading.default\">\n\t\t\t\t<div class=\"elementor-widget-container\">\n\t\t\t\t\t<h1 class=\"elementor-heading-title elementor-size-default\">Josef Bauer<\/h1>\t\t\t\t<\/div>\n\t\t\t\t<\/div>\n\t\t\t\t<div class=\"elementor-element elementor-element-2bbe2aec elementor-widget elementor-widget-text-editor\" data-id=\"2bbe2aec\" data-element_type=\"widget\" data-widget_type=\"text-editor.default\">\n\t\t\t\t<div class=\"elementor-widget-container\">\n\t\t\t\t\t\t\t\t\t<p>Implement EBIT increase programs with effectiveness over efficiency.<\/p>\t\t\t\t\t\t\t\t<\/div>\n\t\t\t\t<\/div>\n\t\t\t\t<div class=\"elementor-element elementor-element-12c2adf7 elementor-widget elementor-widget-toggle\" data-id=\"12c2adf7\" data-element_type=\"widget\" data-widget_type=\"toggle.default\">\n\t\t\t\t<div class=\"elementor-widget-container\">\n\t\t\t\t\t\t\t<div class=\"elementor-toggle\">\n\t\t\t\t\t\t\t<div class=\"elementor-toggle-item\">\n\t\t\t\t\t<div id=\"elementor-tab-title-3141\" class=\"elementor-tab-title\" data-tab=\"1\" role=\"button\" aria-controls=\"elementor-tab-content-3141\" aria-expanded=\"false\">\n\t\t\t\t\t\t\t\t\t\t\t\t<span class=\"elementor-toggle-icon elementor-toggle-icon-left\" aria-hidden=\"true\">\n\t\t\t\t\t\t\t\t\t\t\t\t\t\t\t<span class=\"elementor-toggle-icon-closed\"><svg class=\"e-font-icon-svg e-fas-caret-right\" viewbox=\"0 0 192 512\" xmlns=\"http:\/\/www.w3.org\/2000\/svg\"><path d=\"M0 384.662V127.338c0-17.818 21.543-26.741 34.142-14.142l128.662 128.662c7.81 7.81 7.81 20.474 0 28.284L34.142 398.804C21.543 411.404 0 402.48 0 384.662z\"><\/path><\/svg><\/span>\n\t\t\t\t\t\t\t\t<span class=\"elementor-toggle-icon-opened\"><svg class=\"elementor-toggle-icon-opened e-font-icon-svg e-fas-caret-up\" viewbox=\"0 0 320 512\" xmlns=\"http:\/\/www.w3.org\/2000\/svg\"><path d=\"M288.662 352H31.338c-17.818 0-26.741-21.543-14.142-34.142l128.662-128.662c7.81-7.81 20.474-7.81 28.284 0l128.662 128.662c12.6 12.599 3.676 34.142-14.142 34.142z\"><\/path><\/svg><\/span>\n\t\t\t\t\t\t\t\t\t\t\t\t\t<\/span>\n\t\t\t\t\t\t\t\t\t\t\t\t<a class=\"elementor-toggle-title\" tabindex=\"0\">Expertise<\/a>\n\t\t\t\t\t<\/div>\n\n\t\t\t\t\t<div id=\"elementor-tab-content-3141\" class=\"elementor-tab-content elementor-clearfix\" data-tab=\"1\" role=\"region\" aria-labelledby=\"elementor-tab-title-3141\"><p><strong>Task<\/strong><\/p><p>Restructuring<\/p><p>Restructuring, near insolvency<\/p><p>Change Management<\/p><p>Process optimization<\/p><p>Turnaround<\/p><p>Innovation<\/p><p><strong>Features <\/strong><\/p><p>Executive management<\/p><p>Operations<\/p><p>Organization<\/p><\/div>\n\t\t\t\t<\/div>\n\t\t\t\t\t\t\t<div class=\"elementor-toggle-item\">\n\t\t\t\t\t<div id=\"elementor-tab-title-3142\" class=\"elementor-tab-title\" data-tab=\"2\" role=\"button\" aria-controls=\"elementor-tab-content-3142\" aria-expanded=\"false\">\n\t\t\t\t\t\t\t\t\t\t\t\t<span class=\"elementor-toggle-icon elementor-toggle-icon-left\" aria-hidden=\"true\">\n\t\t\t\t\t\t\t\t\t\t\t\t\t\t\t<span class=\"elementor-toggle-icon-closed\"><svg class=\"e-font-icon-svg e-fas-caret-right\" viewbox=\"0 0 192 512\" xmlns=\"http:\/\/www.w3.org\/2000\/svg\"><path d=\"M0 384.662V127.338c0-17.818 21.543-26.741 34.142-14.142l128.662 128.662c7.81 7.81 7.81 20.474 0 28.284L34.142 398.804C21.543 411.404 0 402.48 0 384.662z\"><\/path><\/svg><\/span>\n\t\t\t\t\t\t\t\t<span class=\"elementor-toggle-icon-opened\"><svg class=\"elementor-toggle-icon-opened e-font-icon-svg e-fas-caret-up\" viewbox=\"0 0 320 512\" xmlns=\"http:\/\/www.w3.org\/2000\/svg\"><path d=\"M288.662 352H31.338c-17.818 0-26.741-21.543-14.142-34.142l128.662-128.662c7.81-7.81 20.474-7.81 28.284 0l128.662 128.662c12.6 12.599 3.676 34.142-14.142 34.142z\"><\/path><\/svg><\/span>\n\t\t\t\t\t\t\t\t\t\t\t\t\t<\/span>\n\t\t\t\t\t\t\t\t\t\t\t\t<a class=\"elementor-toggle-title\" tabindex=\"0\">Industry expertise<\/a>\n\t\t\t\t\t<\/div>\n\n\t\t\t\t\t<div id=\"elementor-tab-content-3142\" class=\"elementor-tab-content elementor-clearfix\" data-tab=\"2\" role=\"region\" aria-labelledby=\"elementor-tab-title-3142\"><p>Automotive Industry<\/p><p>Mechatronics<\/p><p>Plastic Injection Molding<\/p><p>Manufacturing Technology<\/p><p>Engine Development<\/p><\/div>\n\t\t\t\t<\/div>\n\t\t\t\t\t\t\t\t<\/div>\n\t\t\t\t\t\t<\/div>\n\t\t\t\t<\/div>\n\t\t\t\t<\/div>\n\t\t\t\t\t<\/div>\n\t\t\t\t<\/div>\n\t\t<div class=\"elementor-element elementor-element-31b8009c e-flex e-con-boxed wpr-particle-no wpr-jarallax-no wpr-parallax-no wpr-sticky-section-no e-con e-parent\" data-id=\"31b8009c\" data-element_type=\"container\">\n\t\t\t\t\t<div class=\"e-con-inner\">\n\t\t<div class=\"elementor-element elementor-element-2b0ea987 e-con-full e-flex wpr-particle-no wpr-jarallax-no wpr-parallax-no wpr-sticky-section-no e-con e-child\" data-id=\"2b0ea987\" data-element_type=\"container\">\n\t\t\t\t<div class=\"elementor-element elementor-element-1af7c01f elementor-widget elementor-widget-image\" data-id=\"1af7c01f\" data-element_type=\"widget\" data-widget_type=\"image.default\">\n\t\t\t\t<div class=\"elementor-widget-container\">\n\t\t\t\t\t\t\t\t\t\t\t\t\t\t\t<img decoding=\"async\" width=\"166\" height=\"224\" src=\"https:\/\/sdc-executives.com\/wp-content\/uploads\/2024\/02\/josef.png\" class=\"attachment-large size-large wp-image-3053\" alt=\"\" \/>\t\t\t\t\t\t\t\t\t\t\t\t\t\t\t<\/div>\n\t\t\t\t<\/div>\n\t\t\t\t<\/div>\n\t\t<div class=\"elementor-element elementor-element-5cdf6b86 e-con-full e-flex wpr-particle-no wpr-jarallax-no wpr-parallax-no wpr-sticky-section-no e-con e-child\" data-id=\"5cdf6b86\" data-element_type=\"container\">\n\t\t\t\t<div class=\"elementor-element elementor-element-fdd819b elementor-widget elementor-widget-text-editor\" data-id=\"fdd819b\" data-element_type=\"widget\" data-widget_type=\"text-editor.default\">\n\t\t\t\t<div class=\"elementor-widget-container\">\n\t\t\t\t\t\t\t\t\t<p>25 years of automotive expertise: From toolmaker to successful managing director, with a passion for restructuring and lean management.<\/p>\t\t\t\t\t\t\t\t<\/div>\n\t\t\t\t<\/div>\n\t\t\t\t<div class=\"elementor-element elementor-element-5245db05 elementor-widget elementor-widget-heading\" data-id=\"5245db05\" data-element_type=\"widget\" data-widget_type=\"heading.default\">\n\t\t\t\t<div class=\"elementor-widget-container\">\n\t\t\t\t\t<h2 class=\"elementor-heading-title elementor-size-default\">Josef Bauer<\/h2>\t\t\t\t<\/div>\n\t\t\t\t<\/div>\n\t\t\t\t<div class=\"elementor-element elementor-element-23fa03cb elementor-widget elementor-widget-button\" data-id=\"23fa03cb\" data-element_type=\"widget\" data-widget_type=\"button.default\">\n\t\t\t\t<div class=\"elementor-widget-container\">\n\t\t\t\t\t\t\t\t\t<div class=\"elementor-button-wrapper\">\n\t\t\t\t\t<a class=\"elementor-button elementor-button-link elementor-size-sm\" href=\"https:\/\/sdc-executives.com\/en\/experten-anfrage\/\">\n\t\t\t\t\t\t<span class=\"elementor-button-content-wrapper\">\n\t\t\t\t\t\t\t\t\t<span class=\"elementor-button-text\">Request an expert now<\/span>\n\t\t\t\t\t<\/span>\n\t\t\t\t\t<\/a>\n\t\t\t\t<\/div>\n\t\t\t\t\t\t\t\t<\/div>\n\t\t\t\t<\/div>\n\t\t\t\t<\/div>\n\t\t\t\t\t<\/div>\n\t\t\t\t<\/div>\n\t\t<div class=\"elementor-element elementor-element-633d5602 e-flex e-con-boxed wpr-particle-no wpr-jarallax-no wpr-parallax-no wpr-sticky-section-no e-con e-parent\" data-id=\"633d5602\" data-element_type=\"container\">\n\t\t\t\t\t<div class=\"e-con-inner\">\n\t\t\t\t<div class=\"elementor-element elementor-element-30b4e1e7 elementor-widget elementor-widget-text-editor\" data-id=\"30b4e1e7\" data-element_type=\"widget\" data-widget_type=\"text-editor.default\">\n\t\t\t\t<div class=\"elementor-widget-container\">\n\t\t\t\t\t\t\t\t\t<p>Josef Bauer is an experienced executive in the automotive industry with over 25 years of industry experience, including 10 years in management positions. His expertise spans various key areas, including management, production, operations and mechatronics. Bauer places particular emphasis on effectiveness over efficiency and has successfully implemented EBIT improvement programs through the application of lean management, continuous improvement processes (CIP), best practices and lessons learned.&nbsp;<\/p><p>In his current role as Managing Director at Pollmann International GmbH, a leading mechatronics supplier to well-known customers such as BMW, VW-Sitech and Bosch, he initiated turnaround measures and effectively implemented the PCIP Profit &amp; Cash Improvement Program. His responsibilities include focusing on operational excellence, a lean offensive, KPI management and strengthening various business areas.&nbsp;<\/p><p>Before working at Pollmann International, Bauer worked as a plant manager and commercial managing director at Nanogate SE, where he led restructuring and consolidation measures, secured profitability and prepared the company for a carve-out after bankruptcy.&nbsp;<\/p><p>Bauer's professional career also includes leading positions at Carcoustics Slovakia sro, Leggett &amp; Platt Automotive, Hirtenberger Automotive, Eybl International Romania and MAGNA Eybl \/ Intier. In these roles, he successfully carried out comprehensive restructuring, plant expansions and production relocations. His professional basis is a degree in mechanical engineering and automotive technology, supplemented by further training in lean management, Six Sigma and project management.&nbsp;<\/p><p>Josef Bauer is known for his goal-oriented and structured way of working and has successfully managed numerous projects to increase competitiveness and profitability.<\/p>\t\t\t\t\t\t\t\t<\/div>\n\t\t\t\t<\/div>\n\t\t\t\t\t<\/div>\n\t\t\t\t<\/div>\n\t\t\t\t<\/div>","protected":false},"excerpt":{"rendered":"<p>Josef Bauer Associate Partner +41-43-883-90-35 \ud83c\udde8\ud83c\udded +49-711-995-985-36 \ud83c\udde9\ud83c\uddea JBA@SDC-Executives.com Josef Bauer Mit Effektivit\u00e4t vor Effizienz EBIT-Steigerungsprogramme realisieren. Fachkompetenz Aufgabenstellung Restrukturierung Sanierung, insolvenznah Change Management Prozessoptimierung Turnaround Innovation Funktionen Gesch\u00e4ftsf\u00fchrung Operations Organisation Branchenkompetenz Automobilindustrie Mechatronik Kunststoffspritzguss Fertigungstechnik Motorenentwicklung 25 Jahre Automobil-Expertise: Vom Werkzeugmacher zum erfolgreichen Gesch\u00e4ftsf\u00fchrer, mit Leidenschaft f\u00fcr Restrukturierung und Lean Management. Josef Bauer Jetz Experte anfragen Josef Bauer ist ein erfahrener F\u00fchrungskraft in der Automobilindustrie mit \u00fcber 25 Jahren Branchenerfahrung, davon 10 Jahre in leitenden Positionen. Sein Fachwissen erstreckt sich \u00fcber diverse Schl\u00fcsselbereiche, einschlie\u00dflich Gesch\u00e4ftsf\u00fchrung, Produktion, Betrieb und Mechatronik. Bauer legt besonderen Wert auf Effektivit\u00e4t vor Effizienz und hat durch die Anwendung von Lean Management, kontinuierlichen Verbesserungsprozessen (KVP), Best Practices und Lessons Learned erfolgreich EBIT-Steigerungsprogramme umgesetzt.&nbsp; In seiner aktuellen Rolle als Gesch\u00e4ftsf\u00fchrer bei der Pollmann International GmbH, einem f\u00fchrenden Mechatronik-Lieferanten f\u00fcr namhafte Kunden wie BMW, VW-Sitech und Bosch, hat er Turnaround-Ma\u00dfnahmen initiiert und das PCIP-Profit &amp; Cash Improvement Program effektiv implementiert. Seine Verantwortlichkeiten umfassen die Konzentration auf Operational Excellence, eine Lean-Offensive, KPI-Management und die St\u00e4rkung verschiedener Unternehmensbereiche.&nbsp; Vor seiner T\u00e4tigkeit bei Pollmann International war Bauer als Werksleiter und gewerberechtlicher Gesch\u00e4ftsf\u00fchrer bei Nanogate SE besch\u00e4ftigt, wo er Restrukturierungs- und Konsolidierungsma\u00dfnahmen leitete, die Profitabilit\u00e4t sicherte und das Unternehmen auf einen Carve-out nach der Insolvenz vorbereitete.&nbsp; Bauers beruflicher Werdegang umfasst weiterhin f\u00fchrende Positionen bei Carcoustics Slovakia sro, Leggett &amp; Platt Automotive, Hirtenberger Automotive, Eybl International Romania und MAGNA Eybl \/ Intier. In diesen Rollen hat er umfassende Restrukturierungen, Werksaufbauten und Produktionsverlagerungen erfolgreich durchgef\u00fchrt. Seine fachliche Basis bildet ein Studium im Maschinenbau und in der Kfz-Technik, erg\u00e4nzt durch Weiterbildungen in Lean Management, Six Sigma und Projektmanagement.&nbsp; Josef Bauer ist bekannt f\u00fcr seine zielorientierte und strukturierte Arbeitsweise und hat zahlreiche Projekte zur Steigerung der Wettbewerbsf\u00e4higkeit und Profitabilit\u00e4t erfolgreich geleitet.<\/p>","protected":false},"author":1,"featured_media":0,"parent":1156,"menu_order":0,"comment_status":"closed","ping_status":"closed","template":"elementor_canvas","meta":{"footnotes":""},"class_list":["post-2550","page","type-page","status-publish","hentry"],"_links":{"self":[{"href":"https:\/\/sdc-executives.com\/en\/wp-json\/wp\/v2\/pages\/2550","targetHints":{"allow":["GET"]}}],"collection":[{"href":"https:\/\/sdc-executives.com\/en\/wp-json\/wp\/v2\/pages"}],"about":[{"href":"https:\/\/sdc-executives.com\/en\/wp-json\/wp\/v2\/types\/page"}],"author":[{"embeddable":true,"href":"https:\/\/sdc-executives.com\/en\/wp-json\/wp\/v2\/users\/1"}],"replies":[{"embeddable":true,"href":"https:\/\/sdc-executives.com\/en\/wp-json\/wp\/v2\/comments?post=2550"}],"version-history":[{"count":7,"href":"https:\/\/sdc-executives.com\/en\/wp-json\/wp\/v2\/pages\/2550\/revisions"}],"predecessor-version":[{"id":3308,"href":"https:\/\/sdc-executives.com\/en\/wp-json\/wp\/v2\/pages\/2550\/revisions\/3308"}],"up":[{"embeddable":true,"href":"https:\/\/sdc-executives.com\/en\/wp-json\/wp\/v2\/pages\/1156"}],"wp:attachment":[{"href":"https:\/\/sdc-executives.com\/en\/wp-json\/wp\/v2\/media?parent=2550"}],"curies":[{"name":"wp","href":"https:\/\/api.w.org\/{rel}","templated":true}]}}