{"id":2532,"date":"2024-01-28T16:47:50","date_gmt":"2024-01-28T15:47:50","guid":{"rendered":"https:\/\/sdc-executives.com\/?page_id=2532"},"modified":"2024-03-27T01:48:35","modified_gmt":"2024-03-27T00:48:35","slug":"ottmar-ernst","status":"publish","type":"page","link":"https:\/\/sdc-executives.com\/en\/experten\/ottmar-ernst\/","title":{"rendered":"Ottmar Ernst"},"content":{"rendered":"<div data-elementor-type=\"wp-page\" data-elementor-id=\"2532\" class=\"elementor elementor-2532\">\n\t\t\t\t<div class=\"elementor-element elementor-element-64967cb3 e-flex e-con-boxed wpr-particle-no wpr-jarallax-no wpr-parallax-no wpr-sticky-section-no e-con e-parent\" data-id=\"64967cb3\" data-element_type=\"container\">\n\t\t\t\t\t<div class=\"e-con-inner\">\n\t\t<div class=\"elementor-element elementor-element-2f9961e9 e-con-full e-flex wpr-particle-no wpr-jarallax-no wpr-parallax-no wpr-sticky-section-no e-con e-child\" data-id=\"2f9961e9\" data-element_type=\"container\">\n\t\t\t\t<div class=\"elementor-element elementor-element-3227ea61 elementor-widget elementor-widget-image\" data-id=\"3227ea61\" data-element_type=\"widget\" data-widget_type=\"image.default\">\n\t\t\t\t<div class=\"elementor-widget-container\">\n\t\t\t\t\t\t\t\t\t\t\t\t\t\t\t<img decoding=\"async\" width=\"168\" height=\"224\" src=\"https:\/\/sdc-executives.com\/wp-content\/uploads\/2024\/02\/Ottmar.png\" class=\"attachment-large size-large wp-image-3049\" alt=\"\" \/>\t\t\t\t\t\t\t\t\t\t\t\t\t\t\t<\/div>\n\t\t\t\t<\/div>\n\t\t\t\t<div class=\"elementor-element elementor-element-598f0bbe elementor-widget elementor-widget-text-editor\" data-id=\"598f0bbe\" data-element_type=\"widget\" data-widget_type=\"text-editor.default\">\n\t\t\t\t<div class=\"elementor-widget-container\">\n\t\t\t\t\t\t\t\t\t<p>Dr. Ottmar Ernst<\/p>\t\t\t\t\t\t\t\t<\/div>\n\t\t\t\t<\/div>\n\t\t\t\t<div class=\"elementor-element elementor-element-bf00e18 elementor-widget elementor-widget-text-editor\" data-id=\"bf00e18\" data-element_type=\"widget\" data-widget_type=\"text-editor.default\">\n\t\t\t\t<div class=\"elementor-widget-container\">\n\t\t\t\t\t\t\t\t\t<p>Associate Partner<\/p>\t\t\t\t\t\t\t\t<\/div>\n\t\t\t\t<\/div>\n\t\t\t\t<div class=\"elementor-element elementor-element-24846cb4 elementor-align-center elementor-icon-list--layout-traditional elementor-list-item-link-full_width elementor-widget elementor-widget-icon-list\" data-id=\"24846cb4\" data-element_type=\"widget\" data-widget_type=\"icon-list.default\">\n\t\t\t\t<div class=\"elementor-widget-container\">\n\t\t\t\t\t\t\t<ul class=\"elementor-icon-list-items\">\n\t\t\t\t\t\t\t<li class=\"elementor-icon-list-item\">\n\t\t\t\t\t\t\t\t\t\t\t<span class=\"elementor-icon-list-icon\">\n\t\t\t\t\t\t\t<svg aria-hidden=\"true\" class=\"e-font-icon-svg e-fas-phone-alt\" viewbox=\"0 0 512 512\" xmlns=\"http:\/\/www.w3.org\/2000\/svg\"><path d=\"M497.39 361.8l-112-48a24 24 0 0 0-28 6.9l-49.6 60.6A370.66 370.66 0 0 1 130.6 204.11l60.6-49.6a23.94 23.94 0 0 0 6.9-28l-48-112A24.16 24.16 0 0 0 122.6.61l-104 24A24 24 0 0 0 0 48c0 256.5 207.9 464 464 464a24 24 0 0 0 23.4-18.6l24-104a24.29 24.29 0 0 0-14.01-27.6z\"><\/path><\/svg>\t\t\t\t\t\t<\/span>\n\t\t\t\t\t\t\t\t\t\t<span class=\"elementor-icon-list-text\">+41-43-883-90-35 \ud83c\udde8\ud83c\udded<\/span>\n\t\t\t\t\t\t\t\t\t<\/li>\n\t\t\t\t\t\t\t\t<li class=\"elementor-icon-list-item\">\n\t\t\t\t\t\t\t\t\t\t\t<span class=\"elementor-icon-list-icon\">\n\t\t\t\t\t\t\t<svg aria-hidden=\"true\" class=\"e-font-icon-svg e-fas-phone-alt\" viewbox=\"0 0 512 512\" xmlns=\"http:\/\/www.w3.org\/2000\/svg\"><path d=\"M497.39 361.8l-112-48a24 24 0 0 0-28 6.9l-49.6 60.6A370.66 370.66 0 0 1 130.6 204.11l60.6-49.6a23.94 23.94 0 0 0 6.9-28l-48-112A24.16 24.16 0 0 0 122.6.61l-104 24A24 24 0 0 0 0 48c0 256.5 207.9 464 464 464a24 24 0 0 0 23.4-18.6l24-104a24.29 24.29 0 0 0-14.01-27.6z\"><\/path><\/svg>\t\t\t\t\t\t<\/span>\n\t\t\t\t\t\t\t\t\t\t<span class=\"elementor-icon-list-text\">+49-711-995-985-36 \ud83c\udde9\ud83c\uddea<\/span>\n\t\t\t\t\t\t\t\t\t<\/li>\n\t\t\t\t\t\t\t\t<li class=\"elementor-icon-list-item\">\n\t\t\t\t\t\t\t\t\t\t\t<a href=\"mailto:OER@SDC-Executives.com\">\n\n\t\t\t\t\t\t\t\t\t\t\t\t<span class=\"elementor-icon-list-icon\">\n\t\t\t\t\t\t\t<svg aria-hidden=\"true\" class=\"e-font-icon-svg e-far-envelope\" viewbox=\"0 0 512 512\" xmlns=\"http:\/\/www.w3.org\/2000\/svg\"><path d=\"M464 64H48C21.49 64 0 85.49 0 112v288c0 26.51 21.49 48 48 48h416c26.51 0 48-21.49 48-48V112c0-26.51-21.49-48-48-48zm0 48v40.805c-22.422 18.259-58.168 46.651-134.587 106.49-16.841 13.247-50.201 45.072-73.413 44.701-23.208.375-56.579-31.459-73.413-44.701C106.18 199.465 70.425 171.067 48 152.805V112h416zM48 400V214.398c22.914 18.251 55.409 43.862 104.938 82.646 21.857 17.205 60.134 55.186 103.062 54.955 42.717.231 80.509-37.199 103.053-54.947 49.528-38.783 82.032-64.401 104.947-82.653V400H48z\"><\/path><\/svg>\t\t\t\t\t\t<\/span>\n\t\t\t\t\t\t\t\t\t\t<span class=\"elementor-icon-list-text\">OER@SDC-Executives.com<\/span>\n\t\t\t\t\t\t\t\t\t\t\t<\/a>\n\t\t\t\t\t\t\t\t\t<\/li>\n\t\t\t\t\t\t<\/ul>\n\t\t\t\t\t\t<\/div>\n\t\t\t\t<\/div>\n\t\t\t\t<\/div>\n\t\t<div class=\"elementor-element elementor-element-49d9a50a e-con-full e-flex wpr-particle-no wpr-jarallax-no wpr-parallax-no wpr-sticky-section-no e-con e-child\" data-id=\"49d9a50a\" data-element_type=\"container\">\n\t\t\t\t<div class=\"elementor-element elementor-element-5794676c elementor-widget elementor-widget-heading\" data-id=\"5794676c\" data-element_type=\"widget\" data-widget_type=\"heading.default\">\n\t\t\t\t<div class=\"elementor-widget-container\">\n\t\t\t\t\t<h1 class=\"elementor-heading-title elementor-size-default\">Dr. Ottmar Ernst<\/h1>\t\t\t\t<\/div>\n\t\t\t\t<\/div>\n\t\t\t\t<div class=\"elementor-element elementor-element-25528a11 elementor-widget elementor-widget-text-editor\" data-id=\"25528a11\" data-element_type=\"widget\" data-widget_type=\"text-editor.default\">\n\t\t\t\t<div class=\"elementor-widget-container\">\n\t\t\t\t\t\t\t\t\t<p>Creating value through consistent leadership, transparency and excellence in all functions.<\/p>\t\t\t\t\t\t\t\t<\/div>\n\t\t\t\t<\/div>\n\t\t\t\t<div class=\"elementor-element elementor-element-3dac2ce elementor-widget elementor-widget-toggle\" data-id=\"3dac2ce\" data-element_type=\"widget\" data-widget_type=\"toggle.default\">\n\t\t\t\t<div class=\"elementor-widget-container\">\n\t\t\t\t\t\t\t<div class=\"elementor-toggle\">\n\t\t\t\t\t\t\t<div class=\"elementor-toggle-item\">\n\t\t\t\t\t<div id=\"elementor-tab-title-6461\" class=\"elementor-tab-title\" data-tab=\"1\" role=\"button\" aria-controls=\"elementor-tab-content-6461\" aria-expanded=\"false\">\n\t\t\t\t\t\t\t\t\t\t\t\t<span class=\"elementor-toggle-icon elementor-toggle-icon-left\" aria-hidden=\"true\">\n\t\t\t\t\t\t\t\t\t\t\t\t\t\t\t<span class=\"elementor-toggle-icon-closed\"><svg class=\"e-font-icon-svg e-fas-caret-right\" viewbox=\"0 0 192 512\" xmlns=\"http:\/\/www.w3.org\/2000\/svg\"><path d=\"M0 384.662V127.338c0-17.818 21.543-26.741 34.142-14.142l128.662 128.662c7.81 7.81 7.81 20.474 0 28.284L34.142 398.804C21.543 411.404 0 402.48 0 384.662z\"><\/path><\/svg><\/span>\n\t\t\t\t\t\t\t\t<span class=\"elementor-toggle-icon-opened\"><svg class=\"elementor-toggle-icon-opened e-font-icon-svg e-fas-caret-up\" viewbox=\"0 0 320 512\" xmlns=\"http:\/\/www.w3.org\/2000\/svg\"><path d=\"M288.662 352H31.338c-17.818 0-26.741-21.543-14.142-34.142l128.662-128.662c7.81-7.81 20.474-7.81 28.284 0l128.662 128.662c12.6 12.599 3.676 34.142-14.142 34.142z\"><\/path><\/svg><\/span>\n\t\t\t\t\t\t\t\t\t\t\t\t\t<\/span>\n\t\t\t\t\t\t\t\t\t\t\t\t<a class=\"elementor-toggle-title\" tabindex=\"0\">Expertise<\/a>\n\t\t\t\t\t<\/div>\n\n\t\t\t\t\t<div id=\"elementor-tab-content-6461\" class=\"elementor-tab-content elementor-clearfix\" data-tab=\"1\" role=\"region\" aria-labelledby=\"elementor-tab-title-6461\"><p><strong>Task<\/strong><\/p><p>Business Development<\/p><p>Change Management<\/p><p>Post Merger Integration<\/p><p>Turnaround<\/p><p>Innovation<\/p><p><strong>Features <\/strong><\/p><p>Organization<\/p><p>Operations<\/p><p>Information Technology<\/p><p>Executive management<\/p><\/div>\n\t\t\t\t<\/div>\n\t\t\t\t\t\t\t<div class=\"elementor-toggle-item\">\n\t\t\t\t\t<div id=\"elementor-tab-title-6462\" class=\"elementor-tab-title\" data-tab=\"2\" role=\"button\" aria-controls=\"elementor-tab-content-6462\" aria-expanded=\"false\">\n\t\t\t\t\t\t\t\t\t\t\t\t<span class=\"elementor-toggle-icon elementor-toggle-icon-left\" aria-hidden=\"true\">\n\t\t\t\t\t\t\t\t\t\t\t\t\t\t\t<span class=\"elementor-toggle-icon-closed\"><svg class=\"e-font-icon-svg e-fas-caret-right\" viewbox=\"0 0 192 512\" xmlns=\"http:\/\/www.w3.org\/2000\/svg\"><path d=\"M0 384.662V127.338c0-17.818 21.543-26.741 34.142-14.142l128.662 128.662c7.81 7.81 7.81 20.474 0 28.284L34.142 398.804C21.543 411.404 0 402.48 0 384.662z\"><\/path><\/svg><\/span>\n\t\t\t\t\t\t\t\t<span class=\"elementor-toggle-icon-opened\"><svg class=\"elementor-toggle-icon-opened e-font-icon-svg e-fas-caret-up\" viewbox=\"0 0 320 512\" xmlns=\"http:\/\/www.w3.org\/2000\/svg\"><path d=\"M288.662 352H31.338c-17.818 0-26.741-21.543-14.142-34.142l128.662-128.662c7.81-7.81 20.474-7.81 28.284 0l128.662 128.662c12.6 12.599 3.676 34.142-14.142 34.142z\"><\/path><\/svg><\/span>\n\t\t\t\t\t\t\t\t\t\t\t\t\t<\/span>\n\t\t\t\t\t\t\t\t\t\t\t\t<a class=\"elementor-toggle-title\" tabindex=\"0\">Industry expertise<\/a>\n\t\t\t\t\t<\/div>\n\n\t\t\t\t\t<div id=\"elementor-tab-content-6462\" class=\"elementor-tab-content elementor-clearfix\" data-tab=\"2\" role=\"region\" aria-labelledby=\"elementor-tab-title-6462\"><p>Technology companies<\/p><p>Semiconductor industry<\/p><p>Manufacturing companies<\/p><\/div>\n\t\t\t\t<\/div>\n\t\t\t\t\t\t\t\t<\/div>\n\t\t\t\t\t\t<\/div>\n\t\t\t\t<\/div>\n\t\t\t\t<\/div>\n\t\t\t\t\t<\/div>\n\t\t\t\t<\/div>\n\t\t<div class=\"elementor-element elementor-element-63e2e12f e-flex e-con-boxed wpr-particle-no wpr-jarallax-no wpr-parallax-no wpr-sticky-section-no e-con e-parent\" data-id=\"63e2e12f\" data-element_type=\"container\">\n\t\t\t\t\t<div class=\"e-con-inner\">\n\t\t<div class=\"elementor-element elementor-element-1f46b1b9 e-con-full e-flex wpr-particle-no wpr-jarallax-no wpr-parallax-no wpr-sticky-section-no e-con e-child\" data-id=\"1f46b1b9\" data-element_type=\"container\">\n\t\t\t\t<div class=\"elementor-element elementor-element-6a7e8777 elementor-widget elementor-widget-image\" data-id=\"6a7e8777\" data-element_type=\"widget\" data-widget_type=\"image.default\">\n\t\t\t\t<div class=\"elementor-widget-container\">\n\t\t\t\t\t\t\t\t\t\t\t\t\t\t\t<img decoding=\"async\" width=\"168\" height=\"224\" src=\"https:\/\/sdc-executives.com\/wp-content\/uploads\/2024\/02\/Ottmar.png\" class=\"attachment-large size-large wp-image-3049\" alt=\"\" \/>\t\t\t\t\t\t\t\t\t\t\t\t\t\t\t<\/div>\n\t\t\t\t<\/div>\n\t\t\t\t<\/div>\n\t\t<div class=\"elementor-element elementor-element-717efdc5 e-con-full e-flex wpr-particle-no wpr-jarallax-no wpr-parallax-no wpr-sticky-section-no e-con e-child\" data-id=\"717efdc5\" data-element_type=\"container\">\n\t\t\t\t<div class=\"elementor-element elementor-element-3a3a5979 elementor-widget elementor-widget-text-editor\" data-id=\"3a3a5979\" data-element_type=\"widget\" data-widget_type=\"text-editor.default\">\n\t\t\t\t<div class=\"elementor-widget-container\">\n\t\t\t\t\t\t\t\t\t<p>International management experience, leadership skills and excellence in operations, technology and supply chain.<\/p>\t\t\t\t\t\t\t\t<\/div>\n\t\t\t\t<\/div>\n\t\t\t\t<div class=\"elementor-element elementor-element-90db614 elementor-widget elementor-widget-heading\" data-id=\"90db614\" data-element_type=\"widget\" data-widget_type=\"heading.default\">\n\t\t\t\t<div class=\"elementor-widget-container\">\n\t\t\t\t\t<h2 class=\"elementor-heading-title elementor-size-default\">Dr. Ottmar Ernst<\/h2>\t\t\t\t<\/div>\n\t\t\t\t<\/div>\n\t\t\t\t<div class=\"elementor-element elementor-element-35cbcd6b elementor-widget elementor-widget-button\" data-id=\"35cbcd6b\" data-element_type=\"widget\" data-widget_type=\"button.default\">\n\t\t\t\t<div class=\"elementor-widget-container\">\n\t\t\t\t\t\t\t\t\t<div class=\"elementor-button-wrapper\">\n\t\t\t\t\t<a class=\"elementor-button elementor-button-link elementor-size-sm\" href=\"https:\/\/sdc-executives.com\/en\/experten-anfrage\/\">\n\t\t\t\t\t\t<span class=\"elementor-button-content-wrapper\">\n\t\t\t\t\t\t\t\t\t<span class=\"elementor-button-text\">Request an expert now<\/span>\n\t\t\t\t\t<\/span>\n\t\t\t\t\t<\/a>\n\t\t\t\t<\/div>\n\t\t\t\t\t\t\t\t<\/div>\n\t\t\t\t<\/div>\n\t\t\t\t<\/div>\n\t\t\t\t\t<\/div>\n\t\t\t\t<\/div>\n\t\t<div class=\"elementor-element elementor-element-5cd979cf e-flex e-con-boxed wpr-particle-no wpr-jarallax-no wpr-parallax-no wpr-sticky-section-no e-con e-parent\" data-id=\"5cd979cf\" data-element_type=\"container\">\n\t\t\t\t\t<div class=\"e-con-inner\">\n\t\t\t\t<div class=\"elementor-element elementor-element-4f63f771 elementor-widget elementor-widget-text-editor\" data-id=\"4f63f771\" data-element_type=\"widget\" data-widget_type=\"text-editor.default\">\n\t\t\t\t<div class=\"elementor-widget-container\">\n\t\t\t\t\t\t\t\t\t<p>Dr. Ottmar Ernst is an internationally experienced manager with a focus on operations, technology and supply chain. His extensive executive experience spans complex business portfolios in technology companies. He has significant expertise in restructuring, post-merger integration and carve-outs, where he has successfully managed strategic business developments and built customer and supplier relationships in international markets in the medical technology, automation technology and electronics\/semiconductor industries.\u00a0<\/p><p>Dr. Ernst specializes in Operations Excellence, Lean Manufacturing, Total Productive Maintenance and the use of Six Sigma tools. He has successfully implemented digitalization and Industry 4.0 concepts in production. He underpins his intercultural leadership skills with international experience from professional positions in the USA, Japan, China, Singapore, Mexico and other countries, where he had global responsibility for locations.\u00a0<\/p><p>His management approach focuses on creating value through consistent leadership, transparency and excellence in all areas of the company. Dr. Ernst has held senior positions and interim management roles in companies such as H\u00fcppe GmbH, Hako GmbH, PlasTec Technology GmbH and Heraeus.\u00a0<\/p><p>His activities included restructuring, purchasing, factory structure changes, introduction of operations excellence and performance management in the financial services, chemicals and precious and special metals industries. Academically, Dr. Ernst earned a doctorate in mechanical engineering at the Technical University of Kaiserslautern and a graduate engineering degree in the same field.\u00a0<\/p><p>He supplemented his academic training with further training in Good Manufacturing Practice (GMP) as well as in the areas of anti-corruption, antitrust law and compliance.<\/p>\t\t\t\t\t\t\t\t<\/div>\n\t\t\t\t<\/div>\n\t\t\t\t\t<\/div>\n\t\t\t\t<\/div>\n\t\t\t\t<\/div>","protected":false},"excerpt":{"rendered":"<p>Dr. Ottmar Ernst Associate Partner +41-43-883-90-35 \ud83c\udde8\ud83c\udded +49-711-995-985-36 \ud83c\udde9\ud83c\uddea OER@SDC-Executives.com Dr. Ottmar Ernst Werte schaffen durch konsequente F\u00fchrung, Transparenz und Exzellenz in allen Funktionen. Fachkompetenz Aufgabenstellung Business Development Change Management Post Merger Integration Turnaround Innovation Funktionen Organisation Operations Informationstechnologie Gesch\u00e4ftsf\u00fchrung Branchenkompetenz Technologieunternehmen Halbleiterindustrie Produktionsunternehmen Internationale Managementerfahrung, F\u00fchrungskompetenz und Exzellenz in Operations, Technik und Supply Chain. Dr. Ottmar Ernst Jetz Experte anfragen Dr. Ottmar Ernst ist ein international erfahrener Manager mit Schwerpunkten in Operations, Technik und Supply Chain. Seine umfangreiche Gesch\u00e4ftsf\u00fchrungserfahrung erstreckt sich \u00fcber komplexe Gesch\u00e4ftsportfolios in Technologieunternehmen. Er verf\u00fcgt \u00fcber bedeutende Expertise in Restrukturierung, Post-Merger-Integration und Carve-Out, wobei er erfolgreich strategische Gesch\u00e4ftsentwicklungen gesteuert und Kunden- sowie Lieferantenbeziehungen in internationalen M\u00e4rkten der Medizintechnik, Automatisierungstechnik und Elektronik\/Halbleiterindustrie aufgebaut hat.\u00a0 Dr. Ernst ist spezialisiert auf Operations Excellence, Lean Manufacturing, Total Productive Maintenance und den Einsatz von Six Sigma-Werkzeugen. Er hat Digitalisierungs- und Industrie 4.0-Konzepte in der Produktion erfolgreich implementiert. Seine interkulturelle F\u00fchrungskompetenz untermauert er mit internationaler Erfahrung aus beruflichen Stationen in den USA, Japan, China, Singapur, Mexiko und weiteren L\u00e4ndern, wo er globale Verantwortung f\u00fcr Standorte trug.\u00a0 Sein Managementansatz fokussiert auf Wertsch\u00f6pfung durch konsequente F\u00fchrung, Transparenz und Exzellenz in allen Unternehmensbereichen. Dr. Ernst hatte leitende Positionen und Interim-Management-Rollen in Unternehmen wie H\u00fcppe GmbH, Hako GmbH, PlasTec Technology GmbH und Heraeus inne.\u00a0 Seine T\u00e4tigkeiten umfassten Restrukturierung, Einkauf, Werksstruktur\u00e4nderung, Einf\u00fchrung von Operations Excellence und Performance Management in den Branchen Finanzdienstleistungen, Chemie sowie Edel- und Sondermetalle. Akademisch hat Dr. Ernst eine Promotion in Maschinenwesen an der Technischen Universit\u00e4t Kaiserslautern und einen Diplom-Ingenieur-Abschluss im gleichen Fachbereich erworben.\u00a0 Seine akademische Ausbildung erg\u00e4nzte er mit Weiterbildungen in Good Manufacturing Practice (GMP) sowie in den Bereichen Antikorruption, Kartellrecht und Compliance.<\/p>","protected":false},"author":1,"featured_media":0,"parent":1156,"menu_order":0,"comment_status":"closed","ping_status":"closed","template":"elementor_canvas","meta":{"footnotes":""},"class_list":["post-2532","page","type-page","status-publish","hentry"],"_links":{"self":[{"href":"https:\/\/sdc-executives.com\/en\/wp-json\/wp\/v2\/pages\/2532","targetHints":{"allow":["GET"]}}],"collection":[{"href":"https:\/\/sdc-executives.com\/en\/wp-json\/wp\/v2\/pages"}],"about":[{"href":"https:\/\/sdc-executives.com\/en\/wp-json\/wp\/v2\/types\/page"}],"author":[{"embeddable":true,"href":"https:\/\/sdc-executives.com\/en\/wp-json\/wp\/v2\/users\/1"}],"replies":[{"embeddable":true,"href":"https:\/\/sdc-executives.com\/en\/wp-json\/wp\/v2\/comments?post=2532"}],"version-history":[{"count":10,"href":"https:\/\/sdc-executives.com\/en\/wp-json\/wp\/v2\/pages\/2532\/revisions"}],"predecessor-version":[{"id":3299,"href":"https:\/\/sdc-executives.com\/en\/wp-json\/wp\/v2\/pages\/2532\/revisions\/3299"}],"up":[{"embeddable":true,"href":"https:\/\/sdc-executives.com\/en\/wp-json\/wp\/v2\/pages\/1156"}],"wp:attachment":[{"href":"https:\/\/sdc-executives.com\/en\/wp-json\/wp\/v2\/media?parent=2532"}],"curies":[{"name":"wp","href":"https:\/\/api.w.org\/{rel}","templated":true}]}}