{"id":2517,"date":"2024-01-28T16:33:56","date_gmt":"2024-01-28T15:33:56","guid":{"rendered":"https:\/\/sdc-executives.com\/?page_id=2517"},"modified":"2024-03-27T01:45:24","modified_gmt":"2024-03-27T00:45:24","slug":"jorg-muller","status":"publish","type":"page","link":"https:\/\/sdc-executives.com\/en\/experten\/jorg-muller\/","title":{"rendered":"Jorg Muller"},"content":{"rendered":"<div data-elementor-type=\"wp-page\" data-elementor-id=\"2517\" class=\"elementor elementor-2517\">\n\t\t\t\t<div class=\"elementor-element elementor-element-27b9657 e-flex e-con-boxed wpr-particle-no wpr-jarallax-no wpr-parallax-no wpr-sticky-section-no e-con e-parent\" data-id=\"27b9657\" data-element_type=\"container\">\n\t\t\t\t\t<div class=\"e-con-inner\">\n\t\t<div class=\"elementor-element elementor-element-40fe8a8f e-con-full e-flex wpr-particle-no wpr-jarallax-no wpr-parallax-no wpr-sticky-section-no e-con e-child\" data-id=\"40fe8a8f\" data-element_type=\"container\">\n\t\t\t\t<div class=\"elementor-element elementor-element-4681ee elementor-widget elementor-widget-image\" data-id=\"4681ee\" data-element_type=\"widget\" data-widget_type=\"image.default\">\n\t\t\t\t<div class=\"elementor-widget-container\">\n\t\t\t\t\t\t\t\t\t\t\t\t\t\t\t<img fetchpriority=\"high\" decoding=\"async\" width=\"768\" height=\"1024\" src=\"https:\/\/sdc-executives.com\/wp-content\/uploads\/2024\/02\/Jorg-muller-768x1024.png\" class=\"attachment-large size-large wp-image-2791\" alt=\"\" srcset=\"https:\/\/sdc-executives.com\/wp-content\/uploads\/2024\/02\/Jorg-muller-768x1025.png 768w, https:\/\/sdc-executives.com\/wp-content\/uploads\/2024\/02\/Jorg-muller-225x300.png 225w, https:\/\/sdc-executives.com\/wp-content\/uploads\/2024\/02\/Jorg-muller-1151x1536.png 1151w, https:\/\/sdc-executives.com\/wp-content\/uploads\/2024\/02\/Jorg-muller.png 1535w\" sizes=\"(max-width: 768px) 100vw, 768px\" \/>\t\t\t\t\t\t\t\t\t\t\t\t\t\t\t<\/div>\n\t\t\t\t<\/div>\n\t\t\t\t<div class=\"elementor-element elementor-element-1a8ab30b elementor-widget elementor-widget-text-editor\" data-id=\"1a8ab30b\" data-element_type=\"widget\" data-widget_type=\"text-editor.default\">\n\t\t\t\t<div class=\"elementor-widget-container\">\n\t\t\t\t\t\t\t\t\t<p>J\u00f6rg M\u00fcller<\/p>\t\t\t\t\t\t\t\t<\/div>\n\t\t\t\t<\/div>\n\t\t\t\t<div class=\"elementor-element elementor-element-5ac47dac elementor-widget elementor-widget-text-editor\" data-id=\"5ac47dac\" data-element_type=\"widget\" data-widget_type=\"text-editor.default\">\n\t\t\t\t<div class=\"elementor-widget-container\">\n\t\t\t\t\t\t\t\t\t<p>Associate Partner<\/p>\t\t\t\t\t\t\t\t<\/div>\n\t\t\t\t<\/div>\n\t\t\t\t<div class=\"elementor-element elementor-element-9a563f8 elementor-align-center elementor-icon-list--layout-traditional elementor-list-item-link-full_width elementor-widget elementor-widget-icon-list\" data-id=\"9a563f8\" data-element_type=\"widget\" data-widget_type=\"icon-list.default\">\n\t\t\t\t<div class=\"elementor-widget-container\">\n\t\t\t\t\t\t\t<ul class=\"elementor-icon-list-items\">\n\t\t\t\t\t\t\t<li class=\"elementor-icon-list-item\">\n\t\t\t\t\t\t\t\t\t\t\t<span class=\"elementor-icon-list-icon\">\n\t\t\t\t\t\t\t<svg aria-hidden=\"true\" class=\"e-font-icon-svg e-fas-phone-alt\" viewbox=\"0 0 512 512\" xmlns=\"http:\/\/www.w3.org\/2000\/svg\"><path d=\"M497.39 361.8l-112-48a24 24 0 0 0-28 6.9l-49.6 60.6A370.66 370.66 0 0 1 130.6 204.11l60.6-49.6a23.94 23.94 0 0 0 6.9-28l-48-112A24.16 24.16 0 0 0 122.6.61l-104 24A24 24 0 0 0 0 48c0 256.5 207.9 464 464 464a24 24 0 0 0 23.4-18.6l24-104a24.29 24.29 0 0 0-14.01-27.6z\"><\/path><\/svg>\t\t\t\t\t\t<\/span>\n\t\t\t\t\t\t\t\t\t\t<span class=\"elementor-icon-list-text\">+41-43-883-90-35 \ud83c\udde8\ud83c\udded<\/span>\n\t\t\t\t\t\t\t\t\t<\/li>\n\t\t\t\t\t\t\t\t<li class=\"elementor-icon-list-item\">\n\t\t\t\t\t\t\t\t\t\t\t<span class=\"elementor-icon-list-icon\">\n\t\t\t\t\t\t\t<svg aria-hidden=\"true\" class=\"e-font-icon-svg e-fas-phone-alt\" viewbox=\"0 0 512 512\" xmlns=\"http:\/\/www.w3.org\/2000\/svg\"><path d=\"M497.39 361.8l-112-48a24 24 0 0 0-28 6.9l-49.6 60.6A370.66 370.66 0 0 1 130.6 204.11l60.6-49.6a23.94 23.94 0 0 0 6.9-28l-48-112A24.16 24.16 0 0 0 122.6.61l-104 24A24 24 0 0 0 0 48c0 256.5 207.9 464 464 464a24 24 0 0 0 23.4-18.6l24-104a24.29 24.29 0 0 0-14.01-27.6z\"><\/path><\/svg>\t\t\t\t\t\t<\/span>\n\t\t\t\t\t\t\t\t\t\t<span class=\"elementor-icon-list-text\">+49-711-995-985-36 \ud83c\udde9\ud83c\uddea<\/span>\n\t\t\t\t\t\t\t\t\t<\/li>\n\t\t\t\t\t\t\t\t<li class=\"elementor-icon-list-item\">\n\t\t\t\t\t\t\t\t\t\t\t<a href=\"mailto:JMU@SDC-Executives.com\">\n\n\t\t\t\t\t\t\t\t\t\t\t\t<span class=\"elementor-icon-list-icon\">\n\t\t\t\t\t\t\t<svg aria-hidden=\"true\" class=\"e-font-icon-svg e-far-envelope\" viewbox=\"0 0 512 512\" xmlns=\"http:\/\/www.w3.org\/2000\/svg\"><path d=\"M464 64H48C21.49 64 0 85.49 0 112v288c0 26.51 21.49 48 48 48h416c26.51 0 48-21.49 48-48V112c0-26.51-21.49-48-48-48zm0 48v40.805c-22.422 18.259-58.168 46.651-134.587 106.49-16.841 13.247-50.201 45.072-73.413 44.701-23.208.375-56.579-31.459-73.413-44.701C106.18 199.465 70.425 171.067 48 152.805V112h416zM48 400V214.398c22.914 18.251 55.409 43.862 104.938 82.646 21.857 17.205 60.134 55.186 103.062 54.955 42.717.231 80.509-37.199 103.053-54.947 49.528-38.783 82.032-64.401 104.947-82.653V400H48z\"><\/path><\/svg>\t\t\t\t\t\t<\/span>\n\t\t\t\t\t\t\t\t\t\t<span class=\"elementor-icon-list-text\">JMU@SDC-Executives.com<\/span>\n\t\t\t\t\t\t\t\t\t\t\t<\/a>\n\t\t\t\t\t\t\t\t\t<\/li>\n\t\t\t\t\t\t<\/ul>\n\t\t\t\t\t\t<\/div>\n\t\t\t\t<\/div>\n\t\t\t\t<\/div>\n\t\t<div class=\"elementor-element elementor-element-2aeb397 e-con-full e-flex wpr-particle-no wpr-jarallax-no wpr-parallax-no wpr-sticky-section-no e-con e-child\" data-id=\"2aeb397\" data-element_type=\"container\">\n\t\t\t\t<div class=\"elementor-element elementor-element-36de4b66 elementor-widget elementor-widget-heading\" data-id=\"36de4b66\" data-element_type=\"widget\" data-widget_type=\"heading.default\">\n\t\t\t\t<div class=\"elementor-widget-container\">\n\t\t\t\t\t<h1 class=\"elementor-heading-title elementor-size-default\">J\u00f6rg M\u00fcller<\/h1>\t\t\t\t<\/div>\n\t\t\t\t<\/div>\n\t\t\t\t<div class=\"elementor-element elementor-element-583361ee elementor-widget elementor-widget-text-editor\" data-id=\"583361ee\" data-element_type=\"widget\" data-widget_type=\"text-editor.default\">\n\t\t\t\t<div class=\"elementor-widget-container\">\n\t\t\t\t\t\t\t\t\t<p>Process expert for analysis, optimization and a feel for what is possible.<\/p>\t\t\t\t\t\t\t\t<\/div>\n\t\t\t\t<\/div>\n\t\t\t\t<div class=\"elementor-element elementor-element-263cdde3 elementor-widget elementor-widget-toggle\" data-id=\"263cdde3\" data-element_type=\"widget\" data-widget_type=\"toggle.default\">\n\t\t\t\t<div class=\"elementor-widget-container\">\n\t\t\t\t\t\t\t<div class=\"elementor-toggle\">\n\t\t\t\t\t\t\t<div class=\"elementor-toggle-item\">\n\t\t\t\t\t<div id=\"elementor-tab-title-6411\" class=\"elementor-tab-title\" data-tab=\"1\" role=\"button\" aria-controls=\"elementor-tab-content-6411\" aria-expanded=\"false\">\n\t\t\t\t\t\t\t\t\t\t\t\t<span class=\"elementor-toggle-icon elementor-toggle-icon-left\" aria-hidden=\"true\">\n\t\t\t\t\t\t\t\t\t\t\t\t\t\t\t<span class=\"elementor-toggle-icon-closed\"><svg class=\"e-font-icon-svg e-fas-caret-right\" viewbox=\"0 0 192 512\" xmlns=\"http:\/\/www.w3.org\/2000\/svg\"><path d=\"M0 384.662V127.338c0-17.818 21.543-26.741 34.142-14.142l128.662 128.662c7.81 7.81 7.81 20.474 0 28.284L34.142 398.804C21.543 411.404 0 402.48 0 384.662z\"><\/path><\/svg><\/span>\n\t\t\t\t\t\t\t\t<span class=\"elementor-toggle-icon-opened\"><svg class=\"elementor-toggle-icon-opened e-font-icon-svg e-fas-caret-up\" viewbox=\"0 0 320 512\" xmlns=\"http:\/\/www.w3.org\/2000\/svg\"><path d=\"M288.662 352H31.338c-17.818 0-26.741-21.543-14.142-34.142l128.662-128.662c7.81-7.81 20.474-7.81 28.284 0l128.662 128.662c12.6 12.599 3.676 34.142-14.142 34.142z\"><\/path><\/svg><\/span>\n\t\t\t\t\t\t\t\t\t\t\t\t\t<\/span>\n\t\t\t\t\t\t\t\t\t\t\t\t<a class=\"elementor-toggle-title\" tabindex=\"0\">Expertise<\/a>\n\t\t\t\t\t<\/div>\n\n\t\t\t\t\t<div id=\"elementor-tab-content-6411\" class=\"elementor-tab-content elementor-clearfix\" data-tab=\"1\" role=\"region\" aria-labelledby=\"elementor-tab-title-6411\"><p><strong>Task<\/strong><\/p><p>Process optimization<\/p><p>Cost reduction<\/p><p>Turnaround<\/p><p>Change Management<\/p><p><strong>Features <\/strong><\/p><p>Operations<\/p><p>Production<\/p><p>Plant management<\/p><\/div>\n\t\t\t\t<\/div>\n\t\t\t\t\t\t\t<div class=\"elementor-toggle-item\">\n\t\t\t\t\t<div id=\"elementor-tab-title-6412\" class=\"elementor-tab-title\" data-tab=\"2\" role=\"button\" aria-controls=\"elementor-tab-content-6412\" aria-expanded=\"false\">\n\t\t\t\t\t\t\t\t\t\t\t\t<span class=\"elementor-toggle-icon elementor-toggle-icon-left\" aria-hidden=\"true\">\n\t\t\t\t\t\t\t\t\t\t\t\t\t\t\t<span class=\"elementor-toggle-icon-closed\"><svg class=\"e-font-icon-svg e-fas-caret-right\" viewbox=\"0 0 192 512\" xmlns=\"http:\/\/www.w3.org\/2000\/svg\"><path d=\"M0 384.662V127.338c0-17.818 21.543-26.741 34.142-14.142l128.662 128.662c7.81 7.81 7.81 20.474 0 28.284L34.142 398.804C21.543 411.404 0 402.48 0 384.662z\"><\/path><\/svg><\/span>\n\t\t\t\t\t\t\t\t<span class=\"elementor-toggle-icon-opened\"><svg class=\"elementor-toggle-icon-opened e-font-icon-svg e-fas-caret-up\" viewbox=\"0 0 320 512\" xmlns=\"http:\/\/www.w3.org\/2000\/svg\"><path d=\"M288.662 352H31.338c-17.818 0-26.741-21.543-14.142-34.142l128.662-128.662c7.81-7.81 20.474-7.81 28.284 0l128.662 128.662c12.6 12.599 3.676 34.142-14.142 34.142z\"><\/path><\/svg><\/span>\n\t\t\t\t\t\t\t\t\t\t\t\t\t<\/span>\n\t\t\t\t\t\t\t\t\t\t\t\t<a class=\"elementor-toggle-title\" tabindex=\"0\">Industry expertise<\/a>\n\t\t\t\t\t<\/div>\n\n\t\t\t\t\t<div id=\"elementor-tab-content-6412\" class=\"elementor-tab-content elementor-clearfix\" data-tab=\"2\" role=\"region\" aria-labelledby=\"elementor-tab-title-6412\"><p>Paper \/ Packaging Plastic \/ Rubber<\/p><\/div>\n\t\t\t\t<\/div>\n\t\t\t\t\t\t\t\t<\/div>\n\t\t\t\t\t\t<\/div>\n\t\t\t\t<\/div>\n\t\t\t\t<\/div>\n\t\t\t\t\t<\/div>\n\t\t\t\t<\/div>\n\t\t<div class=\"elementor-element elementor-element-2932eccb e-flex e-con-boxed wpr-particle-no wpr-jarallax-no wpr-parallax-no wpr-sticky-section-no e-con e-parent\" data-id=\"2932eccb\" data-element_type=\"container\">\n\t\t\t\t\t<div class=\"e-con-inner\">\n\t\t<div class=\"elementor-element elementor-element-7189fd06 e-con-full e-flex wpr-particle-no wpr-jarallax-no wpr-parallax-no wpr-sticky-section-no e-con e-child\" data-id=\"7189fd06\" data-element_type=\"container\">\n\t\t\t\t<div class=\"elementor-element elementor-element-7624a42b elementor-widget elementor-widget-image\" data-id=\"7624a42b\" data-element_type=\"widget\" data-widget_type=\"image.default\">\n\t\t\t\t<div class=\"elementor-widget-container\">\n\t\t\t\t\t\t\t\t\t\t\t\t\t\t\t<img fetchpriority=\"high\" decoding=\"async\" width=\"768\" height=\"1024\" src=\"https:\/\/sdc-executives.com\/wp-content\/uploads\/2024\/02\/Jorg-muller-768x1024.png\" class=\"attachment-large size-large wp-image-2791\" alt=\"\" srcset=\"https:\/\/sdc-executives.com\/wp-content\/uploads\/2024\/02\/Jorg-muller-768x1025.png 768w, https:\/\/sdc-executives.com\/wp-content\/uploads\/2024\/02\/Jorg-muller-225x300.png 225w, https:\/\/sdc-executives.com\/wp-content\/uploads\/2024\/02\/Jorg-muller-1151x1536.png 1151w, https:\/\/sdc-executives.com\/wp-content\/uploads\/2024\/02\/Jorg-muller.png 1535w\" sizes=\"(max-width: 768px) 100vw, 768px\" \/>\t\t\t\t\t\t\t\t\t\t\t\t\t\t\t<\/div>\n\t\t\t\t<\/div>\n\t\t\t\t<\/div>\n\t\t<div class=\"elementor-element elementor-element-425e87e5 e-con-full e-flex wpr-particle-no wpr-jarallax-no wpr-parallax-no wpr-sticky-section-no e-con e-child\" data-id=\"425e87e5\" data-element_type=\"container\">\n\t\t\t\t<div class=\"elementor-element elementor-element-2ae231e6 elementor-widget elementor-widget-text-editor\" data-id=\"2ae231e6\" data-element_type=\"widget\" data-widget_type=\"text-editor.default\">\n\t\t\t\t<div class=\"elementor-widget-container\">\n\t\t\t\t\t\t\t\t\t<p>Extensive leadership experience, specializing in rapid situation assessment, strategic production development and effective change management.<\/p>\t\t\t\t\t\t\t\t<\/div>\n\t\t\t\t<\/div>\n\t\t\t\t<div class=\"elementor-element elementor-element-4bee442c elementor-widget elementor-widget-heading\" data-id=\"4bee442c\" data-element_type=\"widget\" data-widget_type=\"heading.default\">\n\t\t\t\t<div class=\"elementor-widget-container\">\n\t\t\t\t\t<h2 class=\"elementor-heading-title elementor-size-default\">J\u00f6rg M\u00fcller<\/h2>\t\t\t\t<\/div>\n\t\t\t\t<\/div>\n\t\t\t\t<div class=\"elementor-element elementor-element-35af362b elementor-widget elementor-widget-button\" data-id=\"35af362b\" data-element_type=\"widget\" data-widget_type=\"button.default\">\n\t\t\t\t<div class=\"elementor-widget-container\">\n\t\t\t\t\t\t\t\t\t<div class=\"elementor-button-wrapper\">\n\t\t\t\t\t<a class=\"elementor-button elementor-button-link elementor-size-sm\" href=\"https:\/\/sdc-executives.com\/en\/experten-anfrage\/\">\n\t\t\t\t\t\t<span class=\"elementor-button-content-wrapper\">\n\t\t\t\t\t\t\t\t\t<span class=\"elementor-button-text\">Request an expert now<\/span>\n\t\t\t\t\t<\/span>\n\t\t\t\t\t<\/a>\n\t\t\t\t<\/div>\n\t\t\t\t\t\t\t\t<\/div>\n\t\t\t\t<\/div>\n\t\t\t\t<\/div>\n\t\t\t\t\t<\/div>\n\t\t\t\t<\/div>\n\t\t<div class=\"elementor-element elementor-element-b93067b e-flex e-con-boxed wpr-particle-no wpr-jarallax-no wpr-parallax-no wpr-sticky-section-no e-con e-parent\" data-id=\"b93067b\" data-element_type=\"container\">\n\t\t\t\t\t<div class=\"e-con-inner\">\n\t\t\t\t<div class=\"elementor-element elementor-element-7f62ceea elementor-widget elementor-widget-text-editor\" data-id=\"7f62ceea\" data-element_type=\"widget\" data-widget_type=\"text-editor.default\">\n\t\t\t\t<div class=\"elementor-widget-container\">\n\t\t\t\t\t\t\t\t\t<p>J\u00f6rg M\u00fcller, an experienced manager, specializes in interim mandates as COO, plant manager or project manager, particularly in the packaging industry, plastics processing and related areas such as food, pharmaceuticals, adhesives and coating applications.&nbsp;<\/p><p>His expertise lies in rapid situation assessment, strategic production development, the application of Lean Six Sigma \/ OpEx, as well as the implementation of automation and digitalization projects, including the implementation of machine and infrastructure projects.&nbsp;<\/p><p>His areas of responsibility include process optimization, cost reduction, turnaround and change management. J\u00f6rg M\u00fcller has successfully held plant management positions in various functions, particularly in the areas of operations and production. As an experienced manager, he creates added value at various levels, from management to department management.&nbsp;<\/p><p>He has extensive industry experience spanning the areas of paper\/packaging and plastic\/rubber, primarily in medium-sized companies. With proven experience in Germany and Poland, J\u00f6rg M\u00fcller speaks German as a native language and English at a negotiation level. Companies benefit from his comprehensive expertise in process optimization and strategic change implementation in manufacturing industries.<\/p>\t\t\t\t\t\t\t\t<\/div>\n\t\t\t\t<\/div>\n\t\t\t\t\t<\/div>\n\t\t\t\t<\/div>\n\t\t\t\t<\/div>","protected":false},"excerpt":{"rendered":"<p>J\u00f6rg M\u00fcller Associate Partner +41-43-883-90-35 \ud83c\udde8\ud83c\udded +49-711-995-985-36 \ud83c\udde9\ud83c\uddea JMU@SDC-Executives.com J\u00f6rg M\u00fcller Prozessexperte f\u00fcr Analyse, Optimierung und Gesp\u00fcr f\u00fcr das Machbare. Fachkompetenz Aufgabenstellung Prozessoptimierung Kostenreduktion Turnaround Change Management Funktionen Operations Produktion Werkleitung Branchenkompetenz Papier \/ Verpackung Kunststoff \/ Gummi Umfassende F\u00fchrungserfahrung, Spezialisierung auf schnelle Situationsbewertung, strategische Produktionsentwicklung und effektives Change Management. J\u00f6rg M\u00fcller Jetz Experte anfragen J\u00f6rg M\u00fcller, eine erfahrene F\u00fchrungskraft, spezialisiert sich auf Interim-Mandate als COO, Werkleiter oder Projektleiter, insbesondere in der Verpackungsindustrie, Kunststoffverarbeitung und angrenzenden Bereichen wie Lebensmittel, Pharma, Klebstoffe und Beschichtungsanwendungen.&nbsp; Seine Expertise liegt in der schnellen Situationsbewertung, strategischen Produktionsentwicklung, der Anwendung von Lean Six Sigma \/ OpEx, sowie in der Durchf\u00fchrung von Automatisierungs- und Digitalisierungsprojekten, einschlie\u00dflich der Umsetzung von Maschinen- und Infrastrukturprojekten.&nbsp; Zu seinen Aufgabenbereichen geh\u00f6ren Prozessoptimierung, Kostenreduktion, Turnaround und Change Management. J\u00f6rg M\u00fcller hat in verschiedenen Funktionen, insbesondere im Bereich Operations und Produktion, erfolgreich Werkleitungspositionen innegehabt. Als erfahrene F\u00fchrungskraft schafft er Mehrwert auf verschiedenen Ebenen, von der Gesch\u00e4ftsf\u00fchrung bis zur Bereichsleitung.&nbsp; Er besitzt umfassende Branchenerfahrung, die sich \u00fcber die Bereiche Papier\/Verpackung und Kunststoff\/Gummi erstreckt, vorwiegend im Mittelstand. Mit nachgewiesener Erfahrung in Deutschland und Polen beherrscht J\u00f6rg M\u00fcller Deutsch als Muttersprache sowie Englisch auf Verhandlungsniveau. Unternehmen profitieren von seiner umfassenden Expertise in Prozessoptimierung und strategischer Ver\u00e4nderungsumsetzung in produzierenden Branchen.<\/p>","protected":false},"author":1,"featured_media":0,"parent":1156,"menu_order":0,"comment_status":"closed","ping_status":"closed","template":"elementor_canvas","meta":{"footnotes":""},"class_list":["post-2517","page","type-page","status-publish","hentry"],"_links":{"self":[{"href":"https:\/\/sdc-executives.com\/en\/wp-json\/wp\/v2\/pages\/2517","targetHints":{"allow":["GET"]}}],"collection":[{"href":"https:\/\/sdc-executives.com\/en\/wp-json\/wp\/v2\/pages"}],"about":[{"href":"https:\/\/sdc-executives.com\/en\/wp-json\/wp\/v2\/types\/page"}],"author":[{"embeddable":true,"href":"https:\/\/sdc-executives.com\/en\/wp-json\/wp\/v2\/users\/1"}],"replies":[{"embeddable":true,"href":"https:\/\/sdc-executives.com\/en\/wp-json\/wp\/v2\/comments?post=2517"}],"version-history":[{"count":7,"href":"https:\/\/sdc-executives.com\/en\/wp-json\/wp\/v2\/pages\/2517\/revisions"}],"predecessor-version":[{"id":3290,"href":"https:\/\/sdc-executives.com\/en\/wp-json\/wp\/v2\/pages\/2517\/revisions\/3290"}],"up":[{"embeddable":true,"href":"https:\/\/sdc-executives.com\/en\/wp-json\/wp\/v2\/pages\/1156"}],"wp:attachment":[{"href":"https:\/\/sdc-executives.com\/en\/wp-json\/wp\/v2\/media?parent=2517"}],"curies":[{"name":"wp","href":"https:\/\/api.w.org\/{rel}","templated":true}]}}