{"id":2484,"date":"2024-01-28T16:12:34","date_gmt":"2024-01-28T15:12:34","guid":{"rendered":"https:\/\/sdc-executives.com\/?page_id=2484"},"modified":"2024-03-27T01:39:59","modified_gmt":"2024-03-27T00:39:59","slug":"lee-porst","status":"publish","type":"page","link":"https:\/\/sdc-executives.com\/en\/experten\/lee-porst\/","title":{"rendered":"Lee Porst"},"content":{"rendered":"<div data-elementor-type=\"wp-page\" data-elementor-id=\"2484\" class=\"elementor elementor-2484\">\n\t\t\t\t<div class=\"elementor-element elementor-element-280f2598 e-flex e-con-boxed wpr-particle-no wpr-jarallax-no wpr-parallax-no wpr-sticky-section-no e-con e-parent\" data-id=\"280f2598\" data-element_type=\"container\">\n\t\t\t\t\t<div class=\"e-con-inner\">\n\t\t<div class=\"elementor-element elementor-element-6fc7de8f e-con-full e-flex wpr-particle-no wpr-jarallax-no wpr-parallax-no wpr-sticky-section-no e-con e-child\" data-id=\"6fc7de8f\" data-element_type=\"container\">\n\t\t\t\t<div class=\"elementor-element elementor-element-609487e4 elementor-widget elementor-widget-image\" data-id=\"609487e4\" data-element_type=\"widget\" data-widget_type=\"image.default\">\n\t\t\t\t<div class=\"elementor-widget-container\">\n\t\t\t\t\t\t\t\t\t\t\t\t\t\t\t<img fetchpriority=\"high\" decoding=\"async\" width=\"768\" height=\"1024\" src=\"https:\/\/sdc-executives.com\/wp-content\/uploads\/2024\/02\/Lee-porst-768x1024.png\" class=\"attachment-large size-large wp-image-2799\" alt=\"\" srcset=\"https:\/\/sdc-executives.com\/wp-content\/uploads\/2024\/02\/Lee-porst-768x1025.png 768w, https:\/\/sdc-executives.com\/wp-content\/uploads\/2024\/02\/Lee-porst-225x300.png 225w, https:\/\/sdc-executives.com\/wp-content\/uploads\/2024\/02\/Lee-porst-1151x1536.png 1151w, https:\/\/sdc-executives.com\/wp-content\/uploads\/2024\/02\/Lee-porst.png 1535w\" sizes=\"(max-width: 768px) 100vw, 768px\" \/>\t\t\t\t\t\t\t\t\t\t\t\t\t\t\t<\/div>\n\t\t\t\t<\/div>\n\t\t\t\t<div class=\"elementor-element elementor-element-483d436 elementor-widget elementor-widget-text-editor\" data-id=\"483d436\" data-element_type=\"widget\" data-widget_type=\"text-editor.default\">\n\t\t\t\t<div class=\"elementor-widget-container\">\n\t\t\t\t\t\t\t\t\t<p>Lee Porst<\/p>\t\t\t\t\t\t\t\t<\/div>\n\t\t\t\t<\/div>\n\t\t\t\t<div class=\"elementor-element elementor-element-3e2a06ac elementor-widget elementor-widget-text-editor\" data-id=\"3e2a06ac\" data-element_type=\"widget\" data-widget_type=\"text-editor.default\">\n\t\t\t\t<div class=\"elementor-widget-container\">\n\t\t\t\t\t\t\t\t\t<p>Associate Partner<\/p>\t\t\t\t\t\t\t\t<\/div>\n\t\t\t\t<\/div>\n\t\t\t\t<div class=\"elementor-element elementor-element-21a6dc27 elementor-align-center elementor-icon-list--layout-traditional elementor-list-item-link-full_width elementor-widget elementor-widget-icon-list\" data-id=\"21a6dc27\" data-element_type=\"widget\" data-widget_type=\"icon-list.default\">\n\t\t\t\t<div class=\"elementor-widget-container\">\n\t\t\t\t\t\t\t<ul class=\"elementor-icon-list-items\">\n\t\t\t\t\t\t\t<li class=\"elementor-icon-list-item\">\n\t\t\t\t\t\t\t\t\t\t\t<span class=\"elementor-icon-list-icon\">\n\t\t\t\t\t\t\t<svg aria-hidden=\"true\" class=\"e-font-icon-svg e-fas-phone-alt\" viewbox=\"0 0 512 512\" xmlns=\"http:\/\/www.w3.org\/2000\/svg\"><path d=\"M497.39 361.8l-112-48a24 24 0 0 0-28 6.9l-49.6 60.6A370.66 370.66 0 0 1 130.6 204.11l60.6-49.6a23.94 23.94 0 0 0 6.9-28l-48-112A24.16 24.16 0 0 0 122.6.61l-104 24A24 24 0 0 0 0 48c0 256.5 207.9 464 464 464a24 24 0 0 0 23.4-18.6l24-104a24.29 24.29 0 0 0-14.01-27.6z\"><\/path><\/svg>\t\t\t\t\t\t<\/span>\n\t\t\t\t\t\t\t\t\t\t<span class=\"elementor-icon-list-text\">+41-43-883-90-35 \ud83c\udde8\ud83c\udded<\/span>\n\t\t\t\t\t\t\t\t\t<\/li>\n\t\t\t\t\t\t\t\t<li class=\"elementor-icon-list-item\">\n\t\t\t\t\t\t\t\t\t\t\t<span class=\"elementor-icon-list-icon\">\n\t\t\t\t\t\t\t<svg aria-hidden=\"true\" class=\"e-font-icon-svg e-fas-phone-alt\" viewbox=\"0 0 512 512\" xmlns=\"http:\/\/www.w3.org\/2000\/svg\"><path d=\"M497.39 361.8l-112-48a24 24 0 0 0-28 6.9l-49.6 60.6A370.66 370.66 0 0 1 130.6 204.11l60.6-49.6a23.94 23.94 0 0 0 6.9-28l-48-112A24.16 24.16 0 0 0 122.6.61l-104 24A24 24 0 0 0 0 48c0 256.5 207.9 464 464 464a24 24 0 0 0 23.4-18.6l24-104a24.29 24.29 0 0 0-14.01-27.6z\"><\/path><\/svg>\t\t\t\t\t\t<\/span>\n\t\t\t\t\t\t\t\t\t\t<span class=\"elementor-icon-list-text\">+49-711-995-985-36 \ud83c\udde9\ud83c\uddea<\/span>\n\t\t\t\t\t\t\t\t\t<\/li>\n\t\t\t\t\t\t\t\t<li class=\"elementor-icon-list-item\">\n\t\t\t\t\t\t\t\t\t\t\t<a href=\"mailto:LPO@SDC-Executives.com\">\n\n\t\t\t\t\t\t\t\t\t\t\t\t<span class=\"elementor-icon-list-icon\">\n\t\t\t\t\t\t\t<svg aria-hidden=\"true\" class=\"e-font-icon-svg e-far-envelope\" viewbox=\"0 0 512 512\" xmlns=\"http:\/\/www.w3.org\/2000\/svg\"><path d=\"M464 64H48C21.49 64 0 85.49 0 112v288c0 26.51 21.49 48 48 48h416c26.51 0 48-21.49 48-48V112c0-26.51-21.49-48-48-48zm0 48v40.805c-22.422 18.259-58.168 46.651-134.587 106.49-16.841 13.247-50.201 45.072-73.413 44.701-23.208.375-56.579-31.459-73.413-44.701C106.18 199.465 70.425 171.067 48 152.805V112h416zM48 400V214.398c22.914 18.251 55.409 43.862 104.938 82.646 21.857 17.205 60.134 55.186 103.062 54.955 42.717.231 80.509-37.199 103.053-54.947 49.528-38.783 82.032-64.401 104.947-82.653V400H48z\"><\/path><\/svg>\t\t\t\t\t\t<\/span>\n\t\t\t\t\t\t\t\t\t\t<span class=\"elementor-icon-list-text\">LPO@SDC-Executives.com<\/span>\n\t\t\t\t\t\t\t\t\t\t\t<\/a>\n\t\t\t\t\t\t\t\t\t<\/li>\n\t\t\t\t\t\t<\/ul>\n\t\t\t\t\t\t<\/div>\n\t\t\t\t<\/div>\n\t\t\t\t<\/div>\n\t\t<div class=\"elementor-element elementor-element-efe3ed4 e-con-full e-flex wpr-particle-no wpr-jarallax-no wpr-parallax-no wpr-sticky-section-no e-con e-child\" data-id=\"efe3ed4\" data-element_type=\"container\">\n\t\t\t\t<div class=\"elementor-element elementor-element-1e2dd76b elementor-widget elementor-widget-heading\" data-id=\"1e2dd76b\" data-element_type=\"widget\" data-widget_type=\"heading.default\">\n\t\t\t\t<div class=\"elementor-widget-container\">\n\t\t\t\t\t<h1 class=\"elementor-heading-title elementor-size-default\">Lee Porst<\/h1>\t\t\t\t<\/div>\n\t\t\t\t<\/div>\n\t\t\t\t<div class=\"elementor-element elementor-element-69304a69 elementor-widget elementor-widget-text-editor\" data-id=\"69304a69\" data-element_type=\"widget\" data-widget_type=\"text-editor.default\">\n\t\t\t\t<div class=\"elementor-widget-container\">\n\t\t\t\t\t\t\t\t\t<p>Strong CFOs for accounting, financing and controlling.<\/p>\t\t\t\t\t\t\t\t<\/div>\n\t\t\t\t<\/div>\n\t\t\t\t<div class=\"elementor-element elementor-element-41c91570 elementor-widget elementor-widget-toggle\" data-id=\"41c91570\" data-element_type=\"widget\" data-widget_type=\"toggle.default\">\n\t\t\t\t<div class=\"elementor-widget-container\">\n\t\t\t\t\t\t\t<div class=\"elementor-toggle\">\n\t\t\t\t\t\t\t<div class=\"elementor-toggle-item\">\n\t\t\t\t\t<div id=\"elementor-tab-title-1101\" class=\"elementor-tab-title\" data-tab=\"1\" role=\"button\" aria-controls=\"elementor-tab-content-1101\" aria-expanded=\"false\">\n\t\t\t\t\t\t\t\t\t\t\t\t<span class=\"elementor-toggle-icon elementor-toggle-icon-left\" aria-hidden=\"true\">\n\t\t\t\t\t\t\t\t\t\t\t\t\t\t\t<span class=\"elementor-toggle-icon-closed\"><svg class=\"e-font-icon-svg e-fas-caret-right\" viewbox=\"0 0 192 512\" xmlns=\"http:\/\/www.w3.org\/2000\/svg\"><path d=\"M0 384.662V127.338c0-17.818 21.543-26.741 34.142-14.142l128.662 128.662c7.81 7.81 7.81 20.474 0 28.284L34.142 398.804C21.543 411.404 0 402.48 0 384.662z\"><\/path><\/svg><\/span>\n\t\t\t\t\t\t\t\t<span class=\"elementor-toggle-icon-opened\"><svg class=\"elementor-toggle-icon-opened e-font-icon-svg e-fas-caret-up\" viewbox=\"0 0 320 512\" xmlns=\"http:\/\/www.w3.org\/2000\/svg\"><path d=\"M288.662 352H31.338c-17.818 0-26.741-21.543-14.142-34.142l128.662-128.662c7.81-7.81 20.474-7.81 28.284 0l128.662 128.662c12.6 12.599 3.676 34.142-14.142 34.142z\"><\/path><\/svg><\/span>\n\t\t\t\t\t\t\t\t\t\t\t\t\t<\/span>\n\t\t\t\t\t\t\t\t\t\t\t\t<a class=\"elementor-toggle-title\" tabindex=\"0\">Expertise<\/a>\n\t\t\t\t\t<\/div>\n\n\t\t\t\t\t<div id=\"elementor-tab-content-1101\" class=\"elementor-tab-content elementor-clearfix\" data-tab=\"1\" role=\"region\" aria-labelledby=\"elementor-tab-title-1101\"><p><strong>Task<\/strong><\/p><p>Change Management<\/p><p>Executive management<\/p><p>Cost reduction<\/p><p>Process optimization<\/p><p>Restructuring<\/p><p>Recovery<\/p><p>Near Insolvency<\/p><p><strong>Features<\/strong><\/p><p>Finance<\/p><p>Executive management<\/p><p>Accounting<\/p><p>Controlling<\/p><p>Organization<\/p><\/div>\n\t\t\t\t<\/div>\n\t\t\t\t\t\t\t<div class=\"elementor-toggle-item\">\n\t\t\t\t\t<div id=\"elementor-tab-title-1102\" class=\"elementor-tab-title\" data-tab=\"2\" role=\"button\" aria-controls=\"elementor-tab-content-1102\" aria-expanded=\"false\">\n\t\t\t\t\t\t\t\t\t\t\t\t<span class=\"elementor-toggle-icon elementor-toggle-icon-left\" aria-hidden=\"true\">\n\t\t\t\t\t\t\t\t\t\t\t\t\t\t\t<span class=\"elementor-toggle-icon-closed\"><svg class=\"e-font-icon-svg e-fas-caret-right\" viewbox=\"0 0 192 512\" xmlns=\"http:\/\/www.w3.org\/2000\/svg\"><path d=\"M0 384.662V127.338c0-17.818 21.543-26.741 34.142-14.142l128.662 128.662c7.81 7.81 7.81 20.474 0 28.284L34.142 398.804C21.543 411.404 0 402.48 0 384.662z\"><\/path><\/svg><\/span>\n\t\t\t\t\t\t\t\t<span class=\"elementor-toggle-icon-opened\"><svg class=\"elementor-toggle-icon-opened e-font-icon-svg e-fas-caret-up\" viewbox=\"0 0 320 512\" xmlns=\"http:\/\/www.w3.org\/2000\/svg\"><path d=\"M288.662 352H31.338c-17.818 0-26.741-21.543-14.142-34.142l128.662-128.662c7.81-7.81 20.474-7.81 28.284 0l128.662 128.662c12.6 12.599 3.676 34.142-14.142 34.142z\"><\/path><\/svg><\/span>\n\t\t\t\t\t\t\t\t\t\t\t\t\t<\/span>\n\t\t\t\t\t\t\t\t\t\t\t\t<a class=\"elementor-toggle-title\" tabindex=\"0\">Industry expertise<\/a>\n\t\t\t\t\t<\/div>\n\n\t\t\t\t\t<div id=\"elementor-tab-content-1102\" class=\"elementor-tab-content elementor-clearfix\" data-tab=\"2\" role=\"region\" aria-labelledby=\"elementor-tab-title-1102\"><p>Internet und Informationstechnologie Medien &amp; Verlage FMCG<\/p><\/div>\n\t\t\t\t<\/div>\n\t\t\t\t\t\t\t\t<\/div>\n\t\t\t\t\t\t<\/div>\n\t\t\t\t<\/div>\n\t\t\t\t<\/div>\n\t\t\t\t\t<\/div>\n\t\t\t\t<\/div>\n\t\t<div class=\"elementor-element elementor-element-746862a6 e-flex e-con-boxed wpr-particle-no wpr-jarallax-no wpr-parallax-no wpr-sticky-section-no e-con e-parent\" data-id=\"746862a6\" data-element_type=\"container\">\n\t\t\t\t\t<div class=\"e-con-inner\">\n\t\t<div class=\"elementor-element elementor-element-4989371c e-con-full e-flex wpr-particle-no wpr-jarallax-no wpr-parallax-no wpr-sticky-section-no e-con e-child\" data-id=\"4989371c\" data-element_type=\"container\">\n\t\t\t\t<div class=\"elementor-element elementor-element-11d28fff elementor-widget elementor-widget-image\" data-id=\"11d28fff\" data-element_type=\"widget\" data-widget_type=\"image.default\">\n\t\t\t\t<div class=\"elementor-widget-container\">\n\t\t\t\t\t\t\t\t\t\t\t\t\t\t\t<img fetchpriority=\"high\" decoding=\"async\" width=\"768\" height=\"1024\" src=\"https:\/\/sdc-executives.com\/wp-content\/uploads\/2024\/02\/Lee-porst-768x1024.png\" class=\"attachment-large size-large wp-image-2799\" alt=\"\" srcset=\"https:\/\/sdc-executives.com\/wp-content\/uploads\/2024\/02\/Lee-porst-768x1025.png 768w, https:\/\/sdc-executives.com\/wp-content\/uploads\/2024\/02\/Lee-porst-225x300.png 225w, https:\/\/sdc-executives.com\/wp-content\/uploads\/2024\/02\/Lee-porst-1151x1536.png 1151w, https:\/\/sdc-executives.com\/wp-content\/uploads\/2024\/02\/Lee-porst.png 1535w\" sizes=\"(max-width: 768px) 100vw, 768px\" \/>\t\t\t\t\t\t\t\t\t\t\t\t\t\t\t<\/div>\n\t\t\t\t<\/div>\n\t\t\t\t<\/div>\n\t\t<div class=\"elementor-element elementor-element-fc404e e-con-full e-flex wpr-particle-no wpr-jarallax-no wpr-parallax-no wpr-sticky-section-no e-con e-child\" data-id=\"fc404e\" data-element_type=\"container\">\n\t\t\t\t<div class=\"elementor-element elementor-element-40d7a362 elementor-widget elementor-widget-text-editor\" data-id=\"40d7a362\" data-element_type=\"widget\" data-widget_type=\"text-editor.default\">\n\t\t\t\t<div class=\"elementor-widget-container\">\n\t\t\t\t\t\t\t\t\t<p>Accurate implementation for future-proof accounting.<\/p>\t\t\t\t\t\t\t\t<\/div>\n\t\t\t\t<\/div>\n\t\t\t\t<div class=\"elementor-element elementor-element-693603cc elementor-widget elementor-widget-heading\" data-id=\"693603cc\" data-element_type=\"widget\" data-widget_type=\"heading.default\">\n\t\t\t\t<div class=\"elementor-widget-container\">\n\t\t\t\t\t<h2 class=\"elementor-heading-title elementor-size-default\">Lee Porst<\/h2>\t\t\t\t<\/div>\n\t\t\t\t<\/div>\n\t\t\t\t<div class=\"elementor-element elementor-element-3a419499 elementor-widget elementor-widget-button\" data-id=\"3a419499\" data-element_type=\"widget\" data-widget_type=\"button.default\">\n\t\t\t\t<div class=\"elementor-widget-container\">\n\t\t\t\t\t\t\t\t\t<div class=\"elementor-button-wrapper\">\n\t\t\t\t\t<a class=\"elementor-button elementor-button-link elementor-size-sm\" href=\"https:\/\/sdc-executives.com\/en\/experten-anfrage\/\">\n\t\t\t\t\t\t<span class=\"elementor-button-content-wrapper\">\n\t\t\t\t\t\t\t\t\t<span class=\"elementor-button-text\">Request an expert now<\/span>\n\t\t\t\t\t<\/span>\n\t\t\t\t\t<\/a>\n\t\t\t\t<\/div>\n\t\t\t\t\t\t\t\t<\/div>\n\t\t\t\t<\/div>\n\t\t\t\t<\/div>\n\t\t\t\t\t<\/div>\n\t\t\t\t<\/div>\n\t\t<div class=\"elementor-element elementor-element-87a85f5 e-flex e-con-boxed wpr-particle-no wpr-jarallax-no wpr-parallax-no wpr-sticky-section-no e-con e-parent\" data-id=\"87a85f5\" data-element_type=\"container\">\n\t\t\t\t\t<div class=\"e-con-inner\">\n\t\t\t\t<div class=\"elementor-element elementor-element-79874d30 elementor-widget elementor-widget-text-editor\" data-id=\"79874d30\" data-element_type=\"widget\" data-widget_type=\"text-editor.default\">\n\t\t\t\t<div class=\"elementor-widget-container\">\n\t\t\t\t\t\t\t\t\t<p>With 27 years of experience in leading positions such as CEO, CFO and commercial management, including 17 years in management, Lee Porst has extensive specialist knowledge and leadership skills. She has been working as an independent interim manager since 2020 and has specialized in CFO tasks, software introductions, digitalization and accounting.&nbsp;<\/p><p>Her focus is particularly on transformation projects for start-ups and medium-sized companies. Her expertise extends to areas such as finance, transformation, digitalization, process optimization and change management. Lee Porst brings experience from a variety of industries including services, IT, media and FMCG.&nbsp;<\/p><p>She mainly works for owner-managed family businesses, start-ups and medium-sized companies. Her activities are focused on Germany and she is fluent in German (native language) and English at C1 level.<\/p>\t\t\t\t\t\t\t\t<\/div>\n\t\t\t\t<\/div>\n\t\t\t\t\t<\/div>\n\t\t\t\t<\/div>\n\t\t\t\t<\/div>","protected":false},"excerpt":{"rendered":"<p>Lee Porst Associate Partner +41-43-883-90-35 \ud83c\udde8\ud83c\udded +49-711-995-985-36 \ud83c\udde9\ud83c\uddea LPO@SDC-Executives.com Lee Porst Starke CFOs f\u00fcr Accounting, Finanzierung und Controlling. Fachkompetenz Aufgabenstellung Change Management Gesch\u00e4ftsf\u00fchrung Kostenreduktion Prozessoptimierung Restrukturierung Sanierung, insolvenznah Funktionen Finanzen Gesch\u00e4ftsf\u00fchrung Rechnungswesen Controlling Organisation Branchenkompetenz Internet und Informationstechnologie Medien &amp; Verlage FMCG Akkurate Umsetzung f\u00fcr ein zukunftsf\u00e4higes Accounting. Lee Porst Jetz Experte anfragen Mit 27 Jahren Erfahrung in f\u00fchrenden Positionen wie CEO, CFO und kaufm\u00e4nnischer Leitung, davon 17 Jahre in der Gesch\u00e4ftsf\u00fchrung, verf\u00fcgt Lee Porst \u00fcber umfangreiches Fachwissen und F\u00fchrungskompetenz. Seit 2020 ist sie als selbst\u00e4ndige Interim Managerin t\u00e4tig und hat sich auf CFO-Aufgaben, Softwareeinf\u00fchrungen, Digitalisierung und Bilanzierung spezialisiert.&nbsp; Ihr Fokus liegt besonders auf Transformationsprojekten f\u00fcr Start-ups und mittelst\u00e4ndische Unternehmen. Ihre Expertise erstreckt sich auf Bereiche wie Finanzen, Transformation, Digitalisierung, Prozessoptimierung und Change Management. Lee Porst bringt Erfahrungen aus verschiedenen Branchen mit, darunter Dienstleistungen, IT, Medien und FMCG.&nbsp; Sie arbeitet haupts\u00e4chlich f\u00fcr inhabergef\u00fchrte Familienunternehmen, Start-ups und mittelst\u00e4ndische Firmen. Ihre T\u00e4tigkeiten konzentrieren sich auf Deutschland, und sie spricht flie\u00dfend Deutsch (Muttersprache) sowie Englisch auf C1-Niveau.<\/p>","protected":false},"author":1,"featured_media":0,"parent":1156,"menu_order":0,"comment_status":"closed","ping_status":"closed","template":"elementor_canvas","meta":{"footnotes":""},"class_list":["post-2484","page","type-page","status-publish","hentry"],"_links":{"self":[{"href":"https:\/\/sdc-executives.com\/en\/wp-json\/wp\/v2\/pages\/2484","targetHints":{"allow":["GET"]}}],"collection":[{"href":"https:\/\/sdc-executives.com\/en\/wp-json\/wp\/v2\/pages"}],"about":[{"href":"https:\/\/sdc-executives.com\/en\/wp-json\/wp\/v2\/types\/page"}],"author":[{"embeddable":true,"href":"https:\/\/sdc-executives.com\/en\/wp-json\/wp\/v2\/users\/1"}],"replies":[{"embeddable":true,"href":"https:\/\/sdc-executives.com\/en\/wp-json\/wp\/v2\/comments?post=2484"}],"version-history":[{"count":7,"href":"https:\/\/sdc-executives.com\/en\/wp-json\/wp\/v2\/pages\/2484\/revisions"}],"predecessor-version":[{"id":3275,"href":"https:\/\/sdc-executives.com\/en\/wp-json\/wp\/v2\/pages\/2484\/revisions\/3275"}],"up":[{"embeddable":true,"href":"https:\/\/sdc-executives.com\/en\/wp-json\/wp\/v2\/pages\/1156"}],"wp:attachment":[{"href":"https:\/\/sdc-executives.com\/en\/wp-json\/wp\/v2\/media?parent=2484"}],"curies":[{"name":"wp","href":"https:\/\/api.w.org\/{rel}","templated":true}]}}