{"id":2307,"date":"2024-01-25T14:18:19","date_gmt":"2024-01-25T13:18:19","guid":{"rendered":"https:\/\/sdc-executives.com\/?page_id=2307"},"modified":"2024-03-27T01:34:35","modified_gmt":"2024-03-27T00:34:35","slug":"stephan-cohnen","status":"publish","type":"page","link":"https:\/\/sdc-executives.com\/en\/experten\/stephan-cohnen\/","title":{"rendered":"Stephan Cohnen"},"content":{"rendered":"<div data-elementor-type=\"wp-page\" data-elementor-id=\"2307\" class=\"elementor elementor-2307\">\n\t\t\t\t<div class=\"elementor-element elementor-element-ccca2d6 e-flex e-con-boxed wpr-particle-no wpr-jarallax-no wpr-parallax-no wpr-sticky-section-no e-con e-parent\" data-id=\"ccca2d6\" data-element_type=\"container\">\n\t\t\t\t\t<div class=\"e-con-inner\">\n\t\t<div class=\"elementor-element elementor-element-189c8a39 e-con-full e-flex wpr-particle-no wpr-jarallax-no wpr-parallax-no wpr-sticky-section-no e-con e-child\" data-id=\"189c8a39\" data-element_type=\"container\">\n\t\t\t\t<div class=\"elementor-element elementor-element-46467fcc elementor-widget elementor-widget-image\" data-id=\"46467fcc\" data-element_type=\"widget\" data-widget_type=\"image.default\">\n\t\t\t\t<div class=\"elementor-widget-container\">\n\t\t\t\t\t\t\t\t\t\t\t\t\t\t\t<img fetchpriority=\"high\" decoding=\"async\" width=\"731\" height=\"1024\" src=\"https:\/\/sdc-executives.com\/wp-content\/uploads\/2024\/01\/Stephan_Cohnen--731x1024.jpg\" class=\"attachment-large size-large wp-image-2418\" alt=\"\" srcset=\"https:\/\/sdc-executives.com\/wp-content\/uploads\/2024\/01\/Stephan_Cohnen--731x1024.jpg 731w, https:\/\/sdc-executives.com\/wp-content\/uploads\/2024\/01\/Stephan_Cohnen--214x300.jpg 214w, https:\/\/sdc-executives.com\/wp-content\/uploads\/2024\/01\/Stephan_Cohnen--768x1075.jpg 768w, https:\/\/sdc-executives.com\/wp-content\/uploads\/2024\/01\/Stephan_Cohnen--1097x1536.jpg 1097w, https:\/\/sdc-executives.com\/wp-content\/uploads\/2024\/01\/Stephan_Cohnen--1463x2048.jpg 1463w, https:\/\/sdc-executives.com\/wp-content\/uploads\/2024\/01\/Stephan_Cohnen--scaled.jpg 1829w\" sizes=\"(max-width: 731px) 100vw, 731px\" \/>\t\t\t\t\t\t\t\t\t\t\t\t\t\t\t<\/div>\n\t\t\t\t<\/div>\n\t\t\t\t<div class=\"elementor-element elementor-element-760cfd19 elementor-widget elementor-widget-text-editor\" data-id=\"760cfd19\" data-element_type=\"widget\" data-widget_type=\"text-editor.default\">\n\t\t\t\t<div class=\"elementor-widget-container\">\n\t\t\t\t\t\t\t\t\t<p>Stephan Cohnen<\/p>\t\t\t\t\t\t\t\t<\/div>\n\t\t\t\t<\/div>\n\t\t\t\t<div class=\"elementor-element elementor-element-3ac2c79e elementor-widget elementor-widget-text-editor\" data-id=\"3ac2c79e\" data-element_type=\"widget\" data-widget_type=\"text-editor.default\">\n\t\t\t\t<div class=\"elementor-widget-container\">\n\t\t\t\t\t\t\t\t\t<p>Managing Partner<\/p>\t\t\t\t\t\t\t\t<\/div>\n\t\t\t\t<\/div>\n\t\t\t\t<div class=\"elementor-element elementor-element-2f4f41bf elementor-align-center elementor-icon-list--layout-traditional elementor-list-item-link-full_width elementor-widget elementor-widget-icon-list\" data-id=\"2f4f41bf\" data-element_type=\"widget\" data-widget_type=\"icon-list.default\">\n\t\t\t\t<div class=\"elementor-widget-container\">\n\t\t\t\t\t\t\t<ul class=\"elementor-icon-list-items\">\n\t\t\t\t\t\t\t<li class=\"elementor-icon-list-item\">\n\t\t\t\t\t\t\t\t\t\t\t<span class=\"elementor-icon-list-icon\">\n\t\t\t\t\t\t\t<svg aria-hidden=\"true\" class=\"e-font-icon-svg e-fas-phone-alt\" viewbox=\"0 0 512 512\" xmlns=\"http:\/\/www.w3.org\/2000\/svg\"><path d=\"M497.39 361.8l-112-48a24 24 0 0 0-28 6.9l-49.6 60.6A370.66 370.66 0 0 1 130.6 204.11l60.6-49.6a23.94 23.94 0 0 0 6.9-28l-48-112A24.16 24.16 0 0 0 122.6.61l-104 24A24 24 0 0 0 0 48c0 256.5 207.9 464 464 464a24 24 0 0 0 23.4-18.6l24-104a24.29 24.29 0 0 0-14.01-27.6z\"><\/path><\/svg>\t\t\t\t\t\t<\/span>\n\t\t\t\t\t\t\t\t\t\t<span class=\"elementor-icon-list-text\">+41774589596<\/span>\n\t\t\t\t\t\t\t\t\t<\/li>\n\t\t\t\t\t\t\t\t<li class=\"elementor-icon-list-item\">\n\t\t\t\t\t\t\t\t\t\t\t<a href=\"mailto:SCO@SDC-Executives.com\">\n\n\t\t\t\t\t\t\t\t\t\t\t\t<span class=\"elementor-icon-list-icon\">\n\t\t\t\t\t\t\t<svg aria-hidden=\"true\" class=\"e-font-icon-svg e-far-envelope\" viewbox=\"0 0 512 512\" xmlns=\"http:\/\/www.w3.org\/2000\/svg\"><path d=\"M464 64H48C21.49 64 0 85.49 0 112v288c0 26.51 21.49 48 48 48h416c26.51 0 48-21.49 48-48V112c0-26.51-21.49-48-48-48zm0 48v40.805c-22.422 18.259-58.168 46.651-134.587 106.49-16.841 13.247-50.201 45.072-73.413 44.701-23.208.375-56.579-31.459-73.413-44.701C106.18 199.465 70.425 171.067 48 152.805V112h416zM48 400V214.398c22.914 18.251 55.409 43.862 104.938 82.646 21.857 17.205 60.134 55.186 103.062 54.955 42.717.231 80.509-37.199 103.053-54.947 49.528-38.783 82.032-64.401 104.947-82.653V400H48z\"><\/path><\/svg>\t\t\t\t\t\t<\/span>\n\t\t\t\t\t\t\t\t\t\t<span class=\"elementor-icon-list-text\">SCO@SDC-Executives.com<\/span>\n\t\t\t\t\t\t\t\t\t\t\t<\/a>\n\t\t\t\t\t\t\t\t\t<\/li>\n\t\t\t\t\t\t<\/ul>\n\t\t\t\t\t\t<\/div>\n\t\t\t\t<\/div>\n\t\t\t\t<\/div>\n\t\t<div class=\"elementor-element elementor-element-2bc096d e-con-full e-flex wpr-particle-no wpr-jarallax-no wpr-parallax-no wpr-sticky-section-no e-con e-child\" data-id=\"2bc096d\" data-element_type=\"container\">\n\t\t\t\t<div class=\"elementor-element elementor-element-dc8ffa7 elementor-widget elementor-widget-heading\" data-id=\"dc8ffa7\" data-element_type=\"widget\" data-widget_type=\"heading.default\">\n\t\t\t\t<div class=\"elementor-widget-container\">\n\t\t\t\t\t<h1 class=\"elementor-heading-title elementor-size-default\">Stephan Cohnen<\/h1>\t\t\t\t<\/div>\n\t\t\t\t<\/div>\n\t\t\t\t<div class=\"elementor-element elementor-element-572294e elementor-widget elementor-widget-text-editor\" data-id=\"572294e\" data-element_type=\"widget\" data-widget_type=\"text-editor.default\">\n\t\t\t\t<div class=\"elementor-widget-container\">\n\t\t\t\t\t\t\t\t\t<p>Your SDC expert for turnaround, operational excellence, re-engineering and restructuring.<\/p>\t\t\t\t\t\t\t\t<\/div>\n\t\t\t\t<\/div>\n\t\t\t\t<div class=\"elementor-element elementor-element-fece87b elementor-widget elementor-widget-toggle\" data-id=\"fece87b\" data-element_type=\"widget\" data-widget_type=\"toggle.default\">\n\t\t\t\t<div class=\"elementor-widget-container\">\n\t\t\t\t\t\t\t<div class=\"elementor-toggle\">\n\t\t\t\t\t\t\t<div class=\"elementor-toggle-item\">\n\t\t\t\t\t<div id=\"elementor-tab-title-2671\" class=\"elementor-tab-title\" data-tab=\"1\" role=\"button\" aria-controls=\"elementor-tab-content-2671\" aria-expanded=\"false\">\n\t\t\t\t\t\t\t\t\t\t\t\t<span class=\"elementor-toggle-icon elementor-toggle-icon-left\" aria-hidden=\"true\">\n\t\t\t\t\t\t\t\t\t\t\t\t\t\t\t<span class=\"elementor-toggle-icon-closed\"><svg class=\"e-font-icon-svg e-fas-caret-right\" viewbox=\"0 0 192 512\" xmlns=\"http:\/\/www.w3.org\/2000\/svg\"><path d=\"M0 384.662V127.338c0-17.818 21.543-26.741 34.142-14.142l128.662 128.662c7.81 7.81 7.81 20.474 0 28.284L34.142 398.804C21.543 411.404 0 402.48 0 384.662z\"><\/path><\/svg><\/span>\n\t\t\t\t\t\t\t\t<span class=\"elementor-toggle-icon-opened\"><svg class=\"elementor-toggle-icon-opened e-font-icon-svg e-fas-caret-up\" viewbox=\"0 0 320 512\" xmlns=\"http:\/\/www.w3.org\/2000\/svg\"><path d=\"M288.662 352H31.338c-17.818 0-26.741-21.543-14.142-34.142l128.662-128.662c7.81-7.81 20.474-7.81 28.284 0l128.662 128.662c12.6 12.599 3.676 34.142-14.142 34.142z\"><\/path><\/svg><\/span>\n\t\t\t\t\t\t\t\t\t\t\t\t\t<\/span>\n\t\t\t\t\t\t\t\t\t\t\t\t<a class=\"elementor-toggle-title\" tabindex=\"0\">Expertise<\/a>\n\t\t\t\t\t<\/div>\n\n\t\t\t\t\t<div id=\"elementor-tab-content-2671\" class=\"elementor-tab-content elementor-clearfix\" data-tab=\"1\" role=\"region\" aria-labelledby=\"elementor-tab-title-2671\"><p><strong>Task<\/strong><\/p><p>Business Development<\/p><p>Change Management Post<\/p><p>Merger Integration<\/p><p>Project management<\/p><p>Turnaround<\/p><p>Leadership &amp; intercultural team motivation<\/p><p>Financial Management<\/p><p>Due Diligence and M&amp;A<\/p><p><strong>Features<\/strong><\/p><p>Finance<\/p><p>Executive management<\/p><p>Production Organization<\/p><p>Supply Chain Management<\/p><p>Modularization<\/p><p>Re-Engineering<\/p><p>Quality management<\/p><\/div>\n\t\t\t\t<\/div>\n\t\t\t\t\t\t\t<div class=\"elementor-toggle-item\">\n\t\t\t\t\t<div id=\"elementor-tab-title-2672\" class=\"elementor-tab-title\" data-tab=\"2\" role=\"button\" aria-controls=\"elementor-tab-content-2672\" aria-expanded=\"false\">\n\t\t\t\t\t\t\t\t\t\t\t\t<span class=\"elementor-toggle-icon elementor-toggle-icon-left\" aria-hidden=\"true\">\n\t\t\t\t\t\t\t\t\t\t\t\t\t\t\t<span class=\"elementor-toggle-icon-closed\"><svg class=\"e-font-icon-svg e-fas-caret-right\" viewbox=\"0 0 192 512\" xmlns=\"http:\/\/www.w3.org\/2000\/svg\"><path d=\"M0 384.662V127.338c0-17.818 21.543-26.741 34.142-14.142l128.662 128.662c7.81 7.81 7.81 20.474 0 28.284L34.142 398.804C21.543 411.404 0 402.48 0 384.662z\"><\/path><\/svg><\/span>\n\t\t\t\t\t\t\t\t<span class=\"elementor-toggle-icon-opened\"><svg class=\"elementor-toggle-icon-opened e-font-icon-svg e-fas-caret-up\" viewbox=\"0 0 320 512\" xmlns=\"http:\/\/www.w3.org\/2000\/svg\"><path d=\"M288.662 352H31.338c-17.818 0-26.741-21.543-14.142-34.142l128.662-128.662c7.81-7.81 20.474-7.81 28.284 0l128.662 128.662c12.6 12.599 3.676 34.142-14.142 34.142z\"><\/path><\/svg><\/span>\n\t\t\t\t\t\t\t\t\t\t\t\t\t<\/span>\n\t\t\t\t\t\t\t\t\t\t\t\t<a class=\"elementor-toggle-title\" tabindex=\"0\">Industry expertise<\/a>\n\t\t\t\t\t<\/div>\n\n\t\t\t\t\t<div id=\"elementor-tab-content-2672\" class=\"elementor-tab-content elementor-clearfix\" data-tab=\"2\" role=\"region\" aria-labelledby=\"elementor-tab-title-2672\"><p>Plant Engineering<\/p><p>Mechanical Engineering<\/p><p>Automotive<\/p><p>Shipbuilding<\/p><p>Pharma<\/p><p>Private Equity<\/p><p>Politics<\/p><\/div>\n\t\t\t\t<\/div>\n\t\t\t\t\t\t\t\t<\/div>\n\t\t\t\t\t\t<\/div>\n\t\t\t\t<\/div>\n\t\t\t\t<\/div>\n\t\t\t\t\t<\/div>\n\t\t\t\t<\/div>\n\t\t<div class=\"elementor-element elementor-element-88a9b1a e-flex e-con-boxed wpr-particle-no wpr-jarallax-no wpr-parallax-no wpr-sticky-section-no e-con e-parent\" data-id=\"88a9b1a\" data-element_type=\"container\">\n\t\t\t\t\t<div class=\"e-con-inner\">\n\t\t<div class=\"elementor-element elementor-element-f32dd92 e-con-full e-flex wpr-particle-no wpr-jarallax-no wpr-parallax-no wpr-sticky-section-no e-con e-child\" data-id=\"f32dd92\" data-element_type=\"container\">\n\t\t\t\t<div class=\"elementor-element elementor-element-0cc741d elementor-widget elementor-widget-image\" data-id=\"0cc741d\" data-element_type=\"widget\" data-widget_type=\"image.default\">\n\t\t\t\t<div class=\"elementor-widget-container\">\n\t\t\t\t\t\t\t\t\t\t\t\t\t\t\t<img fetchpriority=\"high\" decoding=\"async\" width=\"731\" height=\"1024\" src=\"https:\/\/sdc-executives.com\/wp-content\/uploads\/2024\/01\/Stephan_Cohnen--731x1024.jpg\" class=\"attachment-large size-large wp-image-2418\" alt=\"\" srcset=\"https:\/\/sdc-executives.com\/wp-content\/uploads\/2024\/01\/Stephan_Cohnen--731x1024.jpg 731w, https:\/\/sdc-executives.com\/wp-content\/uploads\/2024\/01\/Stephan_Cohnen--214x300.jpg 214w, https:\/\/sdc-executives.com\/wp-content\/uploads\/2024\/01\/Stephan_Cohnen--768x1075.jpg 768w, https:\/\/sdc-executives.com\/wp-content\/uploads\/2024\/01\/Stephan_Cohnen--1097x1536.jpg 1097w, https:\/\/sdc-executives.com\/wp-content\/uploads\/2024\/01\/Stephan_Cohnen--1463x2048.jpg 1463w, https:\/\/sdc-executives.com\/wp-content\/uploads\/2024\/01\/Stephan_Cohnen--scaled.jpg 1829w\" sizes=\"(max-width: 731px) 100vw, 731px\" \/>\t\t\t\t\t\t\t\t\t\t\t\t\t\t\t<\/div>\n\t\t\t\t<\/div>\n\t\t\t\t<\/div>\n\t\t<div class=\"elementor-element elementor-element-5ad6bf6 e-con-full e-flex wpr-particle-no wpr-jarallax-no wpr-parallax-no wpr-sticky-section-no e-con e-child\" data-id=\"5ad6bf6\" data-element_type=\"container\">\n\t\t\t\t<div class=\"elementor-element elementor-element-e0e6d96 elementor-widget elementor-widget-text-editor\" data-id=\"e0e6d96\" data-element_type=\"widget\" data-widget_type=\"text-editor.default\">\n\t\t\t\t<div class=\"elementor-widget-container\">\n\t\t\t\t\t\t\t\t\t<p>I have to remember to never rely on what experts say. Check for yourself, calculate for yourself, think for yourself. That's what matters.<\/p>\t\t\t\t\t\t\t\t<\/div>\n\t\t\t\t<\/div>\n\t\t\t\t<div class=\"elementor-element elementor-element-f1d9e8c elementor-widget elementor-widget-heading\" data-id=\"f1d9e8c\" data-element_type=\"widget\" data-widget_type=\"heading.default\">\n\t\t\t\t<div class=\"elementor-widget-container\">\n\t\t\t\t\t<h2 class=\"elementor-heading-title elementor-size-default\">Stephan Cohnen\u200b<\/h2>\t\t\t\t<\/div>\n\t\t\t\t<\/div>\n\t\t\t\t<div class=\"elementor-element elementor-element-7358db3 elementor-widget elementor-widget-button\" data-id=\"7358db3\" data-element_type=\"widget\" data-widget_type=\"button.default\">\n\t\t\t\t<div class=\"elementor-widget-container\">\n\t\t\t\t\t\t\t\t\t<div class=\"elementor-button-wrapper\">\n\t\t\t\t\t<a class=\"elementor-button elementor-button-link elementor-size-sm\" href=\"https:\/\/sdc-executives.com\/en\/experten-anfrage\/\">\n\t\t\t\t\t\t<span class=\"elementor-button-content-wrapper\">\n\t\t\t\t\t\t\t\t\t<span class=\"elementor-button-text\">Request an expert now<\/span>\n\t\t\t\t\t<\/span>\n\t\t\t\t\t<\/a>\n\t\t\t\t<\/div>\n\t\t\t\t\t\t\t\t<\/div>\n\t\t\t\t<\/div>\n\t\t\t\t<\/div>\n\t\t\t\t\t<\/div>\n\t\t\t\t<\/div>\n\t\t<div class=\"elementor-element elementor-element-33d51b54 e-flex e-con-boxed wpr-particle-no wpr-jarallax-no wpr-parallax-no wpr-sticky-section-no e-con e-parent\" data-id=\"33d51b54\" data-element_type=\"container\">\n\t\t\t\t\t<div class=\"e-con-inner\">\n\t\t\t\t<div class=\"elementor-element elementor-element-244a133 elementor-widget elementor-widget-text-editor\" data-id=\"244a133\" data-element_type=\"widget\" data-widget_type=\"text-editor.default\">\n\t\t\t\t<div class=\"elementor-widget-container\">\n\t\t\t\t\t\t\t\t\t<p>Stephan Cohnen ist ein vielseitiger Gesch\u00e4ftsf\u00fchrer mit einer vielf\u00e4ltigen beruflichen Laufbahn in verschiedenen Branchen und L\u00e4ndern. Mit seiner Expertise im Interim Management, Consulting und in Beteiligungen hat er erfolgreich Projekte zur Restrukturierung, Post-Merger-Integration und im Programmmanagement auf globaler Ebene durchgef\u00fchrt. Sein Fokus auf die Umsetzung von Turnaround-Projekten hat konsequent die finanzielle Stabilit\u00e4t und operative Effizienz in mehreren Unternehmen verbessert. \u00dcber seine operativen Rollen hinaus hat Stephan Cohnen als Dozent f\u00fcr Projektmanagement an der Hochschule Mainz unterrichtet und Publikationen in den Bereichen Restrukturierung und M&amp;A verfasst. Mit verschiedenen beruflichen Zertifizierungen und Abschl\u00fcssen in Industrial Engineering und Handwerksmeisterschaft verf\u00fcgt er \u00fcber umfassendes Wissen \u00fcber Qualit\u00e4tsmanagementstandards und -tools.<\/p>\t\t\t\t\t\t\t\t<\/div>\n\t\t\t\t<\/div>\n\t\t\t\t\t<\/div>\n\t\t\t\t<\/div>\n\t\t\t\t<\/div>","protected":false},"excerpt":{"rendered":"<p>Stephan Cohnen Managing Partner +41774589596 SCO@SDC-Executives.com Stephan Cohnen Ihr SDC-Experte f\u00fcr Turnaround, Operational Excellence, Re-Engineering und Restrukturierung. Fachkompetenz Aufgabenstellung Business Development Change Management Post Merger Integration Projektmanagement Turnaround Leadership &amp; Interkulturelle Teammotivation Financial Management Due Diligence und M&amp;A Funktionen Finanzen Gesch\u00e4ftsf\u00fchrung Organisation Produktion Supply Chain Management Modularisierung Re-Engineering Qualit\u00e4tsmanagement Branchenkompetenz Anlagenbau Maschinenbau Automotive Schiffsbau Pharma Private Equity Politik Ich muss mir merken, mich nie darauf zu verlassen, was Experten sagen. Selber nachpr\u00fcfen, selber nachrechnen, selber denken. Darauf kommt es an. Stephan Cohnen\u200b Jetz Experte anfragen Stephan Cohnen ist ein vielseitiger Gesch\u00e4ftsf\u00fchrer mit einer vielf\u00e4ltigen beruflichen Laufbahn in verschiedenen Branchen und L\u00e4ndern. Mit seiner Expertise im Interim Management, Consulting und in Beteiligungen hat er erfolgreich Projekte zur Restrukturierung, Post-Merger-Integration und im Programmmanagement auf globaler Ebene durchgef\u00fchrt. Sein Fokus auf die Umsetzung von Turnaround-Projekten hat konsequent die finanzielle Stabilit\u00e4t und operative Effizienz in mehreren Unternehmen verbessert. \u00dcber seine operativen Rollen hinaus hat Stephan Cohnen als Dozent f\u00fcr Projektmanagement an der Hochschule Mainz unterrichtet und Publikationen in den Bereichen Restrukturierung und M&amp;A verfasst. Mit verschiedenen beruflichen Zertifizierungen und Abschl\u00fcssen in Industrial Engineering und Handwerksmeisterschaft verf\u00fcgt er \u00fcber umfassendes Wissen \u00fcber Qualit\u00e4tsmanagementstandards und -tools.<\/p>","protected":false},"author":1,"featured_media":0,"parent":1156,"menu_order":0,"comment_status":"closed","ping_status":"closed","template":"elementor_canvas","meta":{"footnotes":""},"class_list":["post-2307","page","type-page","status-publish","hentry"],"_links":{"self":[{"href":"https:\/\/sdc-executives.com\/en\/wp-json\/wp\/v2\/pages\/2307","targetHints":{"allow":["GET"]}}],"collection":[{"href":"https:\/\/sdc-executives.com\/en\/wp-json\/wp\/v2\/pages"}],"about":[{"href":"https:\/\/sdc-executives.com\/en\/wp-json\/wp\/v2\/types\/page"}],"author":[{"embeddable":true,"href":"https:\/\/sdc-executives.com\/en\/wp-json\/wp\/v2\/users\/1"}],"replies":[{"embeddable":true,"href":"https:\/\/sdc-executives.com\/en\/wp-json\/wp\/v2\/comments?post=2307"}],"version-history":[{"count":10,"href":"https:\/\/sdc-executives.com\/en\/wp-json\/wp\/v2\/pages\/2307\/revisions"}],"predecessor-version":[{"id":3263,"href":"https:\/\/sdc-executives.com\/en\/wp-json\/wp\/v2\/pages\/2307\/revisions\/3263"}],"up":[{"embeddable":true,"href":"https:\/\/sdc-executives.com\/en\/wp-json\/wp\/v2\/pages\/1156"}],"wp:attachment":[{"href":"https:\/\/sdc-executives.com\/en\/wp-json\/wp\/v2\/media?parent=2307"}],"curies":[{"name":"wp","href":"https:\/\/api.w.org\/{rel}","templated":true}]}}