{"id":1991,"date":"2024-01-16T15:44:37","date_gmt":"2024-01-16T14:44:37","guid":{"rendered":"https:\/\/sdc-executives.com\/?page_id=1991"},"modified":"2024-01-16T15:52:04","modified_gmt":"2024-01-16T14:52:04","slug":"wir-suchen","status":"publish","type":"page","link":"https:\/\/sdc-executives.com\/en\/karriere\/karriere-fur-experten\/wir-suchen\/","title":{"rendered":"We are looking for"},"content":{"rendered":"<div data-elementor-type=\"wp-page\" data-elementor-id=\"1991\" class=\"elementor elementor-1991\">\n\t\t\t\t<div class=\"elementor-element elementor-element-1bc47112 e-flex e-con-boxed wpr-particle-no wpr-jarallax-no wpr-parallax-no wpr-sticky-section-no e-con e-parent\" data-id=\"1bc47112\" data-element_type=\"container\" data-settings=\"{&quot;background_background&quot;:&quot;gradient&quot;}\">\n\t\t\t\t\t<div class=\"e-con-inner\">\n\t\t<div class=\"elementor-element elementor-element-c4d0bd9 e-con-full e-flex wpr-particle-no wpr-jarallax-no wpr-parallax-no wpr-sticky-section-no e-con e-child\" data-id=\"c4d0bd9\" data-element_type=\"container\">\n\t\t\t\t<div class=\"elementor-element elementor-element-4313ba6 elementor-widget elementor-widget-heading\" data-id=\"4313ba6\" data-element_type=\"widget\" data-widget_type=\"heading.default\">\n\t\t\t\t<div class=\"elementor-widget-container\">\n\t\t\t\t\t<h2 class=\"elementor-heading-title elementor-size-default\">We are looking for\n<\/h2>\t\t\t\t<\/div>\n\t\t\t\t<\/div>\n\t\t\t\t<div class=\"elementor-element elementor-element-1dd6234d elementor-widget elementor-widget-text-editor\" data-id=\"1dd6234d\" data-element_type=\"widget\" data-widget_type=\"text-editor.default\">\n\t\t\t\t<div class=\"elementor-widget-container\">\n\t\t\t\t\t\t\t\t\t<div class=\"fusion-title title fusion-title-1 fusion-sep-none fusion-title-text fusion-title-size-div\">Please note that we can only consider applications in written form.<\/div>\t\t\t\t\t\t\t\t<\/div>\n\t\t\t\t<\/div>\n\t\t\t\t<div class=\"elementor-element elementor-element-104de7b elementor-widget elementor-widget-button\" data-id=\"104de7b\" data-element_type=\"widget\" data-widget_type=\"button.default\">\n\t\t\t\t<div class=\"elementor-widget-container\">\n\t\t\t\t\t\t\t\t\t<div class=\"elementor-button-wrapper\">\n\t\t\t\t\t<a class=\"elementor-button elementor-button-link elementor-size-sm\" href=\"https:\/\/sdc-executives.com\/en\/experten-anfrage\/\">\n\t\t\t\t\t\t<span class=\"elementor-button-content-wrapper\">\n\t\t\t\t\t\t<span class=\"elementor-button-icon\">\n\t\t\t\t<svg aria-hidden=\"true\" class=\"e-font-icon-svg e-far-paper-plane\" viewbox=\"0 0 512 512\" xmlns=\"http:\/\/www.w3.org\/2000\/svg\"><path d=\"M440 6.5L24 246.4c-34.4 19.9-31.1 70.8 5.7 85.9L144 379.6V464c0 46.4 59.2 65.5 86.6 28.6l43.8-59.1 111.9 46.2c5.9 2.4 12.1 3.6 18.3 3.6 8.2 0 16.3-2.1 23.6-6.2 12.8-7.2 21.6-20 23.9-34.5l59.4-387.2c6.1-40.1-36.9-68.8-71.5-48.9zM192 464v-64.6l36.6 15.1L192 464zm212.6-28.7l-153.8-63.5L391 169.5c10.7-15.5-9.5-33.5-23.7-21.2L155.8 332.6 48 288 464 48l-59.4 387.3z\"><\/path><\/svg>\t\t\t<\/span>\n\t\t\t\t\t\t\t\t\t<span class=\"elementor-button-text\">Find your expert now<\/span>\n\t\t\t\t\t<\/span>\n\t\t\t\t\t<\/a>\n\t\t\t\t<\/div>\n\t\t\t\t\t\t\t\t<\/div>\n\t\t\t\t<\/div>\n\t\t\t\t<\/div>\n\t\t<div class=\"elementor-element elementor-element-232a38e e-con-full e-flex wpr-particle-no wpr-jarallax-no wpr-parallax-no wpr-sticky-section-no e-con e-child\" data-id=\"232a38e\" data-element_type=\"container\">\n\t\t\t\t<div class=\"elementor-element elementor-element-317a9b4f elementor-widget elementor-widget-image\" data-id=\"317a9b4f\" data-element_type=\"widget\" data-widget_type=\"image.default\">\n\t\t\t\t<div class=\"elementor-widget-container\">\n\t\t\t\t\t\t\t\t\t\t\t\t\t\t\t<img fetchpriority=\"high\" decoding=\"async\" width=\"960\" height=\"422\" src=\"https:\/\/sdc-executives.com\/wp-content\/uploads\/2023\/05\/team.png\" class=\"attachment-large size-large wp-image-387\" alt=\"\" srcset=\"https:\/\/sdc-executives.com\/wp-content\/uploads\/2023\/05\/team.png 1000w, https:\/\/sdc-executives.com\/wp-content\/uploads\/2023\/05\/team-300x132.png 300w, https:\/\/sdc-executives.com\/wp-content\/uploads\/2023\/05\/team-768x338.png 768w\" sizes=\"(max-width: 960px) 100vw, 960px\" \/>\t\t\t\t\t\t\t\t\t\t\t\t\t\t\t<\/div>\n\t\t\t\t<\/div>\n\t\t\t\t<\/div>\n\t\t\t\t\t<\/div>\n\t\t\t\t<\/div>\n\t\t<div class=\"elementor-element elementor-element-601cede e-flex e-con-boxed wpr-particle-no wpr-jarallax-no wpr-parallax-no wpr-sticky-section-no e-con e-parent\" data-id=\"601cede\" data-element_type=\"container\">\n\t\t\t\t\t<div class=\"e-con-inner\">\n\t\t\t\t<div class=\"elementor-element elementor-element-658948e elementor-widget elementor-widget-toggle\" data-id=\"658948e\" data-element_type=\"widget\" data-widget_type=\"toggle.default\">\n\t\t\t\t<div class=\"elementor-widget-container\">\n\t\t\t\t\t\t\t<div class=\"elementor-toggle\">\n\t\t\t\t\t\t\t<div class=\"elementor-toggle-item\">\n\t\t\t\t\t<div id=\"elementor-tab-title-1061\" class=\"elementor-tab-title\" data-tab=\"1\" role=\"button\" aria-controls=\"elementor-tab-content-1061\" aria-expanded=\"false\">\n\t\t\t\t\t\t\t\t\t\t\t\t<span class=\"elementor-toggle-icon elementor-toggle-icon-left\" aria-hidden=\"true\">\n\t\t\t\t\t\t\t\t\t\t\t\t\t\t\t<span class=\"elementor-toggle-icon-closed\"><svg class=\"e-font-icon-svg e-fas-caret-right\" viewbox=\"0 0 192 512\" xmlns=\"http:\/\/www.w3.org\/2000\/svg\"><path d=\"M0 384.662V127.338c0-17.818 21.543-26.741 34.142-14.142l128.662 128.662c7.81 7.81 7.81 20.474 0 28.284L34.142 398.804C21.543 411.404 0 402.48 0 384.662z\"><\/path><\/svg><\/span>\n\t\t\t\t\t\t\t\t<span class=\"elementor-toggle-icon-opened\"><svg class=\"elementor-toggle-icon-opened e-font-icon-svg e-fas-caret-up\" viewbox=\"0 0 320 512\" xmlns=\"http:\/\/www.w3.org\/2000\/svg\"><path d=\"M288.662 352H31.338c-17.818 0-26.741-21.543-14.142-34.142l128.662-128.662c7.81-7.81 20.474-7.81 28.284 0l128.662 128.662c12.6 12.599 3.676 34.142-14.142 34.142z\"><\/path><\/svg><\/span>\n\t\t\t\t\t\t\t\t\t\t\t\t\t<\/span>\n\t\t\t\t\t\t\t\t\t\t\t\t<a class=\"elementor-toggle-title\" tabindex=\"0\">Interim Manager for Restructuring &amp; Redevelopment as Partner (m\/f\/d)<\/a>\n\t\t\t\t\t<\/div>\n\n\t\t\t\t\t<div id=\"elementor-tab-content-1061\" class=\"elementor-tab-content elementor-clearfix\" data-tab=\"1\" role=\"region\" aria-labelledby=\"elementor-tab-title-1061\"><p>We are looking for experienced people to join our freelance firm<\/p><p><strong>Interim Manager (m\/f\/d) for restructuring &amp; redevelopment<\/strong><\/p><p>As a freelancer <strong>Associate Partner<\/strong>, ideally with appropriate certification as a restructuring and reorganization consultant.<br \/><br \/><br \/><button>Download Tender (PDF)<\/button><\/p><\/div>\n\t\t\t\t<\/div>\n\t\t\t\t\t\t\t<div class=\"elementor-toggle-item\">\n\t\t\t\t\t<div id=\"elementor-tab-title-1062\" class=\"elementor-tab-title\" data-tab=\"2\" role=\"button\" aria-controls=\"elementor-tab-content-1062\" aria-expanded=\"false\">\n\t\t\t\t\t\t\t\t\t\t\t\t<span class=\"elementor-toggle-icon elementor-toggle-icon-left\" aria-hidden=\"true\">\n\t\t\t\t\t\t\t\t\t\t\t\t\t\t\t<span class=\"elementor-toggle-icon-closed\"><svg class=\"e-font-icon-svg e-fas-caret-right\" viewbox=\"0 0 192 512\" xmlns=\"http:\/\/www.w3.org\/2000\/svg\"><path d=\"M0 384.662V127.338c0-17.818 21.543-26.741 34.142-14.142l128.662 128.662c7.81 7.81 7.81 20.474 0 28.284L34.142 398.804C21.543 411.404 0 402.48 0 384.662z\"><\/path><\/svg><\/span>\n\t\t\t\t\t\t\t\t<span class=\"elementor-toggle-icon-opened\"><svg class=\"elementor-toggle-icon-opened e-font-icon-svg e-fas-caret-up\" viewbox=\"0 0 320 512\" xmlns=\"http:\/\/www.w3.org\/2000\/svg\"><path d=\"M288.662 352H31.338c-17.818 0-26.741-21.543-14.142-34.142l128.662-128.662c7.81-7.81 20.474-7.81 28.284 0l128.662 128.662c12.6 12.599 3.676 34.142-14.142 34.142z\"><\/path><\/svg><\/span>\n\t\t\t\t\t\t\t\t\t\t\t\t\t<\/span>\n\t\t\t\t\t\t\t\t\t\t\t\t<a class=\"elementor-toggle-title\" tabindex=\"0\">Interim SAP project manager as partner (m\/f\/d)<\/a>\n\t\t\t\t\t<\/div>\n\n\t\t\t\t\t<div id=\"elementor-tab-content-1062\" class=\"elementor-tab-content elementor-clearfix\" data-tab=\"2\" role=\"region\" aria-labelledby=\"elementor-tab-title-1062\"><p>We are looking for experienced people to join our freelance firm<\/p><p><strong>Interim SAP Project Manager (m\/f\/d)<\/strong><\/p><p>As a freelancer <strong>Associate Partner<\/strong> with in-depth experience in leading SAP implementation projects, both full-cycle and in critical situations.<br \/><br \/><br \/><\/p><p><button>Download Tender (PDF)<\/button><\/p><\/div>\n\t\t\t\t<\/div>\n\t\t\t\t\t\t\t\t<\/div>\n\t\t\t\t\t\t<\/div>\n\t\t\t\t<\/div>\n\t\t\t\t<div class=\"elementor-element elementor-element-1d14ff5 elementor-widget elementor-widget-heading\" data-id=\"1d14ff5\" data-element_type=\"widget\" data-widget_type=\"heading.default\">\n\t\t\t\t<div class=\"elementor-widget-container\">\n\t\t\t\t\t<h1 class=\"elementor-heading-title elementor-size-default\">Industry experts for industry &amp; trade and other key sectors\n<\/h1>\t\t\t\t<\/div>\n\t\t\t\t<\/div>\n\t\t\t\t<div class=\"elementor-element elementor-element-caa9fea elementor-widget elementor-widget-text-editor\" data-id=\"caa9fea\" data-element_type=\"widget\" data-widget_type=\"text-editor.default\">\n\t\t\t\t<div class=\"elementor-widget-container\">\n\t\t\t\t\t\t\t\t\t<p>Together, our partners and associate partners contribute to the growth of both our customers in the areas of industry &amp; trade, pharmaceuticals, private equity, IT, and industrial engineering, as well as that of our company.<\/p><p>Our consciously chosen legal form as the first Interim Manager AG on the market guarantees the highest quality demands of decision-makers. Our partners are entrepreneurs and look at all of our customers\u2019 challenges and goals through the \u201ccustomer lens\u201d. We are all united by our operational experience, so that we can pursue our goals on an equal footing with our clients.<\/p><p>The services of F&amp;P Executive Solutions stand for excellent best practice solutions for the most demanding industrial, commercial and private equity customers.<\/p><p>The synergy of commercial, technically-oriented and scientific training of the shareholders and partners, in addition to the years of professional and industry-specific experience and specialization, is the basis for jointly developed, highly efficient industry solutions with sophisticated methods, tools and implementation concepts.<\/p>\t\t\t\t\t\t\t\t<\/div>\n\t\t\t\t<\/div>\n\t\t\t\t<div class=\"elementor-element elementor-element-65ca664 elementor-widget elementor-widget-button\" data-id=\"65ca664\" data-element_type=\"widget\" data-widget_type=\"button.default\">\n\t\t\t\t<div class=\"elementor-widget-container\">\n\t\t\t\t\t\t\t\t\t<div class=\"elementor-button-wrapper\">\n\t\t\t\t\t<a class=\"elementor-button elementor-button-link elementor-size-sm\" href=\"https:\/\/sdc-executives.com\/en\/experten-anfrage\/\">\n\t\t\t\t\t\t<span class=\"elementor-button-content-wrapper\">\n\t\t\t\t\t\t\t\t\t<span class=\"elementor-button-text\">We are there to answer your concerns within 24 hours<\/span>\n\t\t\t\t\t<\/span>\n\t\t\t\t\t<\/a>\n\t\t\t\t<\/div>\n\t\t\t\t\t\t\t\t<\/div>\n\t\t\t\t<\/div>\n\t\t\t\t\t<\/div>\n\t\t\t\t<\/div>\n\t\t\t\t<\/div>","protected":false},"excerpt":{"rendered":"<p>Wir suchen Bitte beachten Sie, dass wir Bewerbungen ausschlie\u00dflich in schriftlicher Form ber\u00fccksichtigen k\u00f6nnen. Jetzt Ihren Experten finden Interim Manager f\u00fcr Restrukturierung &#038; Sanierung als Partner (m\/w\/d) Wir suchen zur Verst\u00e4rkung unserer Freiberufler-Soziet\u00e4t erfahrene Interim Manager (m\/w\/d) f\u00fcr Restrukturierung &amp; Sanierung als freiberufliche Associate Partner, idealerweise mit einer entsprechenden Zertifizierung als Restrukturierungs- und Sanierungsberater. Download Ausschreibung (pdf) Interim SAP-Projektmanager als Partner (m\/w\/d) Wir suchen zur Verst\u00e4rkung unserer Freiberufler-Soziet\u00e4t erfahrene Interim SAP-Projektmanager (m\/w\/d) als freiberuflichen Associate Partner mit tiefgreifender Erfahrung in der Leitung von SAP-Einf\u00fchrungsprojekten, sowohl full-cycle als auch bei der \u00dcbernahme in kritischen Situationen. Download Ausschreibung (pdf) Branchenexperten f\u00fcr Industrie &#038; Handel und weitere Schl\u00fcsselbranchen Unsere Partner und Associate Partner tragen gemeinsam zum Wachstum sowohl unserer Kunden aus den Bereichen Industrie &amp; Handel, Pharma, Private Equity, IT, und Industrial Engineering, als auch dem unserer Gesellschaft bei. Unsere bewusst gew\u00e4hlte Rechtsform der ersten Interim Manager AG im Markt b\u00fcrgt f\u00fcr h\u00f6chste Qualit\u00e4tsanspr\u00fcche der Entscheider. Unser Partner sind Unternehmer und betrachten alle Herausforderungen und Ziele unserer Kunden durch die \u201eKundenbrille\u201c. Uns alle eint die operative Erfahrung, so dass wir mit unseren Aufraggebern auf Augenh\u00f6he die Ziele verfolgen. Die Dienstleistungen von F&amp;P Executive Solutions stehen f\u00fcr exzellente Best Practice L\u00f6sungen f\u00fcr anspruchsvollste Industrie-, Handels- und Private Equity-Kunden. Die Synergie von kaufm\u00e4nnischer, technisch-orientierter sowie wissenschaftlicher Ausbildung der Gesellschafter und Partner sind neben der fachlichen und branchenspezifischen jahrelangen Erfahrung und Spezialisierung die Grundlage f\u00fcr gemeinsam entwickelte hoch effiziente Branchenl\u00f6sungen mit ausgefeilten Methoden, Tools und Umsetzungskonzepten. Wir sind f\u00fcr Ihr Anliegen da, binnen 24 Std<\/p>","protected":false},"author":1,"featured_media":0,"parent":1983,"menu_order":0,"comment_status":"closed","ping_status":"closed","template":"elementor_canvas","meta":{"footnotes":""},"class_list":["post-1991","page","type-page","status-publish","hentry"],"_links":{"self":[{"href":"https:\/\/sdc-executives.com\/en\/wp-json\/wp\/v2\/pages\/1991","targetHints":{"allow":["GET"]}}],"collection":[{"href":"https:\/\/sdc-executives.com\/en\/wp-json\/wp\/v2\/pages"}],"about":[{"href":"https:\/\/sdc-executives.com\/en\/wp-json\/wp\/v2\/types\/page"}],"author":[{"embeddable":true,"href":"https:\/\/sdc-executives.com\/en\/wp-json\/wp\/v2\/users\/1"}],"replies":[{"embeddable":true,"href":"https:\/\/sdc-executives.com\/en\/wp-json\/wp\/v2\/comments?post=1991"}],"version-history":[{"count":7,"href":"https:\/\/sdc-executives.com\/en\/wp-json\/wp\/v2\/pages\/1991\/revisions"}],"predecessor-version":[{"id":1998,"href":"https:\/\/sdc-executives.com\/en\/wp-json\/wp\/v2\/pages\/1991\/revisions\/1998"}],"up":[{"embeddable":true,"href":"https:\/\/sdc-executives.com\/en\/wp-json\/wp\/v2\/pages\/1983"}],"wp:attachment":[{"href":"https:\/\/sdc-executives.com\/en\/wp-json\/wp\/v2\/media?parent=1991"}],"curies":[{"name":"wp","href":"https:\/\/api.w.org\/{rel}","templated":true}]}}