{"id":1683,"date":"2024-01-12T15:07:21","date_gmt":"2024-01-12T14:07:21","guid":{"rendered":"https:\/\/sdc-executives.com\/?page_id=1683"},"modified":"2024-01-19T14:11:03","modified_gmt":"2024-01-19T13:11:03","slug":"kooperationspartner","status":"publish","type":"page","link":"https:\/\/sdc-executives.com\/en\/team\/kooperationspartner\/","title":{"rendered":"Cooperation partner"},"content":{"rendered":"<div data-elementor-type=\"wp-page\" data-elementor-id=\"1683\" class=\"elementor elementor-1683\">\n\t\t\t\t<div class=\"elementor-element elementor-element-3e892e91 e-flex e-con-boxed wpr-particle-no wpr-jarallax-no wpr-parallax-no wpr-sticky-section-no e-con e-parent\" data-id=\"3e892e91\" data-element_type=\"container\" data-settings=\"{&quot;background_background&quot;:&quot;gradient&quot;}\">\n\t\t\t\t\t<div class=\"e-con-inner\">\n\t\t<div class=\"elementor-element elementor-element-68f4d23d e-con-full e-flex wpr-particle-no wpr-jarallax-no wpr-parallax-no wpr-sticky-section-no e-con e-child\" data-id=\"68f4d23d\" data-element_type=\"container\">\n\t\t\t\t<div class=\"elementor-element elementor-element-4c1d0d35 elementor-widget elementor-widget-heading\" data-id=\"4c1d0d35\" data-element_type=\"widget\" data-widget_type=\"heading.default\">\n\t\t\t\t<div class=\"elementor-widget-container\">\n\t\t\t\t\t<h2 class=\"elementor-heading-title elementor-size-default\">Cooperation partner<\/h2>\t\t\t\t<\/div>\n\t\t\t\t<\/div>\n\t\t\t\t<div class=\"elementor-element elementor-element-6d45693a elementor-widget elementor-widget-text-editor\" data-id=\"6d45693a\" data-element_type=\"widget\" data-widget_type=\"text-editor.default\">\n\t\t\t\t<div class=\"elementor-widget-container\">\n\t\t\t\t\t\t\t\t\t<p>Thanks to our collaborations with providers and associations, we can access a network of up to 10,000 quality-assured experts.<\/p>\t\t\t\t\t\t\t\t<\/div>\n\t\t\t\t<\/div>\n\t\t\t\t<div class=\"elementor-element elementor-element-27e327a7 elementor-widget elementor-widget-button\" data-id=\"27e327a7\" data-element_type=\"widget\" data-widget_type=\"button.default\">\n\t\t\t\t<div class=\"elementor-widget-container\">\n\t\t\t\t\t\t\t\t\t<div class=\"elementor-button-wrapper\">\n\t\t\t\t\t<a class=\"elementor-button elementor-button-link elementor-size-sm\" href=\"https:\/\/sdc-executives.com\/en\/experten-anfrage\/\">\n\t\t\t\t\t\t<span class=\"elementor-button-content-wrapper\">\n\t\t\t\t\t\t<span class=\"elementor-button-icon\">\n\t\t\t\t<svg aria-hidden=\"true\" class=\"e-font-icon-svg e-far-paper-plane\" viewbox=\"0 0 512 512\" xmlns=\"http:\/\/www.w3.org\/2000\/svg\"><path d=\"M440 6.5L24 246.4c-34.4 19.9-31.1 70.8 5.7 85.9L144 379.6V464c0 46.4 59.2 65.5 86.6 28.6l43.8-59.1 111.9 46.2c5.9 2.4 12.1 3.6 18.3 3.6 8.2 0 16.3-2.1 23.6-6.2 12.8-7.2 21.6-20 23.9-34.5l59.4-387.2c6.1-40.1-36.9-68.8-71.5-48.9zM192 464v-64.6l36.6 15.1L192 464zm212.6-28.7l-153.8-63.5L391 169.5c10.7-15.5-9.5-33.5-23.7-21.2L155.8 332.6 48 288 464 48l-59.4 387.3z\"><\/path><\/svg>\t\t\t<\/span>\n\t\t\t\t\t\t\t\t\t<span class=\"elementor-button-text\">Find your expert now<\/span>\n\t\t\t\t\t<\/span>\n\t\t\t\t\t<\/a>\n\t\t\t\t<\/div>\n\t\t\t\t\t\t\t\t<\/div>\n\t\t\t\t<\/div>\n\t\t\t\t<\/div>\n\t\t<div class=\"elementor-element elementor-element-6cda1336 e-con-full e-flex wpr-particle-no wpr-jarallax-no wpr-parallax-no wpr-sticky-section-no e-con e-child\" data-id=\"6cda1336\" data-element_type=\"container\">\n\t\t\t\t<div class=\"elementor-element elementor-element-13374dd6 elementor-widget elementor-widget-image\" data-id=\"13374dd6\" data-element_type=\"widget\" data-widget_type=\"image.default\">\n\t\t\t\t<div class=\"elementor-widget-container\">\n\t\t\t\t\t\t\t\t\t\t\t\t\t\t\t<img fetchpriority=\"high\" decoding=\"async\" width=\"960\" height=\"422\" src=\"https:\/\/sdc-executives.com\/wp-content\/uploads\/2023\/05\/team.png\" class=\"attachment-large size-large wp-image-387\" alt=\"\" srcset=\"https:\/\/sdc-executives.com\/wp-content\/uploads\/2023\/05\/team.png 1000w, https:\/\/sdc-executives.com\/wp-content\/uploads\/2023\/05\/team-300x132.png 300w, https:\/\/sdc-executives.com\/wp-content\/uploads\/2023\/05\/team-768x338.png 768w\" sizes=\"(max-width: 960px) 100vw, 960px\" \/>\t\t\t\t\t\t\t\t\t\t\t\t\t\t\t<\/div>\n\t\t\t\t<\/div>\n\t\t\t\t<\/div>\n\t\t\t\t\t<\/div>\n\t\t\t\t<\/div>\n\t\t<div class=\"elementor-element elementor-element-60e3bad e-flex e-con-boxed wpr-particle-no wpr-jarallax-no wpr-parallax-no wpr-sticky-section-no e-con e-parent\" data-id=\"60e3bad\" data-element_type=\"container\">\n\t\t\t\t\t<div class=\"e-con-inner\">\n\t\t\t\t<div class=\"elementor-element elementor-element-e697e6e elementor-widget elementor-widget-heading\" data-id=\"e697e6e\" data-element_type=\"widget\" data-widget_type=\"heading.default\">\n\t\t\t\t<div class=\"elementor-widget-container\">\n\t\t\t\t\t<h1 class=\"elementor-heading-title elementor-size-default\">Our strategic cooperation partners.<\/h1>\t\t\t\t<\/div>\n\t\t\t\t<\/div>\n\t\t\t\t\t<\/div>\n\t\t\t\t<\/div>\n\t\t<div class=\"elementor-element elementor-element-3bed587 e-flex e-con-boxed wpr-particle-no wpr-jarallax-no wpr-parallax-no wpr-sticky-section-no e-con e-parent\" data-id=\"3bed587\" data-element_type=\"container\">\n\t\t\t\t\t<div class=\"e-con-inner\">\n\t\t<div class=\"elementor-element elementor-element-e35b68c e-con-full e-flex wpr-particle-no wpr-jarallax-no wpr-parallax-no wpr-sticky-section-no e-con e-child\" data-id=\"e35b68c\" data-element_type=\"container\">\n\t\t\t\t<div class=\"elementor-element elementor-element-4dfd42b elementor-widget elementor-widget-image\" data-id=\"4dfd42b\" data-element_type=\"widget\" data-widget_type=\"image.default\">\n\t\t\t\t<div class=\"elementor-widget-container\">\n\t\t\t\t\t\t\t\t\t\t\t\t\t\t\t<img decoding=\"async\" src=\"https:\/\/sdc-executives.com\/wp-content\/uploads\/2024\/01\/Logo-GOiNTERIM-xs-400x62-1.webp\" title=\"\" alt=\"\" loading=\"lazy\" \/>\t\t\t\t\t\t\t\t\t\t\t\t\t\t\t<\/div>\n\t\t\t\t<\/div>\n\t\t\t\t<\/div>\n\t\t<div class=\"elementor-element elementor-element-04c2ab7 e-con-full e-flex wpr-particle-no wpr-jarallax-no wpr-parallax-no wpr-sticky-section-no e-con e-child\" data-id=\"04c2ab7\" data-element_type=\"container\">\n\t\t\t\t<div class=\"elementor-element elementor-element-6cad886 elementor-widget elementor-widget-text-editor\" data-id=\"6cad886\" data-element_type=\"widget\" data-widget_type=\"text-editor.default\">\n\t\t\t\t<div class=\"elementor-widget-container\">\n\t\t\t\t\t\t\t\t\t<p>GOiNTERIM provides experienced managers, experts and project managers for management tasks and strategic projects. When action is required quickly in exceptional company situations, GOiNTERIM quickly delivers the desired results. As a competent partner, GOiNTERIM offers temporary, specialized know-how and rapid provision of resources in various industries and functional areas. With offices in Germany and Austria, GOiNTERIM is represented throughout the D-A-CH region.<\/p>\t\t\t\t\t\t\t\t<\/div>\n\t\t\t\t<\/div>\n\t\t\t\t<div class=\"elementor-element elementor-element-704c87f elementor-widget elementor-widget-button\" data-id=\"704c87f\" data-element_type=\"widget\" data-widget_type=\"button.default\">\n\t\t\t\t<div class=\"elementor-widget-container\">\n\t\t\t\t\t\t\t\t\t<div class=\"elementor-button-wrapper\">\n\t\t\t\t\t<a class=\"elementor-button elementor-button-link elementor-size-sm\" href=\"https:\/\/www.gointerim.com\/\">\n\t\t\t\t\t\t<span class=\"elementor-button-content-wrapper\">\n\t\t\t\t\t\t\t\t\t<span class=\"elementor-button-text\">Learn more<\/span>\n\t\t\t\t\t<\/span>\n\t\t\t\t\t<\/a>\n\t\t\t\t<\/div>\n\t\t\t\t\t\t\t\t<\/div>\n\t\t\t\t<\/div>\n\t\t\t\t<\/div>\n\t\t\t\t\t<\/div>\n\t\t\t\t<\/div>\n\t\t<div class=\"elementor-element elementor-element-82fc060 e-flex e-con-boxed wpr-particle-no wpr-jarallax-no wpr-parallax-no wpr-sticky-section-no e-con e-parent\" data-id=\"82fc060\" data-element_type=\"container\">\n\t\t\t\t\t<div class=\"e-con-inner\">\n\t\t<div class=\"elementor-element elementor-element-dddc3f6 e-con-full e-flex wpr-particle-no wpr-jarallax-no wpr-parallax-no wpr-sticky-section-no e-con e-child\" data-id=\"dddc3f6\" data-element_type=\"container\">\n\t\t\t\t<div class=\"elementor-element elementor-element-1832e68 elementor-widget elementor-widget-image\" data-id=\"1832e68\" data-element_type=\"widget\" data-widget_type=\"image.default\">\n\t\t\t\t<div class=\"elementor-widget-container\">\n\t\t\t\t\t\t\t\t\t\t\t\t\t\t\t<img decoding=\"async\" src=\"https:\/\/sdc-executives.com\/wp-content\/uploads\/2024\/01\/interim_logo-400x92-1.webp\" title=\"\" alt=\"\" loading=\"lazy\" \/>\t\t\t\t\t\t\t\t\t\t\t\t\t\t\t<\/div>\n\t\t\t\t<\/div>\n\t\t\t\t<\/div>\n\t\t<div class=\"elementor-element elementor-element-58f2ab3 e-con-full e-flex wpr-particle-no wpr-jarallax-no wpr-parallax-no wpr-sticky-section-no e-con e-child\" data-id=\"58f2ab3\" data-element_type=\"container\">\n\t\t\t\t<div class=\"elementor-element elementor-element-6538e84 elementor-widget elementor-widget-text-editor\" data-id=\"6538e84\" data-element_type=\"widget\" data-widget_type=\"text-editor.default\">\n\t\t\t\t<div class=\"elementor-widget-container\">\n\t\t\t\t\t\t\t\t\t<p>The interim professionals will support you in finding experienced managers with several years of industry-specific experience for your vacant position. They fully stand by their company motto: fast, fair and efficient! The interim professionals ensure that an expert is ready for action within 48 hours and rely on a transparent and efficient pricing model.<\/p>\t\t\t\t\t\t\t\t<\/div>\n\t\t\t\t<\/div>\n\t\t\t\t<div class=\"elementor-element elementor-element-1894b64 elementor-widget elementor-widget-button\" data-id=\"1894b64\" data-element_type=\"widget\" data-widget_type=\"button.default\">\n\t\t\t\t<div class=\"elementor-widget-container\">\n\t\t\t\t\t\t\t\t\t<div class=\"elementor-button-wrapper\">\n\t\t\t\t\t<a class=\"elementor-button elementor-button-link elementor-size-sm\" href=\"https:\/\/www.interim-profis.com\/\">\n\t\t\t\t\t\t<span class=\"elementor-button-content-wrapper\">\n\t\t\t\t\t\t\t\t\t<span class=\"elementor-button-text\">Learn more<\/span>\n\t\t\t\t\t<\/span>\n\t\t\t\t\t<\/a>\n\t\t\t\t<\/div>\n\t\t\t\t\t\t\t\t<\/div>\n\t\t\t\t<\/div>\n\t\t\t\t<\/div>\n\t\t\t\t\t<\/div>\n\t\t\t\t<\/div>\n\t\t<div class=\"elementor-element elementor-element-8ca6a07 e-flex e-con-boxed wpr-particle-no wpr-jarallax-no wpr-parallax-no wpr-sticky-section-no e-con e-parent\" data-id=\"8ca6a07\" data-element_type=\"container\">\n\t\t\t\t\t<div class=\"e-con-inner\">\n\t\t<div class=\"elementor-element elementor-element-d8d2a22 e-con-full e-flex wpr-particle-no wpr-jarallax-no wpr-parallax-no wpr-sticky-section-no e-con e-child\" data-id=\"d8d2a22\" data-element_type=\"container\">\n\t\t\t\t<div class=\"elementor-element elementor-element-c6b71f2 elementor-widget elementor-widget-image\" data-id=\"c6b71f2\" data-element_type=\"widget\" data-widget_type=\"image.default\">\n\t\t\t\t<div class=\"elementor-widget-container\">\n\t\t\t\t\t\t\t\t\t\t\t\t\t\t\t<img decoding=\"async\" src=\"https:\/\/sdc-executives.com\/wp-content\/uploads\/2024\/01\/reeg.webp\" title=\"\" alt=\"\" loading=\"lazy\" \/>\t\t\t\t\t\t\t\t\t\t\t\t\t\t\t<\/div>\n\t\t\t\t<\/div>\n\t\t\t\t<\/div>\n\t\t<div class=\"elementor-element elementor-element-3199b25 e-con-full e-flex wpr-particle-no wpr-jarallax-no wpr-parallax-no wpr-sticky-section-no e-con e-child\" data-id=\"3199b25\" data-element_type=\"container\">\n\t\t\t\t<div class=\"elementor-element elementor-element-1e8aefd elementor-widget elementor-widget-text-editor\" data-id=\"1e8aefd\" data-element_type=\"widget\" data-widget_type=\"text-editor.default\">\n\t\t\t\t<div class=\"elementor-widget-container\">\n\t\t\t\t\t\t\t\t\t<p>The Reeg &amp; Nasharty team offers interim managers over 40 years of experience in placing freelance experts and specialists. With a national and international customer network and over 500 successfully completed mandates, the focus is on optimally matching customer requirements, candidate competence and human fit. The team is convinced that a cooperative, committed and trusting collaboration between experts, customers and providers is the key to sustainable project success.<\/p>\t\t\t\t\t\t\t\t<\/div>\n\t\t\t\t<\/div>\n\t\t\t\t<div class=\"elementor-element elementor-element-37aeae3 elementor-widget elementor-widget-button\" data-id=\"37aeae3\" data-element_type=\"widget\" data-widget_type=\"button.default\">\n\t\t\t\t<div class=\"elementor-widget-container\">\n\t\t\t\t\t\t\t\t\t<div class=\"elementor-button-wrapper\">\n\t\t\t\t\t<a class=\"elementor-button elementor-button-link elementor-size-sm\" href=\"https:\/\/reeg-nasharty.eu\/de\/startseite\">\n\t\t\t\t\t\t<span class=\"elementor-button-content-wrapper\">\n\t\t\t\t\t\t\t\t\t<span class=\"elementor-button-text\">Learn more<\/span>\n\t\t\t\t\t<\/span>\n\t\t\t\t\t<\/a>\n\t\t\t\t<\/div>\n\t\t\t\t\t\t\t\t<\/div>\n\t\t\t\t<\/div>\n\t\t\t\t<\/div>\n\t\t\t\t\t<\/div>\n\t\t\t\t<\/div>\n\t\t<div class=\"elementor-element elementor-element-169cdcb e-flex e-con-boxed wpr-particle-no wpr-jarallax-no wpr-parallax-no wpr-sticky-section-no e-con e-parent\" data-id=\"169cdcb\" data-element_type=\"container\" data-settings=\"{&quot;background_background&quot;:&quot;gradient&quot;}\">\n\t\t\t\t\t<div class=\"e-con-inner\">\n\t\t<div class=\"elementor-element elementor-element-2214292 e-con-full e-flex wpr-particle-no wpr-jarallax-no wpr-parallax-no wpr-sticky-section-no e-con e-child\" data-id=\"2214292\" data-element_type=\"container\">\n\t\t\t\t<div class=\"elementor-element elementor-element-90fdaf4 elementor-widget elementor-widget-heading\" data-id=\"90fdaf4\" data-element_type=\"widget\" data-widget_type=\"heading.default\">\n\t\t\t\t<div class=\"elementor-widget-container\">\n\t\t\t\t\t<h2 class=\"elementor-heading-title elementor-size-default\">Find the right expert for your concerns now.<\/h2>\t\t\t\t<\/div>\n\t\t\t\t<\/div>\n\t\t\t\t<div class=\"elementor-element elementor-element-ab2d143 elementor-widget elementor-widget-text-editor\" data-id=\"ab2d143\" data-element_type=\"widget\" data-widget_type=\"text-editor.default\">\n\t\t\t\t<div class=\"elementor-widget-container\">\n\t\t\t\t\t\t\t\t\t<p>Are you looking for an interim manager with outstanding expertise who will quickly lead your demanding project or program to success? Do not hesitate to contact us.<\/p>\t\t\t\t\t\t\t\t<\/div>\n\t\t\t\t<\/div>\n\t\t\t\t<div class=\"elementor-element elementor-element-d2fbe1d elementor-widget elementor-widget-button\" data-id=\"d2fbe1d\" data-element_type=\"widget\" data-widget_type=\"button.default\">\n\t\t\t\t<div class=\"elementor-widget-container\">\n\t\t\t\t\t\t\t\t\t<div class=\"elementor-button-wrapper\">\n\t\t\t\t\t<a class=\"elementor-button elementor-button-link elementor-size-sm\" href=\"https:\/\/sdc-executives.com\/en\/experten-anfrage\/\">\n\t\t\t\t\t\t<span class=\"elementor-button-content-wrapper\">\n\t\t\t\t\t\t<span class=\"elementor-button-icon\">\n\t\t\t\t<svg aria-hidden=\"true\" class=\"e-font-icon-svg e-far-paper-plane\" viewbox=\"0 0 512 512\" xmlns=\"http:\/\/www.w3.org\/2000\/svg\"><path d=\"M440 6.5L24 246.4c-34.4 19.9-31.1 70.8 5.7 85.9L144 379.6V464c0 46.4 59.2 65.5 86.6 28.6l43.8-59.1 111.9 46.2c5.9 2.4 12.1 3.6 18.3 3.6 8.2 0 16.3-2.1 23.6-6.2 12.8-7.2 21.6-20 23.9-34.5l59.4-387.2c6.1-40.1-36.9-68.8-71.5-48.9zM192 464v-64.6l36.6 15.1L192 464zm212.6-28.7l-153.8-63.5L391 169.5c10.7-15.5-9.5-33.5-23.7-21.2L155.8 332.6 48 288 464 48l-59.4 387.3z\"><\/path><\/svg>\t\t\t<\/span>\n\t\t\t\t\t\t\t\t\t<span class=\"elementor-button-text\">Find your expert now<\/span>\n\t\t\t\t\t<\/span>\n\t\t\t\t\t<\/a>\n\t\t\t\t<\/div>\n\t\t\t\t\t\t\t\t<\/div>\n\t\t\t\t<\/div>\n\t\t\t\t<\/div>\n\t\t<div class=\"elementor-element elementor-element-0e7d76e e-con-full e-flex wpr-particle-no wpr-jarallax-no wpr-parallax-no wpr-sticky-section-no e-con e-child\" data-id=\"0e7d76e\" data-element_type=\"container\">\n\t\t\t\t<div class=\"elementor-element elementor-element-edbf306 elementor-widget elementor-widget-image\" data-id=\"edbf306\" data-element_type=\"widget\" data-widget_type=\"image.default\">\n\t\t\t\t<div class=\"elementor-widget-container\">\n\t\t\t\t\t\t\t\t\t\t\t\t\t\t\t<img fetchpriority=\"high\" decoding=\"async\" width=\"960\" height=\"422\" src=\"https:\/\/sdc-executives.com\/wp-content\/uploads\/2023\/05\/team.png\" class=\"attachment-large size-large wp-image-387\" alt=\"\" srcset=\"https:\/\/sdc-executives.com\/wp-content\/uploads\/2023\/05\/team.png 1000w, https:\/\/sdc-executives.com\/wp-content\/uploads\/2023\/05\/team-300x132.png 300w, https:\/\/sdc-executives.com\/wp-content\/uploads\/2023\/05\/team-768x338.png 768w\" sizes=\"(max-width: 960px) 100vw, 960px\" \/>\t\t\t\t\t\t\t\t\t\t\t\t\t\t\t<\/div>\n\t\t\t\t<\/div>\n\t\t\t\t<\/div>\n\t\t\t\t\t<\/div>\n\t\t\t\t<\/div>\n\t\t\t\t<\/div>","protected":false},"excerpt":{"rendered":"<p>Kooperationspartner Dank unserer Kooperationen mit Providern und Verb\u00e4nden k\u00f6nnen wir auf ein Netzwerk von bis zu 10.000 qualit\u00e4tsgesicherten Experten zugreifen. Jetzt Ihren Experten finden Unsere strategischen Kooperationspartner. GOiNTERIM vermittelt erfahrene Manager, Experten und Projektleiter f\u00fcr Managementaufgaben und strategische Projekte. Mit schnellem Handlungsbedarf in au\u00dfergew\u00f6hnlichen Unternehmenssituationen liefert GOiNTERIM rasch die gew\u00fcnschten Ergebnisse. Als kompetenter Partner bietet GOiNTERIM zeitlich begrenztes spezialisiertes Know-how und schnelle Ressourcenbereitstellung in verschiedenen Branchen und Funktionsbereichen. Mit B\u00fcros in Deutschland und \u00d6sterreich ist GOiNTERIM in der gesamten D-A-CH Region vertreten. Mehr erfahren Die Interim Profis unterst\u00fctzen Sie bei der Suche nach erfahrenen F\u00fchrungskr\u00e4ften mit mehrj\u00e4hriger branchenspezifischer Erfahrung f\u00fcr Ihre vakante Position. Dabei stehen sie uneingeschr\u00e4nkt zu ihrem Firmenmotto: schnell, fair und effizient! Die Interim Profis gew\u00e4hrleisten, dass ein Experte innerhalb von 48 Stunden einsatzbereit ist und setzen auf ein transparentes und effizientes Preismodell. Mehr erfahren Das Team von Reeg &amp; Nasharty bietet Interim Managern \u00fcber 40 Jahre Erfahrung in der Vermittlung von freiberuflichen Experten und Spezialisten. Mit einem nationalen und internationalen Kundennetzwerk und \u00fcber 500 erfolgreich abgeschlossenen Mandaten steht die optimale Abstimmung von Kundenwunsch, Kandidatenkompetenz und menschlicher Passung im Mittelpunkt. Das Team ist \u00fcberzeugt, dass eine partnerschaftliche, engagierte und vertrauensvolle Zusammenarbeit von Experten, Kunden und Providern der Schl\u00fcssel f\u00fcr nachhaltigen Projekterfolg ist. Mehr erfahren Finden Sie jetzt den passenden Experten f\u00fcr Ihr Anliegen. Suchen Sie einen Interim Manager mit herausragender Expertise, der Ihr anspruchsvolles Projekt oder Programm z\u00fcgig zum Erfolg f\u00fchrt? Z\u00f6gern Sie nicht, uns zu kontaktieren. Jetzt Ihren Experten finden<\/p>","protected":false},"author":1,"featured_media":0,"parent":1375,"menu_order":0,"comment_status":"closed","ping_status":"closed","template":"elementor_canvas","meta":{"footnotes":""},"class_list":["post-1683","page","type-page","status-publish","hentry"],"_links":{"self":[{"href":"https:\/\/sdc-executives.com\/en\/wp-json\/wp\/v2\/pages\/1683","targetHints":{"allow":["GET"]}}],"collection":[{"href":"https:\/\/sdc-executives.com\/en\/wp-json\/wp\/v2\/pages"}],"about":[{"href":"https:\/\/sdc-executives.com\/en\/wp-json\/wp\/v2\/types\/page"}],"author":[{"embeddable":true,"href":"https:\/\/sdc-executives.com\/en\/wp-json\/wp\/v2\/users\/1"}],"replies":[{"embeddable":true,"href":"https:\/\/sdc-executives.com\/en\/wp-json\/wp\/v2\/comments?post=1683"}],"version-history":[{"count":10,"href":"https:\/\/sdc-executives.com\/en\/wp-json\/wp\/v2\/pages\/1683\/revisions"}],"predecessor-version":[{"id":2183,"href":"https:\/\/sdc-executives.com\/en\/wp-json\/wp\/v2\/pages\/1683\/revisions\/2183"}],"up":[{"embeddable":true,"href":"https:\/\/sdc-executives.com\/en\/wp-json\/wp\/v2\/pages\/1375"}],"wp:attachment":[{"href":"https:\/\/sdc-executives.com\/en\/wp-json\/wp\/v2\/media?parent=1683"}],"curies":[{"name":"wp","href":"https:\/\/api.w.org\/{rel}","templated":true}]}}