{"id":1172,"date":"2024-01-06T16:03:10","date_gmt":"2024-01-06T15:03:10","guid":{"rendered":"https:\/\/sdc-executives.com\/?page_id=1172"},"modified":"2024-03-08T15:14:14","modified_gmt":"2024-03-08T14:14:14","slug":"mitglied-werden","status":"publish","type":"page","link":"https:\/\/sdc-executives.com\/en\/mitglied-werden\/","title":{"rendered":"Mitglied Werden"},"content":{"rendered":"<div data-elementor-type=\"wp-page\" data-elementor-id=\"1172\" class=\"elementor elementor-1172\">\n\t\t\t\t<div class=\"elementor-element elementor-element-8f4c016 e-flex e-con-boxed wpr-particle-no wpr-jarallax-no wpr-parallax-no wpr-sticky-section-no e-con e-parent\" data-id=\"8f4c016\" data-element_type=\"container\">\n\t\t\t\t\t<div class=\"e-con-inner\">\n\t\t\t\t<div class=\"elementor-element elementor-element-d223766 elementor-widget elementor-widget-heading\" data-id=\"d223766\" data-element_type=\"widget\" data-widget_type=\"heading.default\">\n\t\t\t\t<div class=\"elementor-widget-container\">\n\t\t\t\t\t<h2 class=\"elementor-heading-title elementor-size-default\">Apply Now\n<\/h2>\t\t\t\t<\/div>\n\t\t\t\t<\/div>\n\t\t\t\t<div class=\"elementor-element elementor-element-69e8136 elementor-widget elementor-widget-text-editor\" data-id=\"69e8136\" data-element_type=\"widget\" data-widget_type=\"text-editor.default\">\n\t\t\t\t<div class=\"elementor-widget-container\">\n\t\t\t\t\t\t\t\t\t<p>Do you want to deepen your expertise, exchange ideas with other experts about trending topics, think customer-oriented and are a team player?<\/p><p>As the most professional and renowned law firm in the interim market, we offer you the opportunity to become a member in order to develop or deepen your skills as an interim manager or consultant.<\/p><p>We look forward to receiving your meaningful application (cover letter and CV including photo) so that we can explain further details about the SDC to you in a personal conversation.<\/p>\t\t\t\t\t\t\t\t<\/div>\n\t\t\t\t<\/div>\n\t\t\t\t\t<\/div>\n\t\t\t\t<\/div>\n\t\t<div class=\"elementor-element elementor-element-3bff947 e-flex e-con-boxed wpr-particle-no wpr-jarallax-no wpr-parallax-no wpr-sticky-section-no e-con e-parent\" data-id=\"3bff947\" data-element_type=\"container\">\n\t\t\t\t\t<div class=\"e-con-inner\">\n\t\t\t\t<div class=\"elementor-element elementor-element-0536d13 elementor-widget elementor-widget-text-editor\" data-id=\"0536d13\" data-element_type=\"widget\" data-widget_type=\"text-editor.default\">\n\t\t\t\t<div class=\"elementor-widget-container\">\n\t\t\t\t\t\t\t\t\t\n<div class=\"wpcf7 no-js\" id=\"wpcf7-f3113-o1\" lang=\"en-US\" dir=\"ltr\" data-wpcf7-id=\"3113\">\n<div class=\"screen-reader-response\"><p role=\"status\" aria-live=\"polite\" aria-atomic=\"true\"><\/p> <ul><\/ul><\/div>\n<form action=\"\/en\/wp-json\/wp\/v2\/pages\/1172#wpcf7-f3113-o1\" method=\"post\" class=\"wpcf7-form init\" aria-label=\"Contact form\" enctype=\"multipart\/form-data\" novalidate=\"novalidate\" data-status=\"init\" data-trp-original-action=\"\/en\/wp-json\/wp\/v2\/pages\/1172#wpcf7-f3113-o1\">\n<div style=\"display: none;\">\n<input type=\"hidden\" name=\"_wpcf7\" value=\"3113\" \/>\n<input type=\"hidden\" name=\"_wpcf7_version\" value=\"6.0.6\" \/>\n<input type=\"hidden\" name=\"_wpcf7_locale\" value=\"en_US\" \/>\n<input type=\"hidden\" name=\"_wpcf7_unit_tag\" value=\"wpcf7-f3113-o1\" \/>\n<input type=\"hidden\" name=\"_wpcf7_container_post\" value=\"0\" \/>\n<input type=\"hidden\" name=\"_wpcf7_posted_data_hash\" value=\"\" \/>\n<input type=\"hidden\" name=\"_wpcf7_recaptcha_response\" value=\"\" \/>\n<\/div>\n<p><label>Name<br \/>\n<span class=\"wpcf7-form-control-wrap\" data-name=\"your-name\"><input size=\"40\" maxlength=\"400\" class=\"wpcf7-form-control wpcf7-text wpcf7-validates-as-required\" autocomplete=\"name\" aria-required=\"true\" aria-invalid=\"false\" value=\"\" type=\"text\" name=\"your-name\" \/><\/span> <\/label>\n<\/p>\n<p><label>Business<br \/>\n<span class=\"wpcf7-form-control-wrap\" data-name=\"Firma\"><input size=\"40\" maxlength=\"400\" class=\"wpcf7-form-control wpcf7-text wpcf7-validates-as-required\" aria-required=\"true\" aria-invalid=\"false\" placeholder=\"\" value=\"\" type=\"text\" name=\"Firma\" \/><\/span> <\/label>\n<\/p>\n<p><label> Email Address<br \/>\n<span class=\"wpcf7-form-control-wrap\" data-name=\"your-email\"><input size=\"40\" maxlength=\"400\" class=\"wpcf7-form-control wpcf7-email wpcf7-validates-as-required wpcf7-text wpcf7-validates-as-email\" autocomplete=\"email\" aria-required=\"true\" aria-invalid=\"false\" value=\"\" type=\"email\" name=\"your-email\" \/><\/span> <\/label>\n<\/p>\n<p><label> Phone number<br \/>\n<span class=\"wpcf7-form-control-wrap\" data-name=\"TelefonNummer\"><input size=\"40\" maxlength=\"400\" class=\"wpcf7-form-control wpcf7-tel wpcf7-validates-as-required wpcf7-text wpcf7-validates-as-tel\" aria-required=\"true\" aria-invalid=\"false\" placeholder=\"\" value=\"\" type=\"tel\" name=\"TelefonNummer\" \/><\/span> <\/label>\n<\/p>\n<p><label> Cover letter<br \/>\n<span class=\"wpcf7-form-control-wrap\" data-name=\"your-message\"><textarea cols=\"40\" rows=\"10\" maxlength=\"2000\" class=\"wpcf7-form-control wpcf7-textarea\" aria-invalid=\"false\" name=\"your-message\"><\/textarea><\/span> <\/label>\n<\/p>\n<p><label> Attachment<br \/>\n<span class=\"wpcf7-form-control-wrap\" data-name=\"Anhang\"><input size=\"40\" class=\"wpcf7-form-control wpcf7-file\" accept=\".jpg,.png,.pdf,.xlss,.docs\" aria-invalid=\"false\" type=\"file\" name=\"Anhang\" \/><\/span> <\/label>\n<\/p>\n<p><span class=\"wpcf7-form-control-wrap\" data-name=\"acceptance-440\"><span class=\"wpcf7-form-control wpcf7-acceptance\"><span class=\"wpcf7-list-item\"><label><input type=\"checkbox\" name=\"acceptance-440\" value=\"1\" aria-invalid=\"false\" \/><span class=\"wpcf7-list-item-label\">I agree that my data will be stored to process my request. <a href=\"https:\/\/sdc-executives.com\/en\/datenschutzerklarung\/\" target=\"_blank\">Privacy Policy.<\/a><\/span><\/label><\/span><\/span><\/span>\n<\/p>\n<p><input class=\"wpcf7-form-control wpcf7-submit has-spinner\" type=\"submit\" value=\"Send\" \/>\n<\/p><div class=\"wpcf7-response-output\" aria-hidden=\"true\"><\/div>\n<input type=\"hidden\" name=\"trp-form-language\" value=\"en\"\/><\/form>\n<\/div>\n\t\t\t\t\t\t\t\t<\/div>\n\t\t\t\t<\/div>\n\t\t\t\t\t<\/div>\n\t\t\t\t<\/div>\n\t\t\t\t<\/div>","protected":false},"excerpt":{"rendered":"<p>Jetzt bewerben Sie m\u00f6chten Ihre Expertise vertiefen, sich mit anderen Experten \u00fcber Trendthemen austauschen, denken kundenorientiert und sind ein Teamplayer? Wir als professionellste und renommierteste Soziet\u00e4t im Interim Markt bieten Ihnen die M\u00f6glichkeit Mitglied zu werden, um Ihre Kompetenzen als Interim Manager\/in oder Berater\/in zu bilden oder zu vertiefen. Wir freuen uns auf Ihre aussagekr\u00e4ftigen Bewerbung (Anschreiben und CV inkl. Lichtbild), um Ihnen weitere Details der SDC in einem pers\u00f6nlichen Gespr\u00e4ch erl\u00e4utern zu k\u00f6nnen.<\/p>","protected":false},"author":1,"featured_media":0,"parent":0,"menu_order":0,"comment_status":"closed","ping_status":"closed","template":"elementor_canvas","meta":{"footnotes":""},"class_list":["post-1172","page","type-page","status-publish","hentry"],"_links":{"self":[{"href":"https:\/\/sdc-executives.com\/en\/wp-json\/wp\/v2\/pages\/1172","targetHints":{"allow":["GET"]}}],"collection":[{"href":"https:\/\/sdc-executives.com\/en\/wp-json\/wp\/v2\/pages"}],"about":[{"href":"https:\/\/sdc-executives.com\/en\/wp-json\/wp\/v2\/types\/page"}],"author":[{"embeddable":true,"href":"https:\/\/sdc-executives.com\/en\/wp-json\/wp\/v2\/users\/1"}],"replies":[{"embeddable":true,"href":"https:\/\/sdc-executives.com\/en\/wp-json\/wp\/v2\/comments?post=1172"}],"version-history":[{"count":10,"href":"https:\/\/sdc-executives.com\/en\/wp-json\/wp\/v2\/pages\/1172\/revisions"}],"predecessor-version":[{"id":3119,"href":"https:\/\/sdc-executives.com\/en\/wp-json\/wp\/v2\/pages\/1172\/revisions\/3119"}],"wp:attachment":[{"href":"https:\/\/sdc-executives.com\/en\/wp-json\/wp\/v2\/media?parent=1172"}],"curies":[{"name":"wp","href":"https:\/\/api.w.org\/{rel}","templated":true}]}}